{"id":736,"date":"2023-01-14T19:17:05","date_gmt":"2023-01-14T19:17:05","guid":{"rendered":"https:\/\/caliweedonlineshop.com\/?post_type=product&#038;p=736"},"modified":"2023-01-16T07:01:30","modified_gmt":"2023-01-16T07:01:30","slug":"white-cherry-gelato-2","status":"publish","type":"product","link":"https:\/\/caliweedonlineshop.com\/fr\/product\/white-cherry-gelato-2\/","title":{"rendered":"white cherry gelato"},"content":{"rendered":"<h1>Acheter White Cherry Gelato en Australie<\/h1>\n<p>Achetez de la glace \u00e0 la cerise blanche en Australie. qui a gagn\u00e9 en popularit\u00e9 ces derni\u00e8res ann\u00e9es. Avec leur odeur et leur go\u00fbt de beurre de cacahu\u00e8te. La plupart des fumeurs ont admir\u00e9 et recommand\u00e9 la vari\u00e9t\u00e9 White Cherry Gelato. Avec un tel go\u00fbt, vous ne serez jamais satisfait de votre dosage. White Cherry Gelato est \u00e9galement une autre excellente vari\u00e9t\u00e9 de la famille Cherry. Il n'est pas exag\u00e9r\u00e9 de dire que c'est l'une des meilleures vari\u00e9t\u00e9s hybrides\/exotiques. Comme son nom l'indique, cette vari\u00e9t\u00e9 a une douce saveur de sorbet qui rappelle toujours le blanc et les myrtilles. Il a \u00e9galement un go\u00fbt bois\u00e9. Achetez White Cherry Gelato en ligne. Achetez des champignons magiques cubains en ligne.<\/p>\n<p>Cette vari\u00e9t\u00e9 provient de la lign\u00e9e de Sunset Sorbet, Thin Mint Girl Scout Cookies et Lemon Haze. Par cons\u00e9quent, leur go\u00fbt et leur odeur sont si vari\u00e9s et d\u00e9licieux. Quelle vari\u00e9t\u00e9 merveilleuse avec tant de belles propri\u00e9t\u00e9s.buyPluto Cookies<\/p>\n<h2>Acheter White Cherry Gelato en Australie<\/h2>\n<p>Achetez de la glace \u00e0 la cerise blanche en Australie. Lorsqu'il est cultiv\u00e9 dans des conditions favorables, un lot de White Cherry Gelato Nuggets produira des verts profonds. Ils s'\u00e9claircissent vers la tige aux extr\u00e9mit\u00e9s et montrent une l\u00e9g\u00e8re trichomisation. White Cherry Gelato a un niveau de THC d'environ 23-25 \u200b\u200b%. Avec des niveaux de THC aussi \u00e9lev\u00e9s, cette vari\u00e9t\u00e9 est connue pour \u00eatre utilis\u00e9e pour r\u00e9soudre de nombreux probl\u00e8mes de sant\u00e9. Ces probl\u00e8mes de sant\u00e9 qui sont r\u00e9solus en fumant Lemon Cherry Gelato comprennent les maux de t\u00eate, les courbatures et la fatigue. Acheter White Runtz \u00e0 Seattle Cela aide \u00e9galement \u00e0 se d\u00e9tendre, \u00e0 se calmer et \u00e0 se d\u00e9tendre lorsque vous l'essayez. acheter des biscuits chapo<\/p>\n<p>Name der Sorte: White Cherry Gelato.<\/p>\n<p>Geschm\u00e4cker: Zitrone, Zitrusfr\u00fcchte, S\u00fc\u00df.<\/p>\n<p>Wirkungen: Gl\u00fccklich, Aufgeputscht, Euphorisch, Energetisch, Entspannend. MoneyBagg Runtz in Dammam kaufen<\/p>\n<p>Usages m\u00e9dicinaux Stress, d\u00e9pression, douleur, fatigue, maux de t\u00eate. Champignon magique Big Mex en ligne aux \u00c9tats-Unis.<\/p>\n<p>Acheter White Cherry Gelato Apr\u00e8s avoir lu tout cela sur cette merveilleuse vari\u00e9t\u00e9, pourquoi ne pas l'essayer ? Oui bien s\u00fbr, jetez un \u0153il aux p\u00e9pites et procurez-vous la v\u00f4tre <a href=\"https:\/\/caliweedonlineshop.com\/fr\/\">Wo kann man in Europa Gras online kaufen<\/a>?<\/p>\n<p>&nbsp;<\/p>\n<p>&nbsp;<\/p>\n<p>&nbsp;<\/p>","protected":false},"excerpt":{"rendered":"<p>Lorsqu'il est cultiv\u00e9 dans des conditions favorables, un lot de White Cherry Gelato produira des bourgeons vert fonc\u00e9. A leurs pointes qui s'\u00e9claircissent vers la tige et une l\u00e9g\u00e8re pollinisation des trichomes. White Cherry Gelato a un niveau de THC d'environ 23-25 \u200b\u200b%. Avec des niveaux de THC aussi \u00e9lev\u00e9s, cette vari\u00e9t\u00e9 est connue pour \u00eatre utilis\u00e9e pour r\u00e9soudre de nombreux probl\u00e8mes de sant\u00e9<\/p>\n<p>&nbsp;<\/p>","protected":false},"featured_media":737,"comment_status":"open","ping_status":"closed","template":"","meta":{"om_disable_all_campaigns":false,"_monsterinsights_skip_tracking":false,"_monsterinsights_sitenote_active":false,"_monsterinsights_sitenote_note":"","_monsterinsights_sitenote_category":0},"product_brand":[],"product_cat":[126,245,351],"product_tag":[],"class_list":{"0":"post-736","1":"product","2":"type-product","3":"status-publish","4":"has-post-thumbnail","6":"product_cat-blumen","7":"product_cat-hybrid-sorten","8":"product_cat-marken-cannabis","10":"first","11":"instock","12":"featured","13":"shipping-taxable","14":"purchasable","15":"product-type-variable"},"_links":{"self":[{"href":"https:\/\/caliweedonlineshop.com\/fr\/wp-json\/wp\/v2\/product\/736","targetHints":{"allow":["GET"]}}],"collection":[{"href":"https:\/\/caliweedonlineshop.com\/fr\/wp-json\/wp\/v2\/product"}],"about":[{"href":"https:\/\/caliweedonlineshop.com\/fr\/wp-json\/wp\/v2\/types\/product"}],"replies":[{"embeddable":true,"href":"https:\/\/caliweedonlineshop.com\/fr\/wp-json\/wp\/v2\/comments?post=736"}],"wp:featuredmedia":[{"embeddable":true,"href":"https:\/\/caliweedonlineshop.com\/fr\/wp-json\/wp\/v2\/media\/737"}],"wp:attachment":[{"href":"https:\/\/caliweedonlineshop.com\/fr\/wp-json\/wp\/v2\/media?parent=736"}],"wp:term":[{"taxonomy":"product_brand","embeddable":true,"href":"https:\/\/caliweedonlineshop.com\/fr\/wp-json\/wp\/v2\/product_brand?post=736"},{"taxonomy":"product_cat","embeddable":true,"href":"https:\/\/caliweedonlineshop.com\/fr\/wp-json\/wp\/v2\/product_cat?post=736"},{"taxonomy":"product_tag","embeddable":true,"href":"https:\/\/caliweedonlineshop.com\/fr\/wp-json\/wp\/v2\/product_tag?post=736"}],"curies":[{"name":"wp","href":"https:\/\/api.w.org\/{rel}","templated":true}]}}