{"id":742,"date":"2023-01-14T19:21:08","date_gmt":"2023-01-14T19:21:08","guid":{"rendered":"https:\/\/caliweedonlineshop.com\/?post_type=product&#038;p=742"},"modified":"2023-01-14T19:21:08","modified_gmt":"2023-01-14T19:21:08","slug":"white-widow","status":"publish","type":"product","link":"https:\/\/caliweedonlineshop.com\/fr\/product\/white-widow\/","title":{"rendered":"White widow"},"content":{"rendered":"<h1>Acheter White Widow en ligne<\/h1>\n<p>Achetez White Widow en ligne. L'une des vari\u00e9t\u00e9s les plus c\u00e9l\u00e8bres au monde est la White Widow, un hybride \u00e9quilibr\u00e9 cr\u00e9\u00e9 pour la premi\u00e8re fois aux Pays-Bas par Green House Seeds. Croisement entre une sativa br\u00e9silienne et une indica r\u00e9sineuse du sud de l'Inde, White Widow a orn\u00e9 les menus de tous les coffeeshops n\u00e9erlandais depuis sa naissance dans les ann\u00e9es 1990. Ses bourgeons sont blancs avec de la r\u00e9sine cristalline, vous avertissant de l'effet puissant qui vous attend. Une puissante bouff\u00e9e d'euphorie<\/p>\n<p>Et l'\u00e9nergie \u00e9clate imm\u00e9diatement, stimulant \u00e0 la fois la conversation et la cr\u00e9ativit\u00e9. La g\u00e9n\u00e9tique White Widow a donn\u00e9 naissance \u00e0 de nombreuses autres l\u00e9gendes telles que White Russian, White Rhino et Blue Widow. Pourtant, de nombreux cultivateurs pr\u00e9f\u00e8rent cultiver la White Widow originale, qui fleurit en 60 jours environ en int\u00e9rieur. acheter de l'herbe en ligne Europe<\/p>\n<h2>Achat en ligne de White Widow<\/h2>\n<p>La souche White Widow a des effets b\u00e9n\u00e9fiques. Tout d'abord, cela cr\u00e9e de l'euphorie.<br \/>\nLe composant chimique THC de la marijuana d\u00e9clenche la lib\u00e9ration de la dopamine, l'hormone du bien-\u00eatre dans le syst\u00e8me de r\u00e9compense du cerveau, ce qui rend les gens se sentent bien et incontr\u00f4lablement heureux.<br \/>\nDeuxi\u00e8mement, la souche procure une relaxation. Elle y parvient en exposant les r\u00e9cepteurs du corps qui traitent le stress, la fatigue mentale et physique \u00e0 des concentrations \u00e9lev\u00e9es de THC et de cannabino\u00efdes, modifiant ainsi l'humeur, clarifiant l'esprit et soulageant les tensions dans le corps. Troisi\u00e8mement, la souche offre un moyen de g\u00e9n\u00e9rer de l'\u00e9nergie. La souche hybride contient des niveaux \u00e9lev\u00e9s de sativa, qui reconstitueront l'\u00e9nergie des utilisateurs et leur permettront de travailler sur diverses activit\u00e9s sans se sentir \u00e9puis\u00e9s. Quatri\u00e8mement, White Window est la vari\u00e9t\u00e9 parfaite pour vous rendre heureux. Lorsqu'un utilisateur l'utilise, on devient facilement heureux, rigolo et adepte des activit\u00e9s sociales. Il \u00e9l\u00e8ve \u00e9galement l'utilisateur en montrant de la tristesse,<br \/>\nLa White Widow a \u00e9galement des effets ind\u00e9sirables. Tout d'abord, cela conduit \u00e0 la bouche s\u00e8che. Avec une consommation continue de la souche, le THC se lie aux r\u00e9cepteurs producteurs de salive dans la bouche et les \u00e9teint.<br \/>\nPar cons\u00e9quent, ils emp\u00eachent les glandes salivaires de produire de la salive, entra\u00eenant une bouche s\u00e8che. Deuxi\u00e8mement, cela conduit \u00e0 la parano\u00efa car la tension alt\u00e8re les sens de l'utilisateur, lui permettant de ressentir et de voir des choses qui n'existent pas mais qui sont le produit de son imagination. Troisi\u00e8mement, les utilisateurs d\u00e9veloppent de l'anxi\u00e9t\u00e9.<br \/>\nPrendre une forte dose de White Widow am\u00e8ne les utilisateurs \u00e0 d\u00e9velopper des tendances effrayantes et des pens\u00e9es n\u00e9gatives qui les effraient. Quatri\u00e8mement, la consommation de cette souche peut provoquer une s\u00e9cheresse des yeux car le tissu du film lacrymal est inactiv\u00e9, ce qui entra\u00eene une s\u00e9cheresse des yeux.<br \/>\nDe plus, la souche provoque des vertiges. Lorsqu'un utilisateur consomme une dose \u00e9lev\u00e9e de cette souche, la pression art\u00e9rielle chute et le flux sanguin vers le cerveau diminue, entra\u00eenant des \u00e9tourdissements.<br \/>\nEn r\u00e9sum\u00e9, la souche de marijuana White Widow est une excellente souche dont la puissance \u00e9lev\u00e9e apporte \u00e0 la fois des avantages m\u00e9dicinaux et positifs. Cependant, il provoque \u00e9galement des effets secondaires.<\/p>","protected":false},"excerpt":{"rendered":"<p>La souche de marijuana White Widow est une excellente souche dont la puissance \u00e9lev\u00e9e apporte \u00e0 la fois des avantages m\u00e9dicinaux et positifs. Cependant, il provoque \u00e9galement des effets secondaires.<\/p>\n<p>&nbsp;<\/p>","protected":false},"featured_media":743,"comment_status":"open","ping_status":"closed","template":"","meta":{"om_disable_all_campaigns":false,"_monsterinsights_skip_tracking":false,"_monsterinsights_sitenote_active":false,"_monsterinsights_sitenote_note":"","_monsterinsights_sitenote_category":0},"product_brand":[],"product_cat":[126,245],"product_tag":[],"class_list":{"0":"post-742","1":"product","2":"type-product","3":"status-publish","4":"has-post-thumbnail","6":"product_cat-blumen","7":"product_cat-hybrid-sorten","9":"first","10":"instock","11":"shipping-taxable","12":"purchasable","13":"product-type-variable"},"_links":{"self":[{"href":"https:\/\/caliweedonlineshop.com\/fr\/wp-json\/wp\/v2\/product\/742","targetHints":{"allow":["GET"]}}],"collection":[{"href":"https:\/\/caliweedonlineshop.com\/fr\/wp-json\/wp\/v2\/product"}],"about":[{"href":"https:\/\/caliweedonlineshop.com\/fr\/wp-json\/wp\/v2\/types\/product"}],"replies":[{"embeddable":true,"href":"https:\/\/caliweedonlineshop.com\/fr\/wp-json\/wp\/v2\/comments?post=742"}],"wp:featuredmedia":[{"embeddable":true,"href":"https:\/\/caliweedonlineshop.com\/fr\/wp-json\/wp\/v2\/media\/743"}],"wp:attachment":[{"href":"https:\/\/caliweedonlineshop.com\/fr\/wp-json\/wp\/v2\/media?parent=742"}],"wp:term":[{"taxonomy":"product_brand","embeddable":true,"href":"https:\/\/caliweedonlineshop.com\/fr\/wp-json\/wp\/v2\/product_brand?post=742"},{"taxonomy":"product_cat","embeddable":true,"href":"https:\/\/caliweedonlineshop.com\/fr\/wp-json\/wp\/v2\/product_cat?post=742"},{"taxonomy":"product_tag","embeddable":true,"href":"https:\/\/caliweedonlineshop.com\/fr\/wp-json\/wp\/v2\/product_tag?post=742"}],"curies":[{"name":"wp","href":"https:\/\/api.w.org\/{rel}","templated":true}]}}