{"id":748,"date":"2023-01-14T19:24:15","date_gmt":"2023-01-14T19:24:15","guid":{"rendered":"https:\/\/caliweedonlineshop.com\/?post_type=product&#038;p=748"},"modified":"2026-04-02T04:39:44","modified_gmt":"2026-04-02T04:39:44","slug":"your-highness","status":"publish","type":"product","link":"https:\/\/caliweedonlineshop.com\/fr\/product\/your-highness\/","title":{"rendered":"your highness"},"content":{"rendered":"<h1>Achetez la vari\u00e9t\u00e9 de marijuana de Son Altesse en G\u00e9orgie<\/h1>\n<p>Achetez la souche de marijuana Votre Altesse en G\u00e9orgie. Royal Highness est une vari\u00e9t\u00e9 prim\u00e9e de Royal Queen Seeds, l'aboutissement de deux vari\u00e9t\u00e9s tr\u00e8s recherch\u00e9es. Elle balaie la pi\u00e8ce avec un high c\u00e9r\u00e9bral, d\u00e9livrant des saveurs si brillantes que vous en aurez envie entre les bouff\u00e9es. Cet hybride \u00e0 dominance sativa, qui a pris la 3e place de la comp\u00e9tition Colorado Cannabis Cup 2016 pour la meilleure fleur CBD, est tout aussi puissant et puissant que ses parents embl\u00e9matiques, Dance Hall et Respect. Achetez des champignons magiques cubains en ligne.<\/p>\n<p>Avec une teneur en THC d'environ 14 %, ce high est \u00e9quilibr\u00e9 entre ses qualit\u00e9s relaxantes et sa capacit\u00e9 \u00e0 stimuler l'esprit. Ces p\u00e9pites vert for\u00eat offrent une douce odeur de fruits et de terre avec un l\u00e9ger soup\u00e7on de skunk, tandis que le palais repose davantage sur les saveurs de myrtille avec des nuances de fruits d'arbres sucr\u00e9s. Les riches nuances violettes et le gla\u00e7age complet des trichomes de lavande donnent \u00e0 ce bourgeon un aspect aussi fruit\u00e9 qu'il sent.acheter Lpsc X Km 24<\/p>\n<h2>Achetez la vari\u00e9t\u00e9 de marijuana de Son Altesse en G\u00e9orgie<\/h2>","protected":false},"excerpt":{"rendered":"<p>Royal Highness est une t\u00eate prim\u00e9e de Royal Queen Seeds qui balaie la pi\u00e8ce avec un high c\u00e9r\u00e9bral, offrant des saveurs si brillantes que vous en aurez envie entre les bouff\u00e9es.<\/p>\n<p>&nbsp;<\/p>","protected":false},"featured_media":749,"comment_status":"open","ping_status":"closed","template":"","meta":{"om_disable_all_campaigns":false,"_monsterinsights_skip_tracking":false,"_monsterinsights_sitenote_active":false,"_monsterinsights_sitenote_note":"","_monsterinsights_sitenote_category":0},"product_brand":[],"product_cat":[126,245,351],"product_tag":[202,343,344,347,348,349,350,345,346],"class_list":{"0":"post-748","1":"product","2":"type-product","3":"status-publish","4":"has-post-thumbnail","6":"product_cat-blumen","7":"product_cat-hybrid-sorten","8":"product_cat-marken-cannabis","9":"product_tag-alice-brownies-online-kaufen-in-new-york","10":"product_tag-banana-kush-online-kaufen-in-los-angeles","11":"product_tag-kaufen-banana-kush-online-in-philadelphia","12":"product_tag-kaufen-sie-ihre-hoheit-in-deutschland","13":"product_tag-kaufen-sie-ihre-hoheit-in-polen","14":"product_tag-kaufen-sie-ihre-hoheit-in-spanien","15":"product_tag-kaufen-sie-ihre-hoheit-in-stockton","16":"product_tag-kaufen-sie-your-highness-in-europa","17":"product_tag-kaufen-sie-your-highness-in-frankreich","19":"first","20":"instock","21":"featured","22":"shipping-taxable","23":"purchasable","24":"product-type-variable"},"_links":{"self":[{"href":"https:\/\/caliweedonlineshop.com\/fr\/wp-json\/wp\/v2\/product\/748","targetHints":{"allow":["GET"]}}],"collection":[{"href":"https:\/\/caliweedonlineshop.com\/fr\/wp-json\/wp\/v2\/product"}],"about":[{"href":"https:\/\/caliweedonlineshop.com\/fr\/wp-json\/wp\/v2\/types\/product"}],"replies":[{"embeddable":true,"href":"https:\/\/caliweedonlineshop.com\/fr\/wp-json\/wp\/v2\/comments?post=748"}],"wp:featuredmedia":[{"embeddable":true,"href":"https:\/\/caliweedonlineshop.com\/fr\/wp-json\/wp\/v2\/media\/749"}],"wp:attachment":[{"href":"https:\/\/caliweedonlineshop.com\/fr\/wp-json\/wp\/v2\/media?parent=748"}],"wp:term":[{"taxonomy":"product_brand","embeddable":true,"href":"https:\/\/caliweedonlineshop.com\/fr\/wp-json\/wp\/v2\/product_brand?post=748"},{"taxonomy":"product_cat","embeddable":true,"href":"https:\/\/caliweedonlineshop.com\/fr\/wp-json\/wp\/v2\/product_cat?post=748"},{"taxonomy":"product_tag","embeddable":true,"href":"https:\/\/caliweedonlineshop.com\/fr\/wp-json\/wp\/v2\/product_tag?post=748"}],"curies":[{"name":"wp","href":"https:\/\/api.w.org\/{rel}","templated":true}]}}