{"id":777,"date":"2023-01-16T07:37:57","date_gmt":"2023-01-16T07:37:57","guid":{"rendered":"https:\/\/caliweedonlineshop.com\/?post_type=product&#038;p=777"},"modified":"2023-01-16T07:37:58","modified_gmt":"2023-01-16T07:37:58","slug":"orangenkekse-jungleboys-kaufen","status":"publish","type":"product","link":"https:\/\/caliweedonlineshop.com\/fr\/product\/orangenkekse-jungleboys-kaufen\/","title":{"rendered":"Orangenkekse Jungleboys kaufen"},"content":{"rendered":"","protected":false},"excerpt":{"rendered":"<p>Apr\u00e8s plus d'une d\u00e9cennie de culture de cannabis, la seule chose qui a chang\u00e9 est l'installation dans laquelle nous cultivons. Cultivateurs pur-sang de Los Angeles, les Jungle Boys cultivent des t\u00eates propres et de qualit\u00e9 depuis le d\u00e9but des ann\u00e9es 2000 et se sont r\u00e9cemment \u00e9tendus aux extraits et \u00e0 la colophane.<\/p>","protected":false},"featured_media":778,"comment_status":"open","ping_status":"closed","template":"","meta":{"om_disable_all_campaigns":false,"_monsterinsights_skip_tracking":false,"_monsterinsights_sitenote_active":false,"_monsterinsights_sitenote_note":"","_monsterinsights_sitenote_category":0},"product_brand":[],"product_cat":[126,352],"product_tag":[],"class_list":{"0":"post-777","1":"product","2":"type-product","3":"status-publish","4":"has-post-thumbnail","6":"product_cat-blumen","7":"product_cat-dschungeljungen","9":"first","10":"instock","11":"shipping-taxable","12":"purchasable","13":"product-type-simple"},"_links":{"self":[{"href":"https:\/\/caliweedonlineshop.com\/fr\/wp-json\/wp\/v2\/product\/777","targetHints":{"allow":["GET"]}}],"collection":[{"href":"https:\/\/caliweedonlineshop.com\/fr\/wp-json\/wp\/v2\/product"}],"about":[{"href":"https:\/\/caliweedonlineshop.com\/fr\/wp-json\/wp\/v2\/types\/product"}],"replies":[{"embeddable":true,"href":"https:\/\/caliweedonlineshop.com\/fr\/wp-json\/wp\/v2\/comments?post=777"}],"wp:featuredmedia":[{"embeddable":true,"href":"https:\/\/caliweedonlineshop.com\/fr\/wp-json\/wp\/v2\/media\/778"}],"wp:attachment":[{"href":"https:\/\/caliweedonlineshop.com\/fr\/wp-json\/wp\/v2\/media?parent=777"}],"wp:term":[{"taxonomy":"product_brand","embeddable":true,"href":"https:\/\/caliweedonlineshop.com\/fr\/wp-json\/wp\/v2\/product_brand?post=777"},{"taxonomy":"product_cat","embeddable":true,"href":"https:\/\/caliweedonlineshop.com\/fr\/wp-json\/wp\/v2\/product_cat?post=777"},{"taxonomy":"product_tag","embeddable":true,"href":"https:\/\/caliweedonlineshop.com\/fr\/wp-json\/wp\/v2\/product_tag?post=777"}],"curies":[{"name":"wp","href":"https:\/\/api.w.org\/{rel}","templated":true}]}}