{"id":78,"date":"2022-11-30T13:44:02","date_gmt":"2022-11-30T13:44:02","guid":{"rendered":"https:\/\/caliweedonlineshop.com\/?post_type=product&#038;p=78"},"modified":"2022-11-30T13:44:22","modified_gmt":"2022-11-30T13:44:22","slug":"bubba-kush","status":"publish","type":"product","link":"https:\/\/caliweedonlineshop.com\/fr\/product\/bubba-kush\/","title":{"rendered":"BUBBA KUSH"},"content":{"rendered":"<p>bubba kush est une vari\u00e9t\u00e9 indica connue pour ses puissants effets s\u00e9datifs aux \u00c9tats-Unis et ailleurs. \u00c0 l'expiration, de douces saveurs de haschisch avec de subtiles notes de chocolat et de caf\u00e9 ravissent le palais alors qu'une puissante relaxation prend le dessus. Les muscles se d\u00e9tendent avec une lourdeur de la t\u00eate aux pieds alors qu'une euphorie r\u00eaveuse recouvre l'esprit, \u00e9crasant le stress tout en contraignant les humeurs heureuses. Commander le prix de bubba kush maintenant<\/p>\n<p>La stature trapue de la plante et la structure des bourgeons volumineux de Bubba indiquent une ascendance afghane, mais les origines g\u00e9n\u00e9tiques sont inconnues. Selon l'\u00e9leveur qui a donn\u00e9 son nom \u00e0 cette vari\u00e9t\u00e9, elle est apparue peu apr\u00e8s 1996, lorsqu'un hybride OG Kush a pollinis\u00e9 une vari\u00e9t\u00e9 indica inconnue obtenue \u00e0 la Nouvelle-Orl\u00e9ans. On disait que Northern Lights \u00e9tait la plante m\u00e8re, mais l'indica g\u00e9n\u00e9tiquement ambigu\u00eb s'appelait simplement \u00ab Bubba \u00bb. le prix bubba kush \u00e9tait abordable<\/p>\n<p>L'histoire g\u00e9n\u00e9tique de cette vari\u00e9t\u00e9 remonte aux montagnes de l'Hindu Kush, mais son histoire compl\u00e8te est presque inconnue en raison d'une documentation m\u00e9diocre. C'est 100 % indica, vous pouvez vous attendre \u00e0 un high corporel relaxant qui vous clouera au canap\u00e9. De nombreux patients pr\u00e9f\u00e8rent cette souche car elle peut aider \u00e0 lutter contre l'insomnie, la d\u00e9pression, le stress et\/ou le TDA\/TDAH.<\/p>\n<p>Bubba Kush, \u00e9galement connue sous le nom de \u00ab BK \u00bb, \u00ab Bubba \u00bb et \u00ab Bubba OG Kush \u00bb, est une vari\u00e9t\u00e9 de marijuana indica qui a acquis une notori\u00e9t\u00e9 aux \u00c9tats-Unis et au-del\u00e0 pour ses puissants effets tranquillisants. Des saveurs sucr\u00e9es de haschich avec des notes subtiles de chocolat et de caf\u00e9 se d\u00e9gagent \u00e0 l'expiration, ravissant le palais alors qu'une puissante relaxation prend le dessus. De la t\u00eate aux pieds, les muscles se d\u00e9tendent avec lourdeur alors qu'une euphorie r\u00eaveuse recouvre l'esprit, \u00e9crasant le stress tout en apportant une bonne humeur. Bubba Kush pr\u00e9sente une structure de bourgeons volumineuse et distinctive avec des teintes allant du vert for\u00eat au violet p\u00e2le.<\/p>","protected":false},"excerpt":{"rendered":"<p>Si vous cherchez une fum\u00e9e douce qui vous d\u00e9tendra, bubba kush est la vari\u00e9t\u00e9 qu'il vous faut, le prix de bubba kush est abordable pour tous. L'histoire g\u00e9n\u00e9tique de cette vari\u00e9t\u00e9 remonte aux montagnes de l'Hindu Kush, mais son histoire compl\u00e8te est presque inconnue en raison d'une documentation m\u00e9diocre. c'est 100 pour cent indica, vous pouvez vous attendre \u00e0 un high corporel relaxant qui vous clouera au canap\u00e9. De nombreux patients pr\u00e9f\u00e8rent cette vari\u00e9t\u00e9 car le prix de la bubba kush est abordable, elle peut aider \u00e0 lutter contre l'insomnie, la d\u00e9pression, le stress et\/ou le TDA\/TDAH. Bien qu'il puisse aider avec une vari\u00e9t\u00e9 de maux, il n'est pas recommand\u00e9 de l'utiliser pendant la journ\u00e9e, sauf si vous pr\u00e9voyez de dormir toute la journ\u00e9e. Lorsque vous la fumez, vous serez accueilli avec une saveur terreuse et sucr\u00e9e, ainsi qu'un parfum de pin. il a des bourgeons verts et violets brillants couverts de poils ambr\u00e9s. En raison de l'abondance de trichomes,<\/p>","protected":false},"featured_media":79,"comment_status":"open","ping_status":"closed","template":"","meta":{"om_disable_all_campaigns":false,"_monsterinsights_skip_tracking":false,"_monsterinsights_sitenote_active":false,"_monsterinsights_sitenote_note":"","_monsterinsights_sitenote_category":0},"product_brand":[],"product_cat":[21],"product_tag":[22,23,24,25,26,27,28,29,30,31,32,33,34,35,36,37,38,39,40,41,42,43,44,45,46,47,48,49,50,51,52,53,54,55,56,57,58,59,60,61,62,63,64],"class_list":{"0":"post-78","1":"product","2":"type-product","3":"status-publish","4":"has-post-thumbnail","6":"product_cat-indica-strains","7":"product_tag-american-weed-shop-uk-delivery","8":"product_tag-best-bubba-strains","9":"product_tag-bubba-kush-37","10":"product_tag-bubba-kush-cbd","11":"product_tag-bubba-kush-delta-8","12":"product_tag-bubba-kush-near-me","13":"product_tag-bubba-kush-og","14":"product_tag-bubba-kush-pictures","15":"product_tag-bubba-kush-price","16":"product_tag-bubba-kush-price-per-ounce","17":"product_tag-bubba-kush-seedsman","18":"product_tag-buy-weed-online-in-britain","19":"product_tag-buy-weed-online-in-croatia","20":"product_tag-buy-weed-online-in-european-union","21":"product_tag-buy-weed-uk","22":"product_tag-cannabis-delivery-service-uk","23":"product_tag-cannabis-delivery-uk","24":"product_tag-cannabis-for-sale-uk","25":"product_tag-cannabis-for-sale-uk-delivery","26":"product_tag-cannabis-online-uk","27":"product_tag-cannabis-uk-delivery","28":"product_tag-g4-strain","29":"product_tag-get-medical-cannabis-online-uk","30":"product_tag-gg14-strain","31":"product_tag-how-many-bubba-strains-are-there","32":"product_tag-how-much-is-a-quarter-of-bubba-kush","33":"product_tag-marijuana-uk-buy","34":"product_tag-medical-cannabis-uk-delivery","35":"product_tag-order-cannabis-online-in-china","36":"product_tag-order-marijuana-online-uk","37":"product_tag-order-weed-online-in-australia","38":"product_tag-order-weed-online-in-denmark","39":"product_tag-order-weed-online-uk","40":"product_tag-platinum-bubba-kush","41":"product_tag-platinum-bubba-strain","42":"product_tag-platinum-kush-strain","43":"product_tag-purchase-weed-online-in-belgium","44":"product_tag-weed-delivery-uk","45":"product_tag-weed-for-sale-uk","46":"product_tag-weed-online-uk","47":"product_tag-weed-shop-london-uk","48":"product_tag-weed-shop-online-uk","49":"product_tag-weed-shop-uk","51":"first","52":"instock","53":"sale","54":"shipping-taxable","55":"purchasable","56":"product-type-simple"},"_links":{"self":[{"href":"https:\/\/caliweedonlineshop.com\/fr\/wp-json\/wp\/v2\/product\/78","targetHints":{"allow":["GET"]}}],"collection":[{"href":"https:\/\/caliweedonlineshop.com\/fr\/wp-json\/wp\/v2\/product"}],"about":[{"href":"https:\/\/caliweedonlineshop.com\/fr\/wp-json\/wp\/v2\/types\/product"}],"replies":[{"embeddable":true,"href":"https:\/\/caliweedonlineshop.com\/fr\/wp-json\/wp\/v2\/comments?post=78"}],"wp:featuredmedia":[{"embeddable":true,"href":"https:\/\/caliweedonlineshop.com\/fr\/wp-json\/wp\/v2\/media\/79"}],"wp:attachment":[{"href":"https:\/\/caliweedonlineshop.com\/fr\/wp-json\/wp\/v2\/media?parent=78"}],"wp:term":[{"taxonomy":"product_brand","embeddable":true,"href":"https:\/\/caliweedonlineshop.com\/fr\/wp-json\/wp\/v2\/product_brand?post=78"},{"taxonomy":"product_cat","embeddable":true,"href":"https:\/\/caliweedonlineshop.com\/fr\/wp-json\/wp\/v2\/product_cat?post=78"},{"taxonomy":"product_tag","embeddable":true,"href":"https:\/\/caliweedonlineshop.com\/fr\/wp-json\/wp\/v2\/product_tag?post=78"}],"curies":[{"name":"wp","href":"https:\/\/api.w.org\/{rel}","templated":true}]}}