{"id":781,"date":"2023-01-16T07:55:30","date_gmt":"2023-01-16T07:55:30","guid":{"rendered":"https:\/\/caliweedonlineshop.com\/?post_type=product&#038;p=781"},"modified":"2023-01-16T07:55:31","modified_gmt":"2023-01-16T07:55:31","slug":"la-kush-cake-jungleboy-bestellen","status":"publish","type":"product","link":"https:\/\/caliweedonlineshop.com\/fr\/product\/la-kush-cake-jungleboy-bestellen\/","title":{"rendered":"LA Kush Cake Jungleboy bestellen"},"content":{"rendered":"<h1>Commander LA Kush Cake Jungleboy au Delaware<\/h1>\n<p>Commandez LA Kush Cake Jungleboys dans le Delaware. Jungleboys Dispensary Near Me Buy LA Kush Cake Jungleboys Apr\u00e8s plus d'une d\u00e9cennie de culture de cannabis, la seule chose qui a chang\u00e9 est l'installation dans laquelle nous cultivons. Fermiers de race pure de Los Angeles, les Jungleboys cultivent des t\u00eates propres et de haute qualit\u00e9 depuis le d\u00e9but des ann\u00e9es 2000 et se sont r\u00e9cemment sp\u00e9cialis\u00e9s dans les extraits et la colophane. Notre mission est simple : rechercher et affiner le cannabis gr\u00e2ce \u00e0 des pratiques artisanales qui respectent et honorent la plante. Gr\u00e2ce \u00e0 cette m\u00e9thode simple, nous sommes en mesure de fournir \u00e0 nos patients les m\u00e9dicaments qu'ils m\u00e9ritent et dont ils peuvent profiter. Commandez LA Kush Cake Jungleboys dans le Delaware Achetez Florida Cake Jungleboys.<\/p>\n<p>Jungle Cake, parfois appel\u00e9e CAKE (les noms sont litt\u00e9ralement interchangeables), est une vari\u00e9t\u00e9 de marijuana douce et pierreuse avec un nom qui correspond \u00e0 son effet \u00e9l\u00e9vateur et \u00e0 son profil de saveur savoureux. Acheter Florida Cake Jungle Boys. Acheter MoneyBagg Runtz<br \/>\nTout d'abord, les consommateurs de cannabis adorent la jungle pie pour sa capacit\u00e9 \u00e0 transformer des moments aigres en quelque chose de beau, car les capacit\u00e9s de cette vari\u00e9t\u00e9 \u00e0 modifier l'humeur sont puissantes, tout comme ses capacit\u00e9s \u00e0 gu\u00e9rir le corps. Elle agit comme un m\u00e9dicament \u00e9quilibr\u00e9, id\u00e9al surtout le soir ou plus tard, apr\u00e8s le travail, lorsque cette vari\u00e9t\u00e9 de cannabis hybride peut briller \u00e0 son meilleur. Acheter des graines d'Afghan Kush en ligne<\/p>\n<p>La cr\u00e9ation sp\u00e9cifique de cette race a \u00e9galement \u00e9t\u00e9 la modification d'un favori des fans, Girl Scout Cookies. jungle cake jungleboys livraison achat jungle cake jungleboys commander Florida Cake Jungleboys. Commander LA Kush Cake Jungleboys au Delaware<\/p>\n<p>Dispensaire Jungleboys pr\u00e8s de chez moi. Acheter Peach Kobbler Runtz<\/p>\n<p>Je recommanderais de consommer Gelato #33 apr\u00e8s le travail car cette vari\u00e9t\u00e9 d\u00e9tend votre corps mais votre cerveau peut ralentir un peu lorsqu'il est m\u00e9dicament\u00e9. Je ne recommanderais pas cette souche si vous avez des choses importantes \u00e0 votre agenda, mais cette souche apporte un sentiment de positivit\u00e9, ce qui la rend id\u00e9ale pour les films comiques, les com\u00e9dies de stand-up ou avec des amis proches qui ne prennent pas la responsabilit\u00e9 de il a la nuit Acheter Florida Cake Jungle Boys<\/p>","protected":false},"excerpt":{"rendered":"<p>Jungle Cake, parfois appel\u00e9e CAKE (les noms sont litt\u00e9ralement interchangeables), est une vari\u00e9t\u00e9 de marijuana douce et pierreuse avec un nom qui correspond \u00e0 ses effets \u00e9l\u00e9vateurs et \u00e0 son profil de saveur savoureux.<\/p>\n<p>&nbsp;<\/p>","protected":false},"featured_media":782,"comment_status":"open","ping_status":"closed","template":"","meta":{"om_disable_all_campaigns":false,"_monsterinsights_skip_tracking":false,"_monsterinsights_sitenote_active":false,"_monsterinsights_sitenote_note":"","_monsterinsights_sitenote_category":0},"product_brand":[],"product_cat":[126,352],"product_tag":[],"class_list":{"0":"post-781","1":"product","2":"type-product","3":"status-publish","4":"has-post-thumbnail","6":"product_cat-blumen","7":"product_cat-dschungeljungen","9":"first","10":"instock","11":"shipping-taxable","12":"purchasable","13":"product-type-simple"},"_links":{"self":[{"href":"https:\/\/caliweedonlineshop.com\/fr\/wp-json\/wp\/v2\/product\/781","targetHints":{"allow":["GET"]}}],"collection":[{"href":"https:\/\/caliweedonlineshop.com\/fr\/wp-json\/wp\/v2\/product"}],"about":[{"href":"https:\/\/caliweedonlineshop.com\/fr\/wp-json\/wp\/v2\/types\/product"}],"replies":[{"embeddable":true,"href":"https:\/\/caliweedonlineshop.com\/fr\/wp-json\/wp\/v2\/comments?post=781"}],"wp:featuredmedia":[{"embeddable":true,"href":"https:\/\/caliweedonlineshop.com\/fr\/wp-json\/wp\/v2\/media\/782"}],"wp:attachment":[{"href":"https:\/\/caliweedonlineshop.com\/fr\/wp-json\/wp\/v2\/media?parent=781"}],"wp:term":[{"taxonomy":"product_brand","embeddable":true,"href":"https:\/\/caliweedonlineshop.com\/fr\/wp-json\/wp\/v2\/product_brand?post=781"},{"taxonomy":"product_cat","embeddable":true,"href":"https:\/\/caliweedonlineshop.com\/fr\/wp-json\/wp\/v2\/product_cat?post=781"},{"taxonomy":"product_tag","embeddable":true,"href":"https:\/\/caliweedonlineshop.com\/fr\/wp-json\/wp\/v2\/product_tag?post=781"}],"curies":[{"name":"wp","href":"https:\/\/api.w.org\/{rel}","templated":true}]}}