{"id":794,"date":"2023-01-16T08:15:02","date_gmt":"2023-01-16T08:15:02","guid":{"rendered":"https:\/\/caliweedonlineshop.com\/?post_type=product&#038;p=794"},"modified":"2023-01-16T08:15:35","modified_gmt":"2023-01-16T08:15:35","slug":"kurupt-moon-rock","status":"publish","type":"product","link":"https:\/\/caliweedonlineshop.com\/fr\/product\/kurupt-moon-rock\/","title":{"rendered":"Kurupt Moon Rock"},"content":{"rendered":"<h1>Acheter Moonrocks en ligne Europe<\/h1>\n<p>Acheter Moonrocks en ligne Europe, un type de marijuana, ne provient pas d'une souche sp\u00e9cifique de cannabis, mais est une combinaison d'une puissante souche de cannabis connue sous le nom de Girl Scout Cookies qui est tremp\u00e9e dans de l'huile de hasch et saupoudr\u00e9e de kief (r\u00e9sines de plantes de cannabis). Cela conduit \u00e0 une augmentation spectaculaire de l'ingr\u00e9dient actif du cannabis, le delta-9-t\u00e9trahydrocannabinol (THC). Acheter Moonrocks en ligne Europe. Acheter Gruntz dans le Connecticut<\/p>\n<p>Selon la Substance Abuse and Mental Health Services Administration (SAMHSA), le terme moonrocks peut aussi. Il fait r\u00e9f\u00e9rence \u00e0 une gamme de cannabino\u00efdes synth\u00e9tiques. Produits chimiques fabriqu\u00e9s en laboratoire qui sont pulv\u00e9ris\u00e9s sur du mat\u00e9riel v\u00e9g\u00e9tal et destin\u00e9s \u00e0 \u00eatre fum\u00e9s. Comme alternatives l\u00e9gales aux produits \u00e0 base de marijuana. ACHETER DES PACKS JUNGLEBOYS EN LIGNE \u00e0 Hawa\u00ef<\/p>\n<p>Achetez des pierres de lune en ligne en Allemagne. Acheter de la cire de cannabis en ligne Vendre de la marijuana en Angleterre acheter de l'herbe \u00e0 Berlin. acheter des pierres de lune Achetez OG Kush en ligne. Acheter des biscuits Pluto en ligne<\/p>\n<h2>Acheter Moonrocks en ligne Europe<\/h2>\n<p>Les deux substances sont potentiellement dangereuses. L'inhalation de Moon Rocks produit une saveur de kief extr\u00eamement agr\u00e9able et riche en terp\u00e8nes qui vous fera dire : \"Woooo, c'est d\u00e9licieux.\" Les nuages \u200b\u200bde fum\u00e9e produits sont super gros et pleins, faisant de chaque bouff\u00e9e presque une exp\u00e9rience \u00e0 part enti\u00e8re. Acheter une tarte aux cerises<\/p>\n<p>Et l'ivresse ? Oh mon pote, oh mon pote, ne me lance m\u00eame pas sur le haut. Le high de Moon Rocks commence dans la t\u00eate et finit par se propager dans tout le corps jusqu'aux orteils. Le high de Moon Rocks est l'un de ces hauts lents que vous ressentez certainement au d\u00e9but, mais 30 minutes plus tard, vous r\u00e9alisez que vous avez atteint un sommet de montagne que vous n'\u00e9tiez peut-\u00eatre pas pr\u00eat \u00e0 gravir. J'ai fum\u00e9 mon gramme de Moon Rocks vers 17h et quand je me suis r\u00e9veill\u00e9 \u00e0 7h le lendemain matin j'\u00e9tais toujours sur Mars en attendant le train de retour vers la Terre. Achetez des pierres de lune en ligne en Allemagne. Acheter de la cire de cannabis en ligne Marijuana \u00e0 vendre en Angleterre.<\/p>\n<h3>Bien que les Moon Rocks soient g\u00e9n\u00e9ralement fabriqu\u00e9s avec de la fleur GSC et\/ou du concentr\u00e9 GSC, vous pouvez cr\u00e9er vos propres Moon Rocks comme bon vous semble. Tout ce dont vous avez besoin est ce qui suit :<\/h3>\n<p>Votre souche\/fleur pr\u00e9f\u00e9r\u00e9e<br \/>\nVotre concentr\u00e9\/huile de hasch pr\u00e9f\u00e9r\u00e9<br \/>\nUn grand bol de kief du fond de votre grinder<br \/>\nUne paire de pinces (ou tout dispositif de pr\u00e9hension\/traction). Acheter Moonrocks en ligne Europe<br \/>\nUn compte-gouttes liquide<br \/>\n\u00c9tape 1 : Prenez un bourgeon ou deux de vos bourgeons\/fleurs pr\u00e9f\u00e9r\u00e9s. Je sugg\u00e8re d'utiliser l'un des bourgeons les plus denses car il tiendra mieux le cocktail de cannabis final. \u00c9tape 2 : Prenez votre concentr\u00e9 pr\u00e9f\u00e9r\u00e9. S'il est tr\u00e8s \u00e9pais et difficile \u00e0 manipuler, chauffez-le jusqu'\u00e0 ce qu'il soit un peu liquide, puis utilisez un dripper qui vous permettra de recouvrir compl\u00e8tement votre t\u00eate sans avoir \u00e0 la plonger dans le concentr\u00e9. (Une sursaturation de vos t\u00eates pourrait entra\u00eener des temps de s\u00e9chage plus longs et des difficult\u00e9s d'\u00e9clairage). Acheter Moonrocks en ligne Europe \u00c9tape 3 : Saisissez le bourgeon avec les pinces et roulez-le dans du kief jusqu'\u00e0 ce que toute la p\u00e9pite soit recouverte de bont\u00e9 cristalline.<\/p>","protected":false},"excerpt":{"rendered":"<p>Achetez des pierres lunaires en ligne, Dr. Zodiak moonrock stem de la pharmacie est le bourgeon le plus fort que vous trouverez jamais dans votre galaxie, achetez Zodiak moonrock clear. \u2026.o\u00f9 acheter des moonrocks en ligne en Irlande.o\u00f9 acheter des moonrocks en ligne en allemagne.<\/p>\n<p>&nbsp;<\/p>","protected":false},"featured_media":795,"comment_status":"open","ping_status":"closed","template":"","meta":{"om_disable_all_campaigns":false,"_monsterinsights_skip_tracking":false,"_monsterinsights_sitenote_active":false,"_monsterinsights_sitenote_note":"","_monsterinsights_sitenote_category":0},"product_brand":[],"product_cat":[363],"product_tag":[],"class_list":{"0":"post-794","1":"product","2":"type-product","3":"status-publish","4":"has-post-thumbnail","6":"product_cat-moonrock-prerolls","8":"first","9":"instock","10":"shipping-taxable","11":"purchasable","12":"product-type-simple"},"_links":{"self":[{"href":"https:\/\/caliweedonlineshop.com\/fr\/wp-json\/wp\/v2\/product\/794","targetHints":{"allow":["GET"]}}],"collection":[{"href":"https:\/\/caliweedonlineshop.com\/fr\/wp-json\/wp\/v2\/product"}],"about":[{"href":"https:\/\/caliweedonlineshop.com\/fr\/wp-json\/wp\/v2\/types\/product"}],"replies":[{"embeddable":true,"href":"https:\/\/caliweedonlineshop.com\/fr\/wp-json\/wp\/v2\/comments?post=794"}],"wp:featuredmedia":[{"embeddable":true,"href":"https:\/\/caliweedonlineshop.com\/fr\/wp-json\/wp\/v2\/media\/795"}],"wp:attachment":[{"href":"https:\/\/caliweedonlineshop.com\/fr\/wp-json\/wp\/v2\/media?parent=794"}],"wp:term":[{"taxonomy":"product_brand","embeddable":true,"href":"https:\/\/caliweedonlineshop.com\/fr\/wp-json\/wp\/v2\/product_brand?post=794"},{"taxonomy":"product_cat","embeddable":true,"href":"https:\/\/caliweedonlineshop.com\/fr\/wp-json\/wp\/v2\/product_cat?post=794"},{"taxonomy":"product_tag","embeddable":true,"href":"https:\/\/caliweedonlineshop.com\/fr\/wp-json\/wp\/v2\/product_tag?post=794"}],"curies":[{"name":"wp","href":"https:\/\/api.w.org\/{rel}","templated":true}]}}