{"id":796,"date":"2023-01-16T10:19:49","date_gmt":"2023-01-16T10:19:49","guid":{"rendered":"https:\/\/caliweedonlineshop.com\/?post_type=product&#038;p=796"},"modified":"2023-01-16T10:19:49","modified_gmt":"2023-01-16T10:19:49","slug":"moonrocks","status":"publish","type":"product","link":"https:\/\/caliweedonlineshop.com\/fr\/product\/moonrocks\/","title":{"rendered":"Roches de lune"},"content":{"rendered":"<h1>Acheter Moonrock en Australie<\/h1>\n<p>Acheter Moonrock en Australie Avez-vous d\u00e9j\u00e0 \u00e9t\u00e9 si haut que vous ne pouviez pas sentir vos sourcils m\u00eame si vous les touchiez ? Sinon, essayez de fumer Moon Rocks et je vous garantis que vous r\u00e9ussirez. Je l'ai r\u00e9cemment fum\u00e9 pour la premi\u00e8re fois et deux mois plus tard, je suis toujours incapable de reconna\u00eetre les traits de mon visage. (\u00c7a vaut le coup, d'ailleurs.)<\/p>\n<p>Gr\u00e2ce \u00e0 ce processus, le produit atteint une teneur en THC de 51,2 %. A petites doses, il soulage la douleur, stimule l'app\u00e9tit et diminue les naus\u00e9es.<\/p>\n<h2>Acheter Moonrock en Australie<\/h2>\n<p>Pour la meilleure saveur et la meilleure fum\u00e9e, les filles de Kush N Wax recommandent d'utiliser un bol ou une pipe \u00e0 hasch et de ne pas broyer les bourgeons avec un broyeur car vous perdrez la majeure partie du kif dans le processus.<br \/>\nLe prix d'un gramme de marijuana peut sembler \u00e9lev\u00e9, mais la qualit\u00e9 du produit parle d'elle-m\u00eame. Snoop Dogg lui-m\u00eame peut \u00eatre vu donner son avis d'expert sur le cannabis de son membre Dog Pound.<\/p>\n<p>jour | Acheter du clair de lune en ligne, acheter du clair de lune en ligne, acheter du clair de lune, o\u00f9 acheter du clair de lune en ligne, comment acheter du clair de lune en ligne. Acheter de l'herbe en ligne<\/p>\n<p>Que sont les roches lunaires ?<br \/>\nLes Moon Rocks ne sont pas vraiment un type de vari\u00e9t\u00e9 de marijuana, mais plut\u00f4t une fa\u00e7on de consommer du cannabis. En r\u00e8gle g\u00e9n\u00e9rale, ce sont des p\u00e9pites de la vari\u00e9t\u00e9 de marijuana Girl Scout Cookies, tremp\u00e9es dans de l'huile de hasch puis saupoudr\u00e9es de kef. Moon Rocks \u00e0 vendre<\/p>\n<p>Si vous avez d\u00e9j\u00e0 tremp\u00e9 des cornets de cr\u00e8me glac\u00e9e dans du chocolat et les avez recouverts de p\u00e9pites, alors vous savez exactement ce qu'est Moon Rocks. Lorsque vous combinez la consommation de pierres de lune avec des cornets de cr\u00e8me glac\u00e9e, c'est s\u00fbr que c'est d\u00e9licieux.<\/p>\n<p>Promenez-vous sur la lune<br \/>\nQuelques c\u00e9l\u00e9brit\u00e9s ont d\u00e9pos\u00e9 leurs propres herbes de lune, qui, selon elles, sont les produits \u00e0 base de chanvre les plus puissants du march\u00e9. Krupp, le rappeur am\u00e9ricain et ancien vice-pr\u00e9sident de Death Row Records, a \"Kurrupts Mooncrock\", qui a une teneur en THC de 51,2 %. \u00c0 petites doses, un tel produit \u00e0 base de cannabis super Frankenstein peut \u00eatre efficace pour soulager la douleur<br \/>\n. De grandes quantit\u00e9s peuvent simplement \u00eatre envoy\u00e9es sur la lune. roches de lune \u00e0 vendre<\/p>\n<p>Entrez le vaisseau spatial ici. Acheter de la glace Moonrock<br \/>\nPour une consommation optimale de Moon Rocks, utilisez un bol \u00e0 hasch ou une pipe et faites attention de ne pas broyer les bourgeons dans un grinder sous peine de perdre du kief.<br \/>\nGardez \u00e0 l'esprit qu'une herbe moyenne contient entre 17 % et 30 % de THC. Moon Rocks contient presque deux fois plus de THC. Moon Rocks \u00e0 vendre<br \/>\nSi vous ne trouvez pas facilement de Moon Rocks en pharmacie, vous pouvez demander \u00e0 votre ami pr\u00e9f\u00e9r\u00e9 comment en fabriquer vous-m\u00eame. Vous devriez lui demander combien de choses vous devriez acheter et de quel type de vari\u00e9t\u00e9, d'huile de hasch et de kif vous avez besoin pour construire votre vaisseau spatial sur la lune. Je leur demanderais \u00e9galement si c'est le type d'exp\u00e9rience du cannabis \u00e0 vivre dans la s\u00e9curit\u00e9 et le confort de leur propre maison, ou s'ils seraient assez d\u00e9cents pour le rendre public. je dis \u00e7a comme \u00e7a. Acheter Moon Rocks \u00e0 vendre Blueberry<\/p>\n<p>Les origines de Moon Rocks sont quelque peu floues, mais la rumeur veut que la pharmacie Starbudz760 les ait concoct\u00e9s en premier, avec le l\u00e9gendaire rappeur de la c\u00f4te ouest Kurupt popularisant le produit et d\u00e9posant sa propre version appel\u00e9e Kurupt Moonrock. acheter des biscuits Pluto<\/p>\n<p>Les Moon Rocks sont un m\u00e9gazord de THC \u2013 ce sont essentiellement des bourgeons de cannabis (historiquement GSC, mais n'importe quelle vari\u00e9t\u00e9 fera l'affaire) tremp\u00e9s ou pulv\u00e9ris\u00e9s avec de l'huile de hasch, puis roul\u00e9s.<\/p>","protected":false},"excerpt":{"rendered":"<p>Nous avons 100% THC Moon Rocks \u00e0 vendre. Nous garantissons une commande par correspondance \u00e0 100 % et \u00e9mettons des num\u00e9ros de suivi et une facture apr\u00e8s chaque...<\/p>\n<p>&nbsp;<\/p>","protected":false},"featured_media":797,"comment_status":"open","ping_status":"closed","template":"","meta":{"om_disable_all_campaigns":false,"_monsterinsights_skip_tracking":false,"_monsterinsights_sitenote_active":false,"_monsterinsights_sitenote_note":"","_monsterinsights_sitenote_category":0},"product_brand":[],"product_cat":[16],"product_tag":[],"class_list":{"0":"post-796","1":"product","2":"type-product","3":"status-publish","4":"has-post-thumbnail","6":"product_cat-uncategorized","8":"first","9":"instock","10":"shipping-taxable","11":"purchasable","12":"product-type-variable"},"_links":{"self":[{"href":"https:\/\/caliweedonlineshop.com\/fr\/wp-json\/wp\/v2\/product\/796","targetHints":{"allow":["GET"]}}],"collection":[{"href":"https:\/\/caliweedonlineshop.com\/fr\/wp-json\/wp\/v2\/product"}],"about":[{"href":"https:\/\/caliweedonlineshop.com\/fr\/wp-json\/wp\/v2\/types\/product"}],"replies":[{"embeddable":true,"href":"https:\/\/caliweedonlineshop.com\/fr\/wp-json\/wp\/v2\/comments?post=796"}],"wp:featuredmedia":[{"embeddable":true,"href":"https:\/\/caliweedonlineshop.com\/fr\/wp-json\/wp\/v2\/media\/797"}],"wp:attachment":[{"href":"https:\/\/caliweedonlineshop.com\/fr\/wp-json\/wp\/v2\/media?parent=796"}],"wp:term":[{"taxonomy":"product_brand","embeddable":true,"href":"https:\/\/caliweedonlineshop.com\/fr\/wp-json\/wp\/v2\/product_brand?post=796"},{"taxonomy":"product_cat","embeddable":true,"href":"https:\/\/caliweedonlineshop.com\/fr\/wp-json\/wp\/v2\/product_cat?post=796"},{"taxonomy":"product_tag","embeddable":true,"href":"https:\/\/caliweedonlineshop.com\/fr\/wp-json\/wp\/v2\/product_tag?post=796"}],"curies":[{"name":"wp","href":"https:\/\/api.w.org\/{rel}","templated":true}]}}