{"id":93,"date":"2022-11-30T13:56:49","date_gmt":"2022-11-30T13:56:49","guid":{"rendered":"https:\/\/caliweedonlineshop.com\/?post_type=product&#038;p=93"},"modified":"2022-11-30T13:57:27","modified_gmt":"2022-11-30T13:57:27","slug":"gelato-weed-copy","status":"publish","type":"product","link":"https:\/\/caliweedonlineshop.com\/fr\/product\/gelato-weed-copy\/","title":{"rendered":"Gelato Weed (Copy)"},"content":{"rendered":"<p>La souche gelato weed uk a des ar\u00f4mes et des saveurs qui ont \u00e9t\u00e9 d\u00e9crits comme terreux, sucr\u00e9s, menthol\u00e9s, citronn\u00e9s, ressemblant \u00e0 des baies, bois\u00e9s, sorbet, orange, lavande et biscuit. La plante Gelato est courte et trapue. Ses feuilles sont de couleur vert for\u00eat avec des reflets violet fonc\u00e9. Les bourgeons de souche de mauvaises herbes Gelato apparaissent violet fonc\u00e9 et travers\u00e9s de pistils orange vif. Ses bourgeons sont collants avec une couverture moyenne de cristaux de trichomes.<\/p>\n<p>La souche de marijuana Gelato a des niveaux \u00e9lev\u00e9s de THC allant de 15 \u00e0 25 %, ce qui en fait une souche assez puissante. Les effets hybrides de THC Design sont bien \u00e9quilibr\u00e9s - un m\u00e9lange int\u00e9ressant de revigoration et de relaxation. Si un high corporel indica avec une clart\u00e9 sativa qui vous permet de rester suffisamment actif pour profiter des effets d'une vari\u00e9t\u00e9 est votre d\u00e9sir, alors celui-ci est fait pour vous. Ses effets sont rapides, commen\u00e7ant par une ru\u00e9e vers la t\u00eate et une euphorie lourde. La t\u00eate haute qu'il d\u00e9livre est heureuse et \u00e9difiante. Un bourdonnement corporel rampant s'impose progressivement jusqu'\u00e0 ce que vous vous sentiez compl\u00e8tement d\u00e9tendu et calme, mais en fournissant suffisamment d'\u00e9nergie et de concentration pour vous garder positif et social.<\/p>\n<p>Achetez gelato 45 UK, gelato # 45 vs 33 achetez \u00e9galement gelato 45 allbud, souche gelato 41, rendement gelato # 45, chariot intelligent de souche gelato 45, gelato 45 vs 33, souche gelato 45 indica ou sativa, souche gelati vs gelato, souche gelato 45, souche de gelato de requin, souche de gelato 41, souche de g\u00e2teau de mariage, souche de gelato aux myrtilles, souche de gelato au citron, cannabis<\/p>\n<p>Avantages m\u00e9dicaux de l'utilisation de la souche hybride Gelato Weed<br \/>\nL'effet c\u00e9r\u00e9bral l\u00e9ger de Gelato avec sa relaxation corporelle simultan\u00e9e en fait un favori pour les troubles anxieux et le stress chronique. Gelato fournit un regain d'\u00e9nergie c\u00e9r\u00e9brale qui aidera \u00e0 soulager la d\u00e9pression chronique. Cette stimulation peut \u00e9galement aider \u00e0 traiter les patients souffrant de troubles de l'attention tels que le TDAH et le TDA. Le composant Indica d\u00e9tendra le corps pour supprimer l'hyperactivit\u00e9, tandis que le Sativa fournira la stimulation n\u00e9cessaire pour une concentration soutenue. La souche Gelato aidera \u00e0 soulager les naus\u00e9es en raison de sa saveur et de son odeur s\u00e9duisantes ; De plus, cette vari\u00e9t\u00e9 de cannabis gelato aidera \u00e9galement \u00e0 l'app\u00e9tit des patients qui souffrent de naus\u00e9es dues \u00e0 la chimioth\u00e9rapie pour le cancer ou les maladies auto-immunes.<\/p>\n<p>Effets de la vari\u00e9t\u00e9 de cannabis Gelato 45<br \/>\nHappy<br \/>\nEuphoric<br \/>\nRelaxed<br \/>\nUplifted<br \/>\nCreative<br \/>\nClassification: 55% Indica\/45% Sativa<\/p>\n<p>Parent\u00e9 : Thin Mint Girl Scout Cookies X Sunset Sherbet<\/p>","protected":false},"excerpt":{"rendered":"<p>Gelato Weed uk a tout l'attrait doux et fruit\u00e9 de Sunset Sherbert avec la bont\u00e9 terreuse et herbac\u00e9e de Thin Mints. Avec une disponibilit\u00e9 limit\u00e9e et un look et un go\u00fbt audacieux, cette vari\u00e9t\u00e9 tombe dans une cat\u00e9gorie \u00e9mergente d'hybrides artisanaux de la c\u00f4te ouest qui se concentrent sur le go\u00fbt. Portant plusieurs traits d\u00e9sirables de sa lign\u00e9e fortement m\u00e9tiss\u00e9e, Gelato a des visuels et un go\u00fbt exceptionnels. Son ambiance trippante mais relaxante en fait un choix parfait pour une introspection en solo ou pour une socialisation bavarde.<\/p>","protected":false},"featured_media":92,"comment_status":"open","ping_status":"closed","template":"","meta":{"om_disable_all_campaigns":false,"_monsterinsights_skip_tracking":false,"_monsterinsights_sitenote_active":false,"_monsterinsights_sitenote_note":"","_monsterinsights_sitenote_category":0},"product_brand":[],"product_cat":[21],"product_tag":[22,120,65,66,67,68,69,70,71,72,73,74,75,76,77,78,79,80,37,38,40,41,42,81,82,83,119,84,85,86,87,88,89,90,91,92,93,94,95,96,124,97,98,99,100,101,102,103,48,49,118,121,123,54,104,105,106,107,108,109,122,117,110,111,112,113,114,59,60,61,62,63,64,115,116],"class_list":{"0":"post-93","1":"product","2":"type-product","3":"status-publish","4":"has-post-thumbnail","6":"product_cat-indica-strains","7":"product_tag-american-weed-shop-uk-delivery","8":"product_tag-berry-like","9":"product_tag-black-cherry-gelato-backpackboyz","10":"product_tag-black-cherry-gelato-backpackboyz-price","11":"product_tag-black-cherry-gelato-packs","12":"product_tag-black-cherry-gelato-price","13":"product_tag-black-cherry-gelato-review","14":"product_tag-black-cherry-gelato-seeds","15":"product_tag-black-cherry-gelato-seeds-for-sale","16":"product_tag-black-cherry-gelato-shatter","17":"product_tag-black-cherry-gelato-strain","18":"product_tag-black-cherry-gelato-strain-cookies","19":"product_tag-black-cherry-gelato-strain-price","20":"product_tag-black-cherry-gelato-strain-yield","21":"product_tag-black-gelato","22":"product_tag-buy-gelato-45-uk","23":"product_tag-buy-gelato-weed","24":"product_tag-buy-weed-online-uk","25":"product_tag-cannabis-delivery-service-uk","26":"product_tag-cannabis-delivery-uk","27":"product_tag-cannabis-for-sale-uk-delivery","28":"product_tag-cannabis-online-uk","29":"product_tag-cannabis-uk-delivery","30":"product_tag-cherry-gelato-strain-allbud","31":"product_tag-cherry-gelato-strain-backpackboyz","32":"product_tag-cherry-gelato-strain-leafly","33":"product_tag-citrusy","34":"product_tag-double-scoop-strain","35":"product_tag-eu-buy-cannabis-online","36":"product_tag-europe","37":"product_tag-gelati-vs-gelato-strain","38":"product_tag-gelato-45-vs-33","39":"product_tag-gelato-45-yield","40":"product_tag-gelato-41-strain","41":"product_tag-gelato-45-allbud","42":"product_tag-gelato-45-strain-indica-or-sativa","43":"product_tag-gelato-45-strain-smart-cart","44":"product_tag-gelato-strain","45":"product_tag-gelato-strain-45","46":"product_tag-how-to-buy-gelato-strain","47":"product_tag-lavender","48":"product_tag-lemon-cherry-gelato","49":"product_tag-lemon-cherry-gelato-backpackboyz","50":"product_tag-lemon-cherry-gelato-strain-effects","51":"product_tag-lemon-cherry-gelato-strain-review","52":"product_tag-lemon-cherry-gelato-strain-seeds","53":"product_tag-lemon-gelato-strain","54":"product_tag-mail-order-weed-uk","55":"product_tag-marijuana-uk-buy","56":"product_tag-medical-cannabis-uk-delivery","57":"product_tag-minty","58":"product_tag-oaky","59":"product_tag-orange","60":"product_tag-order-weed-online-uk","61":"product_tag-scoops-strain-allbud","62":"product_tag-scoops-strain-info","63":"product_tag-scoops-strain-leafly","64":"product_tag-scoops-strain-review","65":"product_tag-scoops-strain-yield","66":"product_tag-shark-gelato-strain","67":"product_tag-sherbet","68":"product_tag-sweet","69":"product_tag-sweet-cherry-gelato-strain","70":"product_tag-triple-scoop-gelato-strain","71":"product_tag-triple-scoop-strain","72":"product_tag-usa","73":"product_tag-wedding-cake-strain","74":"product_tag-weed-delivery-uk","75":"product_tag-weed-for-sale-uk","76":"product_tag-weed-online-uk","77":"product_tag-weed-shop-london-uk","78":"product_tag-weed-shop-online-uk","79":"product_tag-weed-shop-uk","80":"product_tag-where-to-buy-gelato-weed","81":"product_tag-white-cherry-gelato-description-additional-information-reviews-3-description-buy-gelato-weed-uk-gelato-weed-uk-strain-has-aromas-and-flavors-that-have-been-described-as-earthy","83":"first","84":"instock","85":"sale","86":"shipping-taxable","87":"purchasable","88":"product-type-simple"},"_links":{"self":[{"href":"https:\/\/caliweedonlineshop.com\/fr\/wp-json\/wp\/v2\/product\/93","targetHints":{"allow":["GET"]}}],"collection":[{"href":"https:\/\/caliweedonlineshop.com\/fr\/wp-json\/wp\/v2\/product"}],"about":[{"href":"https:\/\/caliweedonlineshop.com\/fr\/wp-json\/wp\/v2\/types\/product"}],"replies":[{"embeddable":true,"href":"https:\/\/caliweedonlineshop.com\/fr\/wp-json\/wp\/v2\/comments?post=93"}],"wp:featuredmedia":[{"embeddable":true,"href":"https:\/\/caliweedonlineshop.com\/fr\/wp-json\/wp\/v2\/media\/92"}],"wp:attachment":[{"href":"https:\/\/caliweedonlineshop.com\/fr\/wp-json\/wp\/v2\/media?parent=93"}],"wp:term":[{"taxonomy":"product_brand","embeddable":true,"href":"https:\/\/caliweedonlineshop.com\/fr\/wp-json\/wp\/v2\/product_brand?post=93"},{"taxonomy":"product_cat","embeddable":true,"href":"https:\/\/caliweedonlineshop.com\/fr\/wp-json\/wp\/v2\/product_cat?post=93"},{"taxonomy":"product_tag","embeddable":true,"href":"https:\/\/caliweedonlineshop.com\/fr\/wp-json\/wp\/v2\/product_tag?post=93"}],"curies":[{"name":"wp","href":"https:\/\/api.w.org\/{rel}","templated":true}]}}