{"id":220,"date":"2023-01-12T08:13:32","date_gmt":"2023-01-12T08:13:32","guid":{"rendered":"https:\/\/caliweedonlineshop.com\/?post_type=product&#038;p=220"},"modified":"2023-01-12T08:34:12","modified_gmt":"2023-01-12T08:34:12","slug":"candy-jack","status":"publish","type":"product","link":"https:\/\/caliweedonlineshop.com\/it\/product\/candy-jack\/","title":{"rendered":"Candy Jack"},"content":{"rendered":"<h1>Acquista Candy Jack online in Europa<\/h1>\n<p>Acquista Candy Jack online in Europa. Candy Jack \u00e8 una variet\u00e0 sativa che fornisce un rapido miglioramento dell'umore insieme a un dolce aroma di agrumi. L'odore fragrante viene dal suo genitore Skunk #1, mentre l'effetto creativo e concentrato viene dal lato Jack Herer della famiglia. Mentre il suo complesso profilo terpenico pu\u00f2 impressionare anche gli intenditori pi\u00f9 accaniti, i pazienti di solito lo apprezzano. ACQUISTA COMMESTIBILI ALLA MARIJUANA ONLINE IN EUROPA<\/p>\n<p>La capacit\u00e0 di Candy Jack di combattere lo stress, la depressione e la perdita di appetito. Candy Jack ha gi\u00e0 vinto diverse Cannabis Cup e la sua potenza, gusto ed effetti hanno fatto guadagnare a questa sativa un'ottima reputazione nel mondo della cannabis.<\/p>\n<p>Una volta vincitrice della Cannabis Cup, Candy Jack \u00e8 un ibrido bilanciato con effetti sativa. Il suo contenuto di THC \u00e8 stato testato fino al 27% e i livelli di CBD sono generalmente intorno all'1%.<\/p>\n<p>La genetica di questa variet\u00e0 combina Jack Herer, Skunk #1 e Cotton Candy. Candy Jack allevia il dolore dal lato medicinale e migliora l'umore e la creativit\u00e0 dal lato rilassante.<\/p>\n<p>Con un contenuto di THC del 27%, Candy Jack \u00e8 una delle variet\u00e0 psicoattive pi\u00f9 forti sul mercato. I livelli di CBD sono in media dell'1%, rendendola inadatta a condizioni gravi come le convulsioni. Big Mex Magic Mushroom Online USA<\/p>\n<h2>Acquista Candy Jack online in Europa.<\/h2>\n<p>La gente nota l'aroma muschiato di agrumi, un odore ereditato dal suo leggendario genitore, Skunk #1. L'aspetto di Candy Jack \u00e8 verde chiaro con tricomi arancioni e bianchi. Alcuni dicono che il sapore \u00e8 dolce e un po' skunk, mentre altri lo descrivono come fruttato, mentolato o di pino. Un giudice della Cannabis Cup ha detto che sa davvero di caramella.<\/p>\n<p>Si dice che Candy Jack abbia un effetto edificante, energico e cerebrale. Candy Jack \u00e8 intriso di effetti sativa, quindi i consumatori ricreativi possono aspettarsi un pizzico di euforia mescolato con un po' di grinta nel passo e di mentalit\u00e0 aperta. I consumatori esperti possono convertire questa energia edificante e positiva in un lavoro concentrato e produttivo, specialmente nel campo creativo. Acquista le compresse di Diazepam 10mg online<\/p>\n<p>Candy Jack gode anche di una solida reputazione nel mondo della cannabis per i suoi usi medicinali. Le persone fanno affidamento su di esso per alleviare lo stress e la depressione mentre migliorano il loro appetito. Anche coloro che soffrono di ansia, depressione, emicrania, dolore cronico e mal di testa troveranno sollievo da questa variet\u00e0. ACQUISTA I BISCOTTI SCOUT ONLINE<\/p>\n<p>I coltivatori notano che le cime sono ben fatte, leggere ed elastiche. Questa variet\u00e0 \u00e8 un po' difficile da trovare. Puoi acquistare semi regolari e femminizzati online e\/o cloni. La pianta ha un tempo di crescita medio di 8-9 settimane. Candy Jack \u00e8 facile da coltivare e dovrebbe dare buoni raccolti se nutrita bene, con molta luce e potata.<\/p>\n<p>Candy Jack ha livelli di THC oltre la norma, come notato da alcune strutture di test. Gli effetti, il gusto e l'olfatto attireranno sia i consumatori terapeutici che quelli ricreativi. Gli intenditori di cannabis dovrebbero apprezzare il complesso profilo terpenico.<\/p>","protected":false},"excerpt":{"rendered":"<p>In termini di potenza, Candy Jack \u00e8 una delle variet\u00e0 pi\u00f9 potenti disponibili nel reparto psicoattivo con il 27% di THC. I livelli di CBD sono in media dell'1%, rendendola inadatta a condizioni gravi come le convulsioni<\/p>","protected":false},"featured_media":225,"comment_status":"open","ping_status":"closed","template":"","meta":{"om_disable_all_campaigns":false,"_monsterinsights_skip_tracking":false,"_monsterinsights_sitenote_active":false,"_monsterinsights_sitenote_note":"","_monsterinsights_sitenote_category":0},"product_brand":[],"product_cat":[126,127],"product_tag":[128,129,130,131],"class_list":{"0":"post-220","1":"product","2":"type-product","3":"status-publish","4":"has-post-thumbnail","6":"product_cat-blumen","7":"product_cat-sativa-sorte","8":"product_tag-buy-candy-jack-online-australia","9":"product_tag-buy-candy-jack-online-in-europe","10":"product_tag-buy-candy-jack-online-in-germany","11":"product_tag-buy-candy-jack-online-in-uk","13":"first","14":"instock","15":"shipping-taxable","16":"purchasable","17":"product-type-variable"},"_links":{"self":[{"href":"https:\/\/caliweedonlineshop.com\/it\/wp-json\/wp\/v2\/product\/220","targetHints":{"allow":["GET"]}}],"collection":[{"href":"https:\/\/caliweedonlineshop.com\/it\/wp-json\/wp\/v2\/product"}],"about":[{"href":"https:\/\/caliweedonlineshop.com\/it\/wp-json\/wp\/v2\/types\/product"}],"replies":[{"embeddable":true,"href":"https:\/\/caliweedonlineshop.com\/it\/wp-json\/wp\/v2\/comments?post=220"}],"wp:featuredmedia":[{"embeddable":true,"href":"https:\/\/caliweedonlineshop.com\/it\/wp-json\/wp\/v2\/media\/225"}],"wp:attachment":[{"href":"https:\/\/caliweedonlineshop.com\/it\/wp-json\/wp\/v2\/media?parent=220"}],"wp:term":[{"taxonomy":"product_brand","embeddable":true,"href":"https:\/\/caliweedonlineshop.com\/it\/wp-json\/wp\/v2\/product_brand?post=220"},{"taxonomy":"product_cat","embeddable":true,"href":"https:\/\/caliweedonlineshop.com\/it\/wp-json\/wp\/v2\/product_cat?post=220"},{"taxonomy":"product_tag","embeddable":true,"href":"https:\/\/caliweedonlineshop.com\/it\/wp-json\/wp\/v2\/product_tag?post=220"}],"curies":[{"name":"wp","href":"https:\/\/api.w.org\/{rel}","templated":true}]}}