{"id":228,"date":"2023-01-12T08:43:08","date_gmt":"2023-01-12T08:43:08","guid":{"rendered":"https:\/\/caliweedonlineshop.com\/?post_type=product&#038;p=228"},"modified":"2023-01-12T08:53:18","modified_gmt":"2023-01-12T08:53:18","slug":"candyland","status":"publish","type":"product","link":"https:\/\/caliweedonlineshop.com\/it\/product\/candyland\/","title":{"rendered":"S\u00fc\u00dfigkeitenland"},"content":{"rendered":"<h1>Candyland e Leadville kaufen<\/h1>\n<p>Compra Candyland a Leadville. Ordina Candyland a Leadville. Medaglia d'oro KushCon 2012, Candyland \u00e8 un ibrido a predominanza sativa derivato da <a href=\"https:\/\/www.solevowellness.com\/granddaddy-purple\/\" target=\"_blank\" rel=\"noopener\">Granddaddy Purple<\/a> und Bay <a href=\"https:\/\/www.leafly.com\/strains\/platinum-gsc\" target=\"_blank\" rel=\"noopener\">Platinum Cookies<\/a>. I peli dorati si intrecciano attraverso lo spesso strato di tricomi zuccherini di Candyland, evidenziando i boccioli compatti e mimetizzati. Acquista Banana Pound Cake Questa variet\u00e0 cresce bene sia all'interno che all'esterno, acquista i funghi magici cubani online.<\/p>\n<p>E i pazienti si rivolgono a Candyland quando cercano sollievo da dolori e dolori, tensione muscolare e cattivo umore. Candyland offre un effetto edificante ed energizzante, rendendola una variet\u00e0 perfetta per incontri sociali o passatempi creativi.compra Banana Lato<\/p>\n<h2>Candyland e Leadville kaufen<\/h2>\n<p>Compra Candyland a Leadville. Ordina Candyland a Leadville. CandyLand - \u00e8 fantastico <a href=\"https:\/\/caliweedonlineshop.com\/index.php\/product-category\/blumen\/sativa-sorte\/\">Sativa<\/a> ed \u00e8 ottimo per l'uso in ufficio poich\u00e9 alcuni dicono che pu\u00f2 aiutare con il lavoro. Coltivato a Vacaville, in California, \u00e8 garantito per essere la qualit\u00e0 pi\u00f9 fresca e migliore. Candyland ha un forte sapore e odore dolce, con un sottofondo speziato e terroso. La presenza di tricomi e sentori di viola rendono questa variet\u00e0 bella da consumare. Le sue cime sono piccole, dense e di una tonalit\u00e0 di verde pi\u00f9 scura rispetto alle tipiche variet\u00e0 sativa. I boccioli sembrano per lo pi\u00f9 come se fossero stati immersi nello zucchero.compra Black Domina I capelli rosso opaco fanno sembrare i boccioli sfocati da lontano. \u00c8 una forte sativa ed \u00e8 ottima per essere consumata tra le persone o durante il giorno quando \u00e8 necessario essere produttivi.<\/p>\n<p>Vincitore della medaglia d'oro al KushCon 2012, Candyland \u00e8 un ibrido a predominanza sativa ottenuto dall'unione di Granddaddy Purple e Bay Platinum Cookies. compra BlackBerry kush. I peli dorati si intrecciano attraverso lo spesso strato di tricomi zuccherini di Candyland, mettendo in risalto le cime compatte e mimetizzate. acquista Blue skittles Questa variet\u00e0 cresce bene sia indoor che outdoor, ei pazienti si rivolgono a Candyland quando cercano sollievo da dolori, tensioni muscolari e cattivo umore. Big Mex Magic Mushroom Online USA Candyland offre un effetto edificante ed energizzante, rendendola una variet\u00e0 perfetta per incontri sociali o passatempi creativi.<\/p>","protected":false},"excerpt":{"rendered":"<p>Vincitore della medaglia d'oro al KushCon 2012, Candyland \u00e8 un ibrido a predominanza sativa ottenuto dall'unione di Granddaddy Purple e Bay Platinum Cookies. I peli dorati si intrecciano attraverso lo spesso strato di tricomi zuccherini di Candyland, mettendo in risalto le cime compatte e mimetizzate<\/p>\n<p>&nbsp;<\/p>","protected":false},"featured_media":233,"comment_status":"open","ping_status":"closed","template":"","meta":{"om_disable_all_campaigns":false,"_monsterinsights_skip_tracking":false,"_monsterinsights_sitenote_active":false,"_monsterinsights_sitenote_note":"","_monsterinsights_sitenote_category":0},"product_brand":[],"product_cat":[126,127],"product_tag":[],"class_list":{"0":"post-228","1":"product","2":"type-product","3":"status-publish","4":"has-post-thumbnail","6":"product_cat-blumen","7":"product_cat-sativa-sorte","9":"first","10":"instock","11":"shipping-taxable","12":"purchasable","13":"product-type-variable"},"_links":{"self":[{"href":"https:\/\/caliweedonlineshop.com\/it\/wp-json\/wp\/v2\/product\/228","targetHints":{"allow":["GET"]}}],"collection":[{"href":"https:\/\/caliweedonlineshop.com\/it\/wp-json\/wp\/v2\/product"}],"about":[{"href":"https:\/\/caliweedonlineshop.com\/it\/wp-json\/wp\/v2\/types\/product"}],"replies":[{"embeddable":true,"href":"https:\/\/caliweedonlineshop.com\/it\/wp-json\/wp\/v2\/comments?post=228"}],"wp:featuredmedia":[{"embeddable":true,"href":"https:\/\/caliweedonlineshop.com\/it\/wp-json\/wp\/v2\/media\/233"}],"wp:attachment":[{"href":"https:\/\/caliweedonlineshop.com\/it\/wp-json\/wp\/v2\/media?parent=228"}],"wp:term":[{"taxonomy":"product_brand","embeddable":true,"href":"https:\/\/caliweedonlineshop.com\/it\/wp-json\/wp\/v2\/product_brand?post=228"},{"taxonomy":"product_cat","embeddable":true,"href":"https:\/\/caliweedonlineshop.com\/it\/wp-json\/wp\/v2\/product_cat?post=228"},{"taxonomy":"product_tag","embeddable":true,"href":"https:\/\/caliweedonlineshop.com\/it\/wp-json\/wp\/v2\/product_tag?post=228"}],"curies":[{"name":"wp","href":"https:\/\/api.w.org\/{rel}","templated":true}]}}