{"id":235,"date":"2023-01-12T09:01:13","date_gmt":"2023-01-12T09:01:13","guid":{"rendered":"https:\/\/caliweedonlineshop.com\/?post_type=product&#038;p=235"},"modified":"2023-01-12T09:08:13","modified_gmt":"2023-01-12T09:08:13","slug":"kolumbianisches-gold","status":"publish","type":"product","link":"https:\/\/caliweedonlineshop.com\/it\/product\/kolumbianisches-gold\/","title":{"rendered":"Kolumbianisches Gold"},"content":{"rendered":"<h1>Acquista la variet\u00e0 Goldm colombiana online in Finlandia<\/h1>\n<p>Acquista la variet\u00e0 Goldm colombiana online in Finlandia. L'oro colombiano \u00e8 un classico <a href=\"https:\/\/caliweedonlineshop.com\/index.php\/product-category\/blumen\/sativa-sorte\/\">Sativa-Landrasse<\/a>, che ha origine nelle montagne di Santa Marta in Colombia. Le sue cime sono soffici e ricoperte di cristalli, trasudando note skunk e dolci di limone e lime. Questa sativa autoctona ha dato vita alla famosa Skunk #1, un ibrido che \u00e8 diventato un caposaldo dell'ibridazione della cannabis. L'effetto attivo, edificante e mirato di Colombian Gold arriva senza paranoia e ansia,<\/p>\n<h2>Acquista funghi magici cubani online<\/h2>\n<p>Das macht diese Sorte zu einer guten Wahl f\u00fcr Anf\u00e4nger oder f\u00fcr diejenigen, die w\u00e4hrend der Behandlung produktiv bleiben wollen. Colombian Gold kann Patienten helfen, Muskelverspannungen, Schmerzen und andere k\u00f6rperliche Symptome zu lindern, aber ihre stimulierenden und fr\u00f6hlichen Qualit\u00e4ten k\u00f6nnen auch bei Depressionen und ADS\/ADHS eingesetzt werden. Diazepam 10mg Tabletten online kaufen.<\/p>\n<p>La Colombian Gold \u00e8 una leggendaria variet\u00e0 autoctona sativa originaria del montuoso nord della Colombia. Questa variet\u00e0, che era estremamente popolare negli Stati Uniti alla fine degli anni '60 e '70, \u00e8 ora diventata molto rara e alcuni storici della cannabis affermano che i semi o i cloni del genotipo originario della razza locale non esistono pi\u00f9. Indipendentemente dal fatto che la Colombian Gold sia ancora commestibile o meno, \u00e8 stata utilizzata per allevare prodotti di base popolari come la Skunk #1. IL <a href=\"https:\/\/en.wikipedia.org\/wiki\/Tetrahydrocannabinol\" target=\"_blank\" rel=\"noopener\">THC<\/a>-Il contenuto della variet\u00e0 \u00e8 stato misurato dal 14% al 20%. ACQUISTA ERBA ONLINE IN EUROPA<\/p>\n<p>I consumatori di indica e ibridi allevati commercialmente potrebbero non avere familiarit\u00e0 con le cime Colombian Gold. Le cime sono di dimensioni da piccole a medie e hanno una struttura frondosa e sciolta caratteristica di una pura sativa: gli intenditori di cannabis riconosceranno le sagome di queste cime frastagliate come simili alle variet\u00e0 autoctone della sativa giamaicana o tailandese. Le foglie sono di un verde pallido primaverile e sono striate di pistilli arancio brillante. Queste cime lunghe e affusolate sono anche molto resinose: i tricomi ambrati rivestono le superfici interne ed esterne, conferendo loro il bagliore dorato a cui si riferisce il loro nome. ACQUISTA OG KUSH ONLINE<\/p>\n<p>Se adeguatamente curata, la Colombian Gold emana l'odore pungente della Skunk, il che spiega la pungenza della variet\u00e0 per bambini Skunk #1. A un esame pi\u00f9 attento, \u00e8 in gioco anche il sapore agrumato di limone e lime. Quando viene bruciato, l'oro colombiano ha un odore terroso e di hashish. Il suo fumo pu\u00f2 essere aspro e in grado di espandere i polmoni durante l'inalazione e ha un sapore erbaceo durante l'espirazione. Infine, questa variet\u00e0 pu\u00f2 essere un fumo particolarmente pungente; coloro che desiderano mantenere il loro consumo discreto dovrebbero prendere tutte le precauzioni necessarie. ACQUISTA DIAMOND OG ONLINE<\/p>\n<h2>Acquista la variet\u00e0 Goldm colombiana online in Finlandia<\/h2>\n<p>I consumatori di questa leggendaria variet\u00e0 hanno riportato effetti cerebrali molto forti. Lo sballo arriva lentamente e rimane inebriante per tutta la sua durata; si dice che l'effetto duri molto pi\u00f9 a lungo della media. La creativit\u00e0 e la loquacit\u00e0 sono comuni quando le menti dei fumatori saltano da una all'altra in rapide libere associazioni. Un generale senso di benessere \u00e8 anche comunemente segnalato quando eventuali fattori di stress ambientale rimanenti passano in secondo piano. La mentalit\u00e0 altamente analitica di Colombian Gold pu\u00f2 essere particolarmente preziosa<\/p>","protected":false},"excerpt":{"rendered":"<p>Colombian Gold \u00e8 una classica sativa autoctona che ha le sue origini nelle montagne di Santa Marta in Colombia. Le sue cime sono soffici e ricoperte di cristalli, trasudando note skunk e dolci di limone e lime.<\/p>","protected":false},"featured_media":236,"comment_status":"open","ping_status":"closed","template":"","meta":{"om_disable_all_campaigns":false,"_monsterinsights_skip_tracking":false,"_monsterinsights_sitenote_active":false,"_monsterinsights_sitenote_note":"","_monsterinsights_sitenote_category":0},"product_brand":[],"product_cat":[126,127],"product_tag":[],"class_list":{"0":"post-235","1":"product","2":"type-product","3":"status-publish","4":"has-post-thumbnail","6":"product_cat-blumen","7":"product_cat-sativa-sorte","9":"first","10":"instock","11":"shipping-taxable","12":"purchasable","13":"product-type-variable"},"_links":{"self":[{"href":"https:\/\/caliweedonlineshop.com\/it\/wp-json\/wp\/v2\/product\/235","targetHints":{"allow":["GET"]}}],"collection":[{"href":"https:\/\/caliweedonlineshop.com\/it\/wp-json\/wp\/v2\/product"}],"about":[{"href":"https:\/\/caliweedonlineshop.com\/it\/wp-json\/wp\/v2\/types\/product"}],"replies":[{"embeddable":true,"href":"https:\/\/caliweedonlineshop.com\/it\/wp-json\/wp\/v2\/comments?post=235"}],"wp:featuredmedia":[{"embeddable":true,"href":"https:\/\/caliweedonlineshop.com\/it\/wp-json\/wp\/v2\/media\/236"}],"wp:attachment":[{"href":"https:\/\/caliweedonlineshop.com\/it\/wp-json\/wp\/v2\/media?parent=235"}],"wp:term":[{"taxonomy":"product_brand","embeddable":true,"href":"https:\/\/caliweedonlineshop.com\/it\/wp-json\/wp\/v2\/product_brand?post=235"},{"taxonomy":"product_cat","embeddable":true,"href":"https:\/\/caliweedonlineshop.com\/it\/wp-json\/wp\/v2\/product_cat?post=235"},{"taxonomy":"product_tag","embeddable":true,"href":"https:\/\/caliweedonlineshop.com\/it\/wp-json\/wp\/v2\/product_tag?post=235"}],"curies":[{"name":"wp","href":"https:\/\/api.w.org\/{rel}","templated":true}]}}