{"id":250,"date":"2023-01-12T14:59:08","date_gmt":"2023-01-12T14:59:08","guid":{"rendered":"https:\/\/caliweedonlineshop.com\/?post_type=product&#038;p=250"},"modified":"2023-01-12T14:59:08","modified_gmt":"2023-01-12T14:59:08","slug":"geisterstamm-dunst","status":"publish","type":"product","link":"https:\/\/caliweedonlineshop.com\/it\/product\/geisterstamm-dunst\/","title":{"rendered":"Geisterstamm-Dunst"},"content":{"rendered":"<h1>Acquista Ghost Strain Haze online in Svezia<\/h1>\n<p>Acquista Ghost Strain Haze online in Svezia. <a href=\"https:\/\/www.leafly.com\/strains\/ghost-og\" target=\"_blank\" rel=\"noopener\">Ghost Train<\/a> Creata per la prima volta da Rare Dankness, la Haze \u00e8 un incrocio sativa tra Ghost OG e Neville's Wreck. A differenza delle tipiche sativa, Ghost Train Haze produce cime dense ricoperte di tricomi bianchi ricoperti di cristalli. Con un aspro aroma di agrumi e fiori, Ghost Train Haze fornisce una potente dose di THC per intorpidire il dolore, la depressione e la perdita di appetito, ma i pazienti sono inclini a farlo. Acquista erba online in Europa<\/p>\n<p>Chi soffre di ansia dovrebbe stare lontano da questo potente farmaco. Basse dosi incoraggiano la concentrazione e la creativit\u00e0, ma pi\u00f9 fumi, pi\u00f9 il tuo cervello diventa annebbiato. Ghost Train Haze \u00e8 una variet\u00e0 outdoor adatta per i climi caldi e ha un tempo di fioritura di 65-80 giorni indoor. Biscotti Tropicana<\/p>\n<h3>Acquista Ghost Strain Haze online in Svezia<\/h3>\n<p>Sativa-dominanter Hybrid &#8211; 80% Sativa \/ 20% Indica<\/p>\n<p>THC: 27%<\/p>\n<p>Ghost Train Haze \u00e8 una delle variet\u00e0 pi\u00f9 intense mai esistite <a href=\"https:\/\/caliweedonlineshop.com\/it\/\">Marihuana<\/a>-universo \u00e8 stato introdotto. Questa variet\u00e0 non \u00e8 per principianti, dopo tutto, la Ghost Train Haze \u00e8 stata nominata \"La variet\u00e0 pi\u00f9 potente del mondo\" dalla rivista High Times nel 2012. Ibridata da Ghost OG e Neville's Wreck, questa variet\u00e0 vanta un livello di THC folle del 27%. La GTH \u00e8 principalmente sativa (rapporto 80:20 sativa\/indica), quindi se sei un fumatore alle prime armi o soffri di ansia, faresti meglio a stare alla larga da questa folle variet\u00e0. Il fumo pesante di GTH pu\u00f2 indurre una sensazione quasi psichedelica che pu\u00f2 indurre paranoia. I pazienti che scelgono la Ghost Train Haze sono quelli che soffrono di depressione o quelli che vogliono semplicemente divertirsi. A piccole dosi, il GTH pu\u00f2 facilmente indurre risate e stimolare la mente creativa. L'aroma di questa variet\u00e0 \u00e8 una dolce miscela di acido, agrumi e pino molto pungente. Con un'abbondanza di tricomi e peli, la GTH ha un aspetto fantastico proprio come afferma di essere. Ottima Lemon Haze<\/p>\n<p>La variet\u00e0 di cannabis Ghost Train Haze \u00e8 un potente ibrido a predominanza sativa creato da Rare Dankness. Ha ottenuto il primo posto alla High Times Cannabis Cup 2014 negli Stati Uniti nella categoria Sativa e il secondo posto alla High Times Cannabis Cup 2013 nella categoria Medical Sativa. Le cime sono dense, di colore verde chiaro e sature di tricomi che sembrano quasi bianchi. La Ghost Train Haze \u00e8 molto potente ed \u00e8 stata selezionata da High Times per rappresentare le variet\u00e0 pi\u00f9 potenti del mondo. Acquista Ghost Strain Haze online in Svezia. foschia di mango<br \/>\nTipo di intossicazione<br \/>\nLa variet\u00e0 di marijuana Ghost Train Haze induce euforia cerebrale a dosi pi\u00f9 basse, eleva l'umore, aumenta la concentrazione, rilassa il corpo e ha un effetto analgesico. Pu\u00f2 esercitare pressione sugli occhi e sul naso. Dosi pi\u00f9 elevate possono indurre paranoia e allucinazioni. foschia viola<br \/>\nGenetico<br \/>\nLa variet\u00e0 di cannabis Ghost Train Haze \u00e8 un incrocio tra Ghost OG e Nevil's Wreck (Trainwreck e Neville's Haze).<\/p>","protected":false},"excerpt":{"rendered":"<p>Creata per la prima volta da Rare Dankness, Ghost Train Haze \u00e8 un incrocio sativa tra Ghost OG e Neville's Wreck. A differenza delle tipiche sativa, Ghost Train Haze produce cime dense ricoperte di tricomi bianchi ricoperti di cristalli.<\/p>\n<p>&nbsp;<\/p>","protected":false},"featured_media":249,"comment_status":"open","ping_status":"closed","template":"","meta":{"om_disable_all_campaigns":false,"_monsterinsights_skip_tracking":false,"_monsterinsights_sitenote_active":false,"_monsterinsights_sitenote_note":"","_monsterinsights_sitenote_category":0},"product_brand":[],"product_cat":[126,127],"product_tag":[136,137,138,139,140,141],"class_list":{"0":"post-250","1":"product","2":"type-product","3":"status-publish","4":"has-post-thumbnail","6":"product_cat-blumen","7":"product_cat-sativa-sorte","8":"product_tag-buy-ghost-strain-haze-online-australia","9":"product_tag-buy-ghost-strain-haze-online-in-colorado","10":"product_tag-buy-ghost-strain-haze-online-in-europe","11":"product_tag-buy-ghost-strain-haze-online-in-las-vegas","12":"product_tag-buy-ghost-strain-haze-online-in-new-york","13":"product_tag-buy-ghost-strain-haze-online-in-usa","15":"first","16":"instock","17":"shipping-taxable","18":"purchasable","19":"product-type-variable"},"_links":{"self":[{"href":"https:\/\/caliweedonlineshop.com\/it\/wp-json\/wp\/v2\/product\/250","targetHints":{"allow":["GET"]}}],"collection":[{"href":"https:\/\/caliweedonlineshop.com\/it\/wp-json\/wp\/v2\/product"}],"about":[{"href":"https:\/\/caliweedonlineshop.com\/it\/wp-json\/wp\/v2\/types\/product"}],"replies":[{"embeddable":true,"href":"https:\/\/caliweedonlineshop.com\/it\/wp-json\/wp\/v2\/comments?post=250"}],"wp:featuredmedia":[{"embeddable":true,"href":"https:\/\/caliweedonlineshop.com\/it\/wp-json\/wp\/v2\/media\/249"}],"wp:attachment":[{"href":"https:\/\/caliweedonlineshop.com\/it\/wp-json\/wp\/v2\/media?parent=250"}],"wp:term":[{"taxonomy":"product_brand","embeddable":true,"href":"https:\/\/caliweedonlineshop.com\/it\/wp-json\/wp\/v2\/product_brand?post=250"},{"taxonomy":"product_cat","embeddable":true,"href":"https:\/\/caliweedonlineshop.com\/it\/wp-json\/wp\/v2\/product_cat?post=250"},{"taxonomy":"product_tag","embeddable":true,"href":"https:\/\/caliweedonlineshop.com\/it\/wp-json\/wp\/v2\/product_tag?post=250"}],"curies":[{"name":"wp","href":"https:\/\/api.w.org\/{rel}","templated":true}]}}