{"id":255,"date":"2023-01-12T15:09:40","date_gmt":"2023-01-12T15:09:40","guid":{"rendered":"https:\/\/caliweedonlineshop.com\/?post_type=product&#038;p=255"},"modified":"2023-01-12T15:10:56","modified_gmt":"2023-01-12T15:10:56","slug":"grapefruit","status":"publish","type":"product","link":"https:\/\/caliweedonlineshop.com\/it\/product\/grapefruit\/","title":{"rendered":"Grapefruit"},"content":{"rendered":"<h1>Acquista Grapefruit Marijuana Strain online in Francia<\/h1>\n<p>Acquista Grapefruit Marijuana Strain online in Francia. Questa potente sativa \u00e8 stata creata incrociando <a href=\"https:\/\/www.leafly.com\/strains\/cinderella-99\" target=\"_blank\" rel=\"noopener\">Centerrilla 99<\/a> sviluppata con una sativa a fioritura rapida selezionata per il suo ricco aroma di pompelmo. Il profumo di agrumi tropicali del pompelmo si fonde con gli effetti energizzanti per darti un felice antistress che \u00e8 anche buono per combattere l'emicrania.<\/p>\n<p>Benvenuti nel mondo del pompelmo, il <a href=\"https:\/\/caliweedonlineshop.com\/it\/\">Sativa<\/a>dove lei \u00e8 il capo e viviamo tutti secondo le sue regole. Come discendente del ceppo Cinderella 99 incrociato con un ceppo non identificato, il sapore \u00e8 come nessun altro. ACQUISTA MARIJUANA ONLINE NEI PAESI BASSI<\/p>\n<p>Acquista Grapefruit Marijuana Strain online in Francia<br \/>\nEstetica<\/p>\n<p>Le variet\u00e0 sono spesso etichettate erroneamente e ricevono un nome che non meritano. Il pompelmo ha un sapore proprio come ti aspetteresti, solo 10 volte meglio. Le sfumature di limone ricoprono la lingua e hanno il sapore di un costoso shandy tedesco. Se pensavi che il gusto fosse fantastico, aspetta che il profumo entri nelle tue narici. L'odore \u00e8 ineguagliato da qualsiasi altra gemma sul mercato. Big Mex Magic Mushroom Online USA<\/p>\n<p>Un'esperienza dolce e aromatica che inganner\u00e0 il tuo cervello facendogli credere di essere entrato faccia a faccia in un pompelmo appena raccolto. Cos'altro puoi desiderare come amante delle variet\u00e0 fruttate?<\/p>\n<p>Pompelmo Effetti + Benefici<\/p>\n<p>Hai tutti gli utensili che ti servono: pennelli, cavalletto, acqua e colori acrilici sono pronti per un pomeriggio pieno di magia. Quando tocchi il pennello sul colore giallo per la quinta volta, il tuo cervello \u00e8 bloccato come se avessi il freno a mano tirato. Leggermente frustrato, rimetti gi\u00f9 la spazzola e sospiri. Forse oggi non \u00e8 il momento giusto. Acquista le compresse di Diazepam 10mg online<\/p>\n<p>un campo altamente creativo. Nei momenti di consumo, \u00e8 come se i paraocchi del cavallo si allentassero e il pennello si muovesse da solo. Cos\u00ec dovrebbe essere l'arte, semplice e antistress, non il contrario.<\/p>\n<p>\u00c8 difficile trovare una variet\u00e0 adatta all'uso diurno. Proprio quando pensi di averla trovata, sembra che poche ore dopo ti stia gi\u00e0 riaddormentando. Il pompelmo ha molti lati positivi, ma la sua arma pi\u00f9 grande \u00e8 la mancanza di sedazione e sensazioni di benessere. La paura non ha importanza, si dissolve come il sale nell'acqua e lava via ogni sensazione di disagio. Acquista Grapefruit Marijuana Strain online in Francia<\/p>\n<p>Una grande variet\u00e0 come questa non si trova tutti i giorni. Esci dalla porta ed entra nella vita con la sicurezza di prendere l'iniziativa con Grapefruit. ACQUISTA BISCOTTI SCOUT ONLINE IN EUROPA<\/p>\n<p>Bis zu 18-20% THC<\/p>","protected":false},"excerpt":{"rendered":"<p>Benvenuti nel mondo del pompelmo, la sativa, dove lei \u00e8 il capo e tutti viviamo secondo le sue regole. Discendente del ceppo Cinderella 99 incrociato con un ceppo non identificato, il sapore \u00e8 come nessun altro.<\/p>\n<p>&nbsp;<\/p>","protected":false},"featured_media":256,"comment_status":"open","ping_status":"closed","template":"","meta":{"om_disable_all_campaigns":false,"_monsterinsights_skip_tracking":false,"_monsterinsights_sitenote_active":false,"_monsterinsights_sitenote_note":"","_monsterinsights_sitenote_category":0},"product_brand":[],"product_cat":[126,127],"product_tag":[142,143,144,145,146,147],"class_list":{"0":"post-255","1":"product","2":"type-product","3":"status-publish","4":"has-post-thumbnail","6":"product_cat-blumen","7":"product_cat-sativa-sorte","8":"product_tag-buy-grapefruit-online-in-australia","9":"product_tag-buy-grapefruit-online-in-colorado","10":"product_tag-buy-grapefruit-online-in-europe","11":"product_tag-buy-grapefruit-online-in-las-vegas","12":"product_tag-buy-grapefruit-online-in-mexico","13":"product_tag-buy-grapefruit-online-in-new-york","15":"first","16":"instock","17":"shipping-taxable","18":"purchasable","19":"product-type-variable"},"_links":{"self":[{"href":"https:\/\/caliweedonlineshop.com\/it\/wp-json\/wp\/v2\/product\/255","targetHints":{"allow":["GET"]}}],"collection":[{"href":"https:\/\/caliweedonlineshop.com\/it\/wp-json\/wp\/v2\/product"}],"about":[{"href":"https:\/\/caliweedonlineshop.com\/it\/wp-json\/wp\/v2\/types\/product"}],"replies":[{"embeddable":true,"href":"https:\/\/caliweedonlineshop.com\/it\/wp-json\/wp\/v2\/comments?post=255"}],"wp:featuredmedia":[{"embeddable":true,"href":"https:\/\/caliweedonlineshop.com\/it\/wp-json\/wp\/v2\/media\/256"}],"wp:attachment":[{"href":"https:\/\/caliweedonlineshop.com\/it\/wp-json\/wp\/v2\/media?parent=255"}],"wp:term":[{"taxonomy":"product_brand","embeddable":true,"href":"https:\/\/caliweedonlineshop.com\/it\/wp-json\/wp\/v2\/product_brand?post=255"},{"taxonomy":"product_cat","embeddable":true,"href":"https:\/\/caliweedonlineshop.com\/it\/wp-json\/wp\/v2\/product_cat?post=255"},{"taxonomy":"product_tag","embeddable":true,"href":"https:\/\/caliweedonlineshop.com\/it\/wp-json\/wp\/v2\/product_tag?post=255"}],"curies":[{"name":"wp","href":"https:\/\/api.w.org\/{rel}","templated":true}]}}