{"id":267,"date":"2023-01-12T15:26:07","date_gmt":"2023-01-12T15:26:07","guid":{"rendered":"https:\/\/caliweedonlineshop.com\/?post_type=product&#038;p=267"},"modified":"2023-01-12T15:26:07","modified_gmt":"2023-01-12T15:26:07","slug":"hawaiianischer-dunst","status":"publish","type":"product","link":"https:\/\/caliweedonlineshop.com\/it\/product\/hawaiianischer-dunst\/","title":{"rendered":"Hawaiianischer Dunst"},"content":{"rendered":"<h1>Acquista la variet\u00e0 Hawaiian Haze online in Danimarca<\/h1>\n<p>Acquista la variet\u00e0 Hawaiian Haze online in Danimarca. Hawaiian Haze \u00e8 una variet\u00e0 principalmente sativa che produce alcuni effetti sativa di alta qualit\u00e0. Un mix di <a href=\"https:\/\/www.leafly.com\/strains\/hawaiian-haze\" target=\"_blank\" rel=\"noopener\">Hawaiian und Haze Genetik<\/a>, questi boccioli leggeri e ariosi ti lasceranno con la testa tra le nuvole. Molti consumatori riferiscono anche che li rende socievoli e loquaci, quindi pu\u00f2 essere un buon fumo diurno. Foschia Hawaiana. Acquista erba online in Europa<\/p>\n<p>L'odore floreale e il gusto dei frutti tropicali potrebbero farti sognare una vacanza sull'isola. Queste piante sono alte e fioriscono lentamente, impiegando tra le 12 e le 14 settimane, quindi sono probabilmente pi\u00f9 adatte a un coltivatore con una certa esperienza e pazienza.<\/p>\n<p>Un mix di genetiche Hawaiian e Haze, un ibrido 50\/50 bilanciato, queste cime leggere e ariose ti lasceranno con la testa tra le nuvole. acquista diamond OG Hash<\/p>\n<p>Big Mex Magic Mushroom Online USA<\/p>\n<h2>Acquista la variet\u00e0 Hawaiian Haze online in Danimarca<\/h2>\n<p>Aspettati di essere molto socievole e chiacchierone, quindi \u00e8 meglio goderselo in gruppo durante il giorno. compra Lemon Skittle<\/p>\n<p>Il profumo floreale e il sapore di frutta tropicale della Hawaiian Haze potrebbero farti sognare una vacanza sull'isola. Acquista le compresse di Diazepam 10mg online.<\/p>\n<p>Appare principalmente come una variet\u00e0 sativa e offre uno sbalorditivo livello di THC del 26%.buyParallax Shop<\/p>\n<p>Hawaiian Haze offre una squisita miscela di sapori legnosi, tropicali e di pino che non vedrai l'ora di provare.Acquista BROWNIE AL CIOCCOLATO FUDGE<\/p>\n<p>Dopo aver fumato questa variet\u00e0 vi sentirete energici ed euforici allo stesso tempo. Se stai passando una brutta giornata, Hawaiian Haze \u00e8 proprio ci\u00f2 di cui hai bisogno per rimetterti in carreggiata.compra il gelato alla ciliegia bianca<\/p>\n<p>QUALIT\u00c0 GARANTITA<\/p>\n<p>Il nostro obiettivo \u00e8 offrirti fiori di cannabis di altissima qualit\u00e0 da coltivatori attenti e qualificati che si prendono cura delle piante dal momento in cui il seme viene seppellito nel terreno organico fino a quando arriva a te. Tutti i nostri fiori di canapa CBD premium sono testati in laboratorio in modo indipendente per garantirne la legalit\u00e0. Come per tutti i nostri prodotti, sull'etichetta della confezione di ogni prodotto si trova un codice QR che porta direttamente alla nostra pagina dei risultati di laboratorio. acquista la penna Vape CBD all'uva<\/p>\n<p>Acquista le barrette di cioccolato Mushee Magic Mushroom<\/p>","protected":false},"excerpt":{"rendered":"<p>L'odore floreale e il sapore di frutta tropicale della Hawaiian Haze potrebbero farti sognare una vacanza sull'isola.<\/p>\n<p>Appare principalmente come una variet\u00e0 sativa, offrendo uno sbalorditivo livello di THC del 26%.<\/p>","protected":false},"featured_media":268,"comment_status":"open","ping_status":"closed","template":"","meta":{"om_disable_all_campaigns":false,"_monsterinsights_skip_tracking":false,"_monsterinsights_sitenote_active":false,"_monsterinsights_sitenote_note":"","_monsterinsights_sitenote_category":0},"product_brand":[],"product_cat":[126,127],"product_tag":[],"class_list":{"0":"post-267","1":"product","2":"type-product","3":"status-publish","4":"has-post-thumbnail","6":"product_cat-blumen","7":"product_cat-sativa-sorte","9":"first","10":"instock","11":"shipping-taxable","12":"purchasable","13":"product-type-variable"},"_links":{"self":[{"href":"https:\/\/caliweedonlineshop.com\/it\/wp-json\/wp\/v2\/product\/267","targetHints":{"allow":["GET"]}}],"collection":[{"href":"https:\/\/caliweedonlineshop.com\/it\/wp-json\/wp\/v2\/product"}],"about":[{"href":"https:\/\/caliweedonlineshop.com\/it\/wp-json\/wp\/v2\/types\/product"}],"replies":[{"embeddable":true,"href":"https:\/\/caliweedonlineshop.com\/it\/wp-json\/wp\/v2\/comments?post=267"}],"wp:featuredmedia":[{"embeddable":true,"href":"https:\/\/caliweedonlineshop.com\/it\/wp-json\/wp\/v2\/media\/268"}],"wp:attachment":[{"href":"https:\/\/caliweedonlineshop.com\/it\/wp-json\/wp\/v2\/media?parent=267"}],"wp:term":[{"taxonomy":"product_brand","embeddable":true,"href":"https:\/\/caliweedonlineshop.com\/it\/wp-json\/wp\/v2\/product_brand?post=267"},{"taxonomy":"product_cat","embeddable":true,"href":"https:\/\/caliweedonlineshop.com\/it\/wp-json\/wp\/v2\/product_cat?post=267"},{"taxonomy":"product_tag","embeddable":true,"href":"https:\/\/caliweedonlineshop.com\/it\/wp-json\/wp\/v2\/product_tag?post=267"}],"curies":[{"name":"wp","href":"https:\/\/api.w.org\/{rel}","templated":true}]}}