{"id":281,"date":"2023-01-12T15:43:25","date_gmt":"2023-01-12T15:43:25","guid":{"rendered":"https:\/\/caliweedonlineshop.com\/?post_type=product&#038;p=281"},"modified":"2023-01-12T15:43:25","modified_gmt":"2023-01-12T15:43:25","slug":"inselsuesses-skunk","status":"publish","type":"product","link":"https:\/\/caliweedonlineshop.com\/it\/product\/inselsuesses-skunk\/","title":{"rendered":"Insels\u00fc\u00dfes Skunk"},"content":{"rendered":"<h1>Island Sweet Skunk a Colorado Springs kaufen<\/h1>\n<p>Acquista Island Sweet Skunk a Colorado Springs. Ordina Island Sweet Skunk a Colorado Springs. Island Sweet Skunk, a volte chiamata Sweet Island Skunk, \u00e8 una variet\u00e0 sativa che i consumatori apprezzano per i suoi effetti energetici. Il gusto \u00e8 pi\u00f9 facilmente descritto come \"Sweet Skunk\" con sapori di frutta tropicale come protagonisti principali. L'aroma fruttato \u00e8 spesso paragonato a quello del pompelmo. Originariamente allevata dalla Federation Seed Company in Canada, questa variet\u00e0 discende da Sweet Pink. Acquista biscotti al t\u00e8 dolci<\/p>\n<p>Grapefruit e Big Skunk #1 producono piante alte, dritte e ad alto rendimento. Alcune variet\u00e0 Island Sweet Skunk hanno livelli aumentati di CBD, che aiutano i pazienti a gestire ansia, infiammazione e spasmi muscolari. Il tempo di fioritura va dalle 7 alle 8 settimane e le cime hanno peli giallo-arancio brillante. Acquista cookie pre-roll<\/p>\n<p>Island Sweet Skunk, a volte chiamata Sweet Island Skunk, \u00e8 una variet\u00e0 sativa apprezzata dai consumatori per i suoi effetti energetici. Il gusto \u00e8 pi\u00f9 facilmente descritto come \"Sweet Skunk\" con sapori di frutta tropicale come protagonisti principali. L'aroma fruttato \u00e8 spesso paragonato a quello del pompelmo. Originariamente ibridata dalla Federation Seed Company in Canada, questa variet\u00e0 discende da Sweet Pink Grapefruit e Big Skunk #1 e cresce in piante alte, dritte e molto produttive. Alcune variet\u00e0 Island Sweet Skunk hanno livelli aumentati di CBD, che aiutano i pazienti a gestire ansia, infiammazione e spasmi muscolari. Il tempo di fioritura va dalle 7 alle 8 settimane e le cime hanno peli giallo-arancio brillante.<\/p>\n<h2>Island Sweet Skunk a Colorado Springs kaufen<\/h2>\n<p>Acquista Island Sweet Skunk a Colorado Springs. ordina Island Sweet Skunk a Colorado Springs. Island Sweet Skunk \u00e8 una variet\u00e0 ibrida a predominanza sativa originaria dell'isola di Vancouver, British Columbia. Prende il nome dal suo aroma distintamente dolce ma allo stesso tempo skunk, che \u00e8 anche sinonimo del suo gusto.compra Mimosa<\/p>\n<p>\u00c8 stata sviluppata da Federation Seeds in Canada da ceppi parentali Sweet Pink Grapefruit e Big Skunk #1. Anche lei offre note aromatiche dei tropici e ha vinto un premio canadese alla High Times Cannabis Cup. La Island Sweet Skunk \u00e8 talvolta chiamata anche Lemon Sweet Skunk, Grape Island Skunk, Lime Skunk Strain o Isla OG.<\/p>\n<p>Puoi acquistare Island Sweet Skunk online da Pacific Grass, uno dei principali dispensari di marijuana medica online del Canada. Questa variet\u00e0 ha cime enormi, dense e smerigliate che sono di un verde intenso e brillante punteggiato di colonne color ruggine. Acquista le compresse di Diazepam 10mg online.<\/p>\n<p>\u00c8 nota per avere un effetto stimolante, come ci si aspetterebbe da una variet\u00e0 a predominanza sativa. Inizia con uno sballo vivace ed edificante che \u00e8 immediatamente seguito da uno sballo corporeo morbido. Produce anche uno sballo cerebrale che eleva l'umore e induce sentimenti di felicit\u00e0 ed euforia. Acquista Purple Og Kush<\/p>\n<p>Island Sweet Skunk \u00e8 il tipo di variet\u00e0 che pu\u00f2 aiutarti a concentrarti sul lavoro quando hai qualcosa di cui hai veramente bisogno. \u00c8 un efficace farmaco diurno che aumenta l'energia e la creativit\u00e0 mentre<\/p>","protected":false},"excerpt":{"rendered":"<p>Island Sweet Skunk, a volte chiamata Sweet Island Skunk, \u00e8 una variet\u00e0 sativa apprezzata dai consumatori per i suoi effetti energetici. Il gusto \u00e8 pi\u00f9 facilmente descritto come \"Sweet Skunk\" con sapori di frutta tropicale come protagonisti principali.<\/p>\n<p>&nbsp;<\/p>","protected":false},"featured_media":282,"comment_status":"open","ping_status":"closed","template":"","meta":{"om_disable_all_campaigns":false,"_monsterinsights_skip_tracking":false,"_monsterinsights_sitenote_active":false,"_monsterinsights_sitenote_note":"","_monsterinsights_sitenote_category":0},"product_brand":[],"product_cat":[126,127],"product_tag":[153,145,154],"class_list":{"0":"post-281","1":"product","2":"type-product","3":"status-publish","4":"has-post-thumbnail","6":"product_cat-blumen","7":"product_cat-sativa-sorte","8":"product_tag-buy-cherry-pie-online-in-arklohaham","9":"product_tag-buy-grapefruit-online-in-las-vegas","10":"product_tag-buy-hawaiian-haze-online-in-florida","12":"first","13":"instock","14":"shipping-taxable","15":"purchasable","16":"product-type-variable"},"_links":{"self":[{"href":"https:\/\/caliweedonlineshop.com\/it\/wp-json\/wp\/v2\/product\/281","targetHints":{"allow":["GET"]}}],"collection":[{"href":"https:\/\/caliweedonlineshop.com\/it\/wp-json\/wp\/v2\/product"}],"about":[{"href":"https:\/\/caliweedonlineshop.com\/it\/wp-json\/wp\/v2\/types\/product"}],"replies":[{"embeddable":true,"href":"https:\/\/caliweedonlineshop.com\/it\/wp-json\/wp\/v2\/comments?post=281"}],"wp:featuredmedia":[{"embeddable":true,"href":"https:\/\/caliweedonlineshop.com\/it\/wp-json\/wp\/v2\/media\/282"}],"wp:attachment":[{"href":"https:\/\/caliweedonlineshop.com\/it\/wp-json\/wp\/v2\/media?parent=281"}],"wp:term":[{"taxonomy":"product_brand","embeddable":true,"href":"https:\/\/caliweedonlineshop.com\/it\/wp-json\/wp\/v2\/product_brand?post=281"},{"taxonomy":"product_cat","embeddable":true,"href":"https:\/\/caliweedonlineshop.com\/it\/wp-json\/wp\/v2\/product_cat?post=281"},{"taxonomy":"product_tag","embeddable":true,"href":"https:\/\/caliweedonlineshop.com\/it\/wp-json\/wp\/v2\/product_tag?post=281"}],"curies":[{"name":"wp","href":"https:\/\/api.w.org\/{rel}","templated":true}]}}