{"id":287,"date":"2023-01-12T15:55:04","date_gmt":"2023-01-12T15:55:04","guid":{"rendered":"https:\/\/caliweedonlineshop.com\/?post_type=product&#038;p=287"},"modified":"2023-01-12T15:55:04","modified_gmt":"2023-01-12T15:55:04","slug":"jack-herer","status":"publish","type":"product","link":"https:\/\/caliweedonlineshop.com\/it\/product\/jack-herer\/","title":{"rendered":"Jack Herer"},"content":{"rendered":"<h1>Acquista Jack Herer online in Europa<\/h1>\n<p>Acquista Jack Herer online in Europa. Jack Herer \u00e8 una variet\u00e0 di cannabis a predominanza sativa che \u00e8 diventata famosa quanto il suo omonimo, l'attivista della marijuana e autore di The <a href=\"https:\/\/en.wikipedia.org\/wiki\/The_Emperor_Wears_No_Clothes\" target=\"_blank\" rel=\"noopener\">Emperor Wears No Clothes<\/a>. Combinando uno <a href=\"https:\/\/www.leafly.com\/strains\/haze\" target=\"_blank\" rel=\"noopener\">Haze-Hybriden<\/a> mit einer <a href=\"https:\/\/www.ilovegrowingmarijuana.com\/strains\/northern-lights-no-5\/\" target=\"_blank\" rel=\"noopener\">Northern Lights #5<\/a> und einer <a href=\"https:\/\/www.wikileaf.com\/strain\/shiva-skunk\/\" target=\"_blank\" rel=\"noopener\">Shiva Skunk<\/a>l'ibrido ha creato Jack Herer della Sensi Seeds sperando di ottenere sia un effetto cerebrale che una produzione di resina pesante. Il suo ricco background genetico si traduce in diverse varianti di Jack Herer, con ogni fenotipo con caratteristiche ed effetti unici. Tuttavia, gli utenti in genere descrivono questo ibrido sativa al 55% come beato, lucido e creativo. Acquista erba di alta qualit\u00e0 online in Europa<\/p>\n<p>La Jack Herer \u00e8 stata sviluppata nei Paesi Bassi a met\u00e0 degli anni '90, dove \u00e8 stata successivamente distribuita dalle farmacie olandesi come variet\u00e0 medicinale riconosciuta. Da allora, questa variet\u00e0 speziata e dal profumo di pino ha vinto numerosi premi per la sua qualit\u00e0 e potenza. Molti allevatori hanno tentato di allevare da soli questa variet\u00e0 principale in climi soleggiati o mediterranei. I coltivatori indoor dovrebbero aspettare dai 50 ai 70 giorni prima che la Jack Herer fiorisca. Compra Candy Jack<\/p>\n<p>&nbsp;<\/p>\n<p>La variet\u00e0 Jack Herer \u00e8 una delle pi\u00f9 conosciute in Nord America. IL <a href=\"https:\/\/www.wikileaf.com\/strain\/shiva-skunk\/\" target=\"_blank\" rel=\"noopener\">Sativa<\/a> prende il nome da Jack Herer, l'autore di The Emperor Wears No Clothes. Il suo impegno nel diffondere informazioni pro-cannabis \u00e8 ben noto. \u00c8 considerato uno dei padri della legalizzazione. Compra Mango Haze<\/p>\n<p>Grazie a Sensi Seeds, la leggenda di Jack Herer continua a vivere nelle case di milioni di persone. compra Jack<\/p>\n<p>Frosties Cookies, discendente di Northern Lights #5 e Shiva Skunk. Compra Aurora boreale<\/p>\n<p>&nbsp;<\/p>\n<p>Estetica<\/p>\n<p>La maggior parte conosce Jack Herer per il suo impatto, ma il suo aspetto non \u00e8 diverso. Le sue cime dense sono piene di tricomi, rendendola una pianta appiccicosa. Raccomandiamo l'uso di guanti durante il taglio o il taglio. Acquista i biscotti Chapo<\/p>\n<p>Se volete aggiungere una variet\u00e0 pluripremiata al vostro repertorio, non cercate oltre. La lista dei trofei di Jack Herer \u00e8 impressionante. Attualmente possiede 9 Cannabis Cup Championships e innumerevoli altri premi locali da tutto il mondo. Acquista i ciottoli fruttati<\/p>\n<p>Con la sua paradisiaca variet\u00e0 di profumi e sapori di agrumi, come potrebbe non incassare premi come questo? Per finire, fumare Jack Herer produce un retrogusto di pino che mi ricorda le lussureggianti foreste del Pacifico nord-occidentale. I nuovi arrivati \u200b\u200bapprezzeranno il fumo morbido che \u00e8 facile per la gola. Compra Garrison Lane<\/p>\n<h2>Acquista Jack Herer online in Europa<\/h2>\n<p>Jack Here Effetti + Benefici<\/p>\n<p>Una volta consumato, l'effetto si attiva immediatamente. Un leggero ronzio inizia nella testa, rinvigorendo i sensi e rilasciando tonnellate di endorfine. Man mano che lo sballo progredisce, lo sballo si sposta nel corpo. Non tanto da decapitare l'utente, ma quanto basta per farlo sentire rilassato e leggero. Compra Sour Diesel<\/p>\n<p>Gli effetti creativi di Jack non sono secondi a nessuno. Dal momento in cui il fumo colpisce la lingua al momento in cui il profilo dei cannabinoidi entra nel flusso sanguigno, ha luogo un risveglio artistico. Entrare in uno stato di concentrazione su arte, musica, scrittura e altri mestieri \u00e8 semplice. L'attivit\u00e0 cerebrale include un senso di meraviglia mondano che porta l'utente a mettere in discussione la sua esistenza. Compra una torta di ciliegie<\/p>\n<p>Attenzione: se i tuoi amici non vogliono ascoltare i tuoi pensieri profondi su Jack Herer, \u00e8 ora di fare nuove amicizie! Big Mex Magic Mushroom Online USA<\/p>\n<p>Scherzo, ma ti rende molto loquace e socievole. Questo rende questa variet\u00e0 una compagna eccellente per le interazioni sociali. La conversazione diventa un gioco da ragazzi e presentarsi a nuove persone \u00e8 divertente. Acquista Super Og Biscotto<\/p>\n<p>Non solo le qualit\u00e0 creative e sociali rendono questa variet\u00e0 molto speciale, ma l'euforia che induce aiuta chi soffre di depressione. Trasforma l'oscurit\u00e0 in fioritura, la tristezza in gioia. Compra Skittle al limone<\/p>\n<p>Inutile dire che Jack Herer \u00e8 un'ottima scelta per i farmaci diurni. Pochi tiri ed \u00e8 un ronzio di sottofondo, ma anche in quantit\u00e0 maggiori, gli effetti energizzanti consentono agli utenti di andare avanti con la propria vita. Acquista Jack Herer online in Europa Acquista Member Berry.<\/p>","protected":false},"excerpt":{"rendered":"<p>Jack Herer \u00e8 una variet\u00e0 di cannabis a predominanza sativa che \u00e8 diventata famosa quanto il suo omonimo, l'attivista della marijuana e autore di The Emperor Wears No Clothes.<\/p>\n<p>&nbsp;<\/p>","protected":false},"featured_media":288,"comment_status":"open","ping_status":"closed","template":"","meta":{"om_disable_all_campaigns":false,"_monsterinsights_skip_tracking":false,"_monsterinsights_sitenote_active":false,"_monsterinsights_sitenote_note":"","_monsterinsights_sitenote_category":0},"product_brand":[],"product_cat":[126,127],"product_tag":[155,156,157,158,159],"class_list":{"0":"post-287","1":"product","2":"type-product","3":"status-publish","4":"has-post-thumbnail","6":"product_cat-blumen","7":"product_cat-sativa-sorte","8":"product_tag-buy-jack-herer-online-in-chicago","9":"product_tag-buy-jack-herer-online-in-colorado","10":"product_tag-buy-jack-herer-online-in-houston","11":"product_tag-buy-jack-herer-online-in-los-angeles","12":"product_tag-buy-jack-herer-online-in-usa","14":"first","15":"instock","16":"shipping-taxable","17":"purchasable","18":"product-type-variable"},"_links":{"self":[{"href":"https:\/\/caliweedonlineshop.com\/it\/wp-json\/wp\/v2\/product\/287","targetHints":{"allow":["GET"]}}],"collection":[{"href":"https:\/\/caliweedonlineshop.com\/it\/wp-json\/wp\/v2\/product"}],"about":[{"href":"https:\/\/caliweedonlineshop.com\/it\/wp-json\/wp\/v2\/types\/product"}],"replies":[{"embeddable":true,"href":"https:\/\/caliweedonlineshop.com\/it\/wp-json\/wp\/v2\/comments?post=287"}],"wp:featuredmedia":[{"embeddable":true,"href":"https:\/\/caliweedonlineshop.com\/it\/wp-json\/wp\/v2\/media\/288"}],"wp:attachment":[{"href":"https:\/\/caliweedonlineshop.com\/it\/wp-json\/wp\/v2\/media?parent=287"}],"wp:term":[{"taxonomy":"product_brand","embeddable":true,"href":"https:\/\/caliweedonlineshop.com\/it\/wp-json\/wp\/v2\/product_brand?post=287"},{"taxonomy":"product_cat","embeddable":true,"href":"https:\/\/caliweedonlineshop.com\/it\/wp-json\/wp\/v2\/product_cat?post=287"},{"taxonomy":"product_tag","embeddable":true,"href":"https:\/\/caliweedonlineshop.com\/it\/wp-json\/wp\/v2\/product_tag?post=287"}],"curies":[{"name":"wp","href":"https:\/\/api.w.org\/{rel}","templated":true}]}}