{"id":293,"date":"2023-01-12T18:07:50","date_gmt":"2023-01-12T18:07:50","guid":{"rendered":"https:\/\/caliweedonlineshop.com\/?post_type=product&#038;p=293"},"modified":"2023-01-12T18:07:50","modified_gmt":"2023-01-12T18:07:50","slug":"zitronenkuchen","status":"publish","type":"product","link":"https:\/\/caliweedonlineshop.com\/it\/product\/zitronenkuchen\/","title":{"rendered":"Zitronenkuchen"},"content":{"rendered":"<h1>Acquista torta al limone online in Europa<\/h1>\n<p>Acquista torta al limone online in Europa. La Lemon Cake della Heavyweight Seeds \u00e8 una potente variet\u00e0 a predominanza sativa con aromi dolci e muschiati. Conosciuta anche come Lemon Cheesecake, la Lemon Cake \u00e8 un incrocio tra Lemon Skunk e una \"Cheese pericolosamente forte\", secondo HS. Con un periodo di fioritura di nove-dieci settimane, una morfologia tozza e raccolti abbondanti, la Lemon Cake \u00e8 adatta ai coltivatori.<\/p>\n<p>soprattutto per chi \u00e8 all'aperto. Questa variet\u00e0 emana un pungente aroma di agrumi con un sottofondo muschiato di formaggio. La Heavyweight Seeds consiglia di consumare questa variet\u00e0 per combattere lo stress, la mancanza di appetito e lievi disturbi fisici.<\/p>\n<p>Lemon Cake Cannabis \u00e8 una variet\u00e0 ibrida originariamente ibridata da Heavyweight Seeds. \u00c8 figlia di due famose variet\u00e0 genitrici: Lemon Skunk e Cheese, da cui il nome completo Lemon Cheesecake. Creato da Elite per garantire una qualit\u00e0 di livello medico, ogni busta sigillata che ricevi contiene una delle migliori e pi\u00f9 potenti erbe della California. Sorprendentemente, Lemon Cake vanta livelli di THC incredibilmente alti.<\/p>\n<h2>Lemon Cake online in Europa kaufen<\/h2>\n<p>L'effetto \u00e8 immediato. Inizialmente sentirai un forte sballo sativa che dura per un po' di tempo prima di rilassare tutto il tuo corpo e cullarti in un sonno tranquillo. Si tratta di una variet\u00e0 potente, potente e di lunga durata, nota per il suo sballo energico e intenso. Nonostante la sua idoneit\u00e0 all'uso diurno, \u00e8 una variet\u00e0 incredibilmente potente. Cerca di evitare di utilizzare macchinari pesanti o comunque di metterti nei guai. Acquista le compresse di Diazepam 10mg online<\/p>\n<p>Per i pazienti, la Lemon Cake \u00e8 una variet\u00e0 preziosa. \u00c8 ricca di terpeni, flavonoidi e altri cannabinoidi, non solo di THC e CBD. Le persone usano queste gemme per alleviare ansia, depressione, affaticamento, stress, dolore cronico, nausea, mal di testa, spasmi muscolari, spasticit\u00e0, vomito, perdita di appetito e altro ancora. \u00c8 antinfiammatorio, antitumorale, antiossidante, ansiolitico, analgesico, antiemetico e tutto il resto. Big Mex Magic Mushroom Online USA<\/p>\n<p>Lemon Cake non discrimina nessuno. Sia i consumatori terapeutici che quelli ricreativi adorano queste cime di Elite. Sono deliziosamente agrumati, incredibilmente potenti, piacevolmente energizzanti e ideali per l'uso diurno BROWNIE ALLA MENTA PIPERITA ALLA CANNABIS.<\/p>\n<p>THC: 25,66%.<\/p>","protected":false},"excerpt":{"rendered":"<p>La Lemon Cake della Heavyweight Seeds \u00e8 una potente variet\u00e0 a predominanza sativa con aromi dolci e muschiati. Conosciuta anche come Lemon Cheesecake, la Lemon Cake \u00e8 un incrocio tra Lemon Skunk e una \"Cheese pericolosamente forte\", secondo HS.<\/p>\n<p>&nbsp;<\/p>","protected":false},"featured_media":294,"comment_status":"open","ping_status":"closed","template":"","meta":{"om_disable_all_campaigns":false,"_monsterinsights_skip_tracking":false,"_monsterinsights_sitenote_active":false,"_monsterinsights_sitenote_note":"","_monsterinsights_sitenote_category":0},"product_brand":[],"product_cat":[126,127],"product_tag":[],"class_list":{"0":"post-293","1":"product","2":"type-product","3":"status-publish","4":"has-post-thumbnail","6":"product_cat-blumen","7":"product_cat-sativa-sorte","9":"first","10":"instock","11":"shipping-taxable","12":"purchasable","13":"product-type-variable"},"_links":{"self":[{"href":"https:\/\/caliweedonlineshop.com\/it\/wp-json\/wp\/v2\/product\/293","targetHints":{"allow":["GET"]}}],"collection":[{"href":"https:\/\/caliweedonlineshop.com\/it\/wp-json\/wp\/v2\/product"}],"about":[{"href":"https:\/\/caliweedonlineshop.com\/it\/wp-json\/wp\/v2\/types\/product"}],"replies":[{"embeddable":true,"href":"https:\/\/caliweedonlineshop.com\/it\/wp-json\/wp\/v2\/comments?post=293"}],"wp:featuredmedia":[{"embeddable":true,"href":"https:\/\/caliweedonlineshop.com\/it\/wp-json\/wp\/v2\/media\/294"}],"wp:attachment":[{"href":"https:\/\/caliweedonlineshop.com\/it\/wp-json\/wp\/v2\/media?parent=293"}],"wp:term":[{"taxonomy":"product_brand","embeddable":true,"href":"https:\/\/caliweedonlineshop.com\/it\/wp-json\/wp\/v2\/product_brand?post=293"},{"taxonomy":"product_cat","embeddable":true,"href":"https:\/\/caliweedonlineshop.com\/it\/wp-json\/wp\/v2\/product_cat?post=293"},{"taxonomy":"product_tag","embeddable":true,"href":"https:\/\/caliweedonlineshop.com\/it\/wp-json\/wp\/v2\/product_tag?post=293"}],"curies":[{"name":"wp","href":"https:\/\/api.w.org\/{rel}","templated":true}]}}