{"id":299,"date":"2023-01-12T18:14:12","date_gmt":"2023-01-12T18:14:12","guid":{"rendered":"https:\/\/caliweedonlineshop.com\/?post_type=product&#038;p=299"},"modified":"2023-01-12T18:14:12","modified_gmt":"2023-01-12T18:14:12","slug":"mango-haze","status":"publish","type":"product","link":"https:\/\/caliweedonlineshop.com\/it\/product\/mango-haze\/","title":{"rendered":"Mango Haze"},"content":{"rendered":"<h1>Acquista Mango Haze online nei Paesi Bassi<\/h1>\n<p>Acquista Mango Haze online nei Paesi Bassi. La Mango Haze \u00e8 una variet\u00e0 a predominanza sativa ibridata da Mr. Nice Seeds. hanno navigato <a href=\"https:\/\/www.leafly.com\/strains\/northern-lights--5\" target=\"_blank\" rel=\"noopener\">Northern Lights #5<\/a>, <a href=\"https:\/\/dutch-passion.com\/en\/blog\/haze-skunk-and-kush-the-3-building-blocks-for-modern-cannabis-strains-n971\" target=\"_blank\" rel=\"noopener\">Skunk und Haze<\/a>per creare questa variet\u00e0 stimolante e fruttata. Anche se \u00e8 molto simile alla sua variet\u00e0 gemella Super Silver. ACQUISTA OG<\/p>\n<p>La Haze presenta un caratteristico aroma di mango unito a un'inebriante sensazione cerebrale. Acquista le compresse di Diazepam 10mg online<\/p>\n<p>Mango Haze \u00e8 una variet\u00e0 ibrida a predominanza sativa perfettamente bilanciata, creata come incrocio a tre vie tra le popolarissime variet\u00e0 Northern Lights #5 X Skunk X Haze. Questo delizioso bocciolo vanta uno sballo beato ed energetico, perfetto per una giornata al chiuso o all'aperto. L'inizio di questo sballo \u00e8 follemente edificante, colpendo duramente la testa e bandendo istantaneamente qualsiasi pensiero e sentimento negativo o di corsa. Questo sballo cerebrale ti infonde una potente sensazione di energia creativa e motivazione, sostenuta da uno sballo corporeo che si sviluppa lentamente e rilassa. Questo sballo corporeo non diventa mai del tutto sedativo o assonnato, rendendo quest'erba ideale per l'uso diurno quando hai bisogno di una spinta energetica che allevia anche il dolore. A causa di questi effetti, la Mango Haze \u00e8 perfetta per trattare affaticamento, stress cronico o ansia, casi di depressione da lievi a moderati ed emicrania o mal di testa cronici. Queste cime hanno un delizioso aroma di mango dolce con un accenno nebbioso e un dolce sapore di frutta tropicale con sentori di Haze terrosa all'espirazione che \u00e8 piacevolmente dolce. Le cime di Mango Haze hanno piccoli pezzi di cime a forma di coda di volpe verde bosco con peli ambrati scuri e radi tricomi bianchi cristallini. Acquista funghi magici cubani online. Queste cime hanno un delizioso aroma di mango dolce con un accenno nebbioso e un dolce sapore di frutta tropicale con sentori di Haze terrosa all'espirazione che \u00e8 piacevolmente dolce. Le cime di Mango Haze hanno piccoli pezzi di cime a forma di coda di volpe verde bosco con peli ambrati scuri e radi tricomi bianchi cristallini. Acquista funghi magici cubani online. Queste cime hanno un delizioso aroma di mango dolce con un accenno nebbioso e un dolce sapore di frutta tropicale con sentori di Haze terrosa all'espirazione che \u00e8 piacevolmente dolce. Le cime di Mango Haze hanno piccoli pezzi di cime a forma di coda di volpe verde bosco con peli ambrati scuri e radi tricomi bianchi cristallini. Acquista funghi magici cubani online.<\/p>\n<h3>Acquista Mango Haze online nei Paesi Bassi<\/h3>\n<p>Creata da Mr. Nice Seeds, questa variet\u00e0 di cannabis \u00e8 un incrocio tra tre variet\u00e0 potenti e altrettanto popolari. Hanno Northern Lights #5, Haze e Skunk #1. Il suo corredo genetico pu\u00f2 sembrare complesso a causa dei tre ceppi parentali, ma i suoi effetti cerebrali non lo sono. Ottieni uno sballo cerebrale morbido e duraturo che \u00e8 quasi onirico. Aggiungete a ci\u00f2 il gusto e l'aroma deliziosi della Mango Haze che soddisferanno sicuramente i vostri sensi. Compra Purple Kush<\/p>\n<p>Originariamente sviluppata nei Paesi Bassi, la Mango Haze divenne ben presto la variet\u00e0 preferita di molti intenditori di cannabis. Il suo aroma e sapore rinfrescanti, uniti alla sua potente euforia, la rendono una variet\u00e0 popolare nella comunit\u00e0 della cannabis. Acquista Mango Haze online nei Paesi Bassi. Big Mex Magic Mushroom Online USA<\/p>\n<p>&nbsp;<\/p>\n<p>&nbsp;<\/p>\n<p>&nbsp;<\/p>","protected":false},"excerpt":{"rendered":"<p>Mango Haze \u00e8 una variet\u00e0 a predominanza sativa ibridata da Mr. Nice Seeds che ha incrociato Northern Lights #5, Skunk e Haze per creare questa variet\u00e0 stimolante e fruttata. Nonostante sia simile alla sua variet\u00e0 gemella Super Silver Haze, Mango lo \u00e8.<\/p>","protected":false},"featured_media":300,"comment_status":"open","ping_status":"closed","template":"","meta":{"om_disable_all_campaigns":false,"_monsterinsights_skip_tracking":false,"_monsterinsights_sitenote_active":false,"_monsterinsights_sitenote_note":"","_monsterinsights_sitenote_category":0},"product_brand":[],"product_cat":[126,127],"product_tag":[160,161,162,163,164],"class_list":{"0":"post-299","1":"product","2":"type-product","3":"status-publish","4":"has-post-thumbnail","6":"product_cat-blumen","7":"product_cat-sativa-sorte","8":"product_tag-buy-mango-haze-online-in-australia","9":"product_tag-buy-mango-haze-online-in-canada","10":"product_tag-buy-mango-haze-online-in-europe","11":"product_tag-buy-mango-haze-online-in-germany","12":"product_tag-buy-mango-haze-online-in-uk","14":"first","15":"instock","16":"shipping-taxable","17":"purchasable","18":"product-type-variable"},"_links":{"self":[{"href":"https:\/\/caliweedonlineshop.com\/it\/wp-json\/wp\/v2\/product\/299","targetHints":{"allow":["GET"]}}],"collection":[{"href":"https:\/\/caliweedonlineshop.com\/it\/wp-json\/wp\/v2\/product"}],"about":[{"href":"https:\/\/caliweedonlineshop.com\/it\/wp-json\/wp\/v2\/types\/product"}],"replies":[{"embeddable":true,"href":"https:\/\/caliweedonlineshop.com\/it\/wp-json\/wp\/v2\/comments?post=299"}],"wp:featuredmedia":[{"embeddable":true,"href":"https:\/\/caliweedonlineshop.com\/it\/wp-json\/wp\/v2\/media\/300"}],"wp:attachment":[{"href":"https:\/\/caliweedonlineshop.com\/it\/wp-json\/wp\/v2\/media?parent=299"}],"wp:term":[{"taxonomy":"product_brand","embeddable":true,"href":"https:\/\/caliweedonlineshop.com\/it\/wp-json\/wp\/v2\/product_brand?post=299"},{"taxonomy":"product_cat","embeddable":true,"href":"https:\/\/caliweedonlineshop.com\/it\/wp-json\/wp\/v2\/product_cat?post=299"},{"taxonomy":"product_tag","embeddable":true,"href":"https:\/\/caliweedonlineshop.com\/it\/wp-json\/wp\/v2\/product_tag?post=299"}],"curies":[{"name":"wp","href":"https:\/\/api.w.org\/{rel}","templated":true}]}}