{"id":305,"date":"2023-01-12T18:19:44","date_gmt":"2023-01-12T18:19:44","guid":{"rendered":"https:\/\/caliweedonlineshop.com\/?post_type=product&#038;p=305"},"modified":"2023-01-12T18:19:45","modified_gmt":"2023-01-12T18:19:45","slug":"maui-wowie","status":"publish","type":"product","link":"https:\/\/caliweedonlineshop.com\/it\/product\/maui-wowie\/","title":{"rendered":"Maui wowie"},"content":{"rendered":"<h1>Acquista Maui Wowie online in Albania<\/h1>\n<p>Acquista Maui Wowie online in Albania. Maui Wowie (non Maui Waui) \u00e8 un classico <a href=\"https:\/\/caliweedonlineshop.com\/index.php\/product-category\/blumen\/sativa-sorte\/\">Sativa<\/a>, i cui sapori tropicali e le cui propriet\u00e0 antistress vi trasporteranno direttamente sulle coste delle Hawaii, dove ha avuto origine questa variet\u00e0. Dai suoi inizi nel suolo vulcanico dell'isola, Maui Wowie si \u00e8 diffusa in tutto il mondo per benedirci con i suoi dolci sapori di ananas e l'euforia ad alta energia. Lo sballo leggero porter\u00e0 la tua mente in fughe creative, mentre lo sballo motivante e attivo di Maui Wowie \u00e8 tutto ci\u00f2 di cui hai bisogno per uscire e goderti il \u200b\u200bsole. Questa variet\u00e0 alta e allampanata \u00e8 pi\u00f9 adatta alla coltivazione in climi caldi e tropicali che rispecchiano la sua terra natale, ma un ambiente luminoso e un terreno ricco di sostanze nutritive sono generalmente sufficienti per la coltivazione indoor. Brownies al CBD<\/p>\n<h2>Kaufen Sie Maui Wowie online in Albanien<\/h2>\n<p>Maui Wowie \u00e8 una variet\u00e0 a predominanza sativa che si trova principalmente nelle isole Hawaii. Le cime della variet\u00e0 sono ricoperte di bellissimi cristalli che la rendono molto allettante per i pazienti e per i consumatori di cannabis. Per quanto riguarda l'olfatto, noterai sentori di pino insieme ad agrumi e lavanda. La variet\u00e0 sa anche di hashish fresco. Inoltre, il Maui Wowie \u00e8 anche molto efficace contro vari disturbi medici come stress, dolore cronico e depressione. Inoltre, non c'\u00e8 dubbio che la variet\u00e0 ti lascer\u00e0 rilassato ed energico. Big Mex Magic Mushroom Online USA<\/p>\n<p>Acquista Maui Wowie online, la variet\u00e0 offre un'euforia di fascia alta insieme a sapori di ananas che porteranno la tua mente in spazi creativi. Il suo effetto \u00e8 tutto ci\u00f2 di cui avrai bisogno per uscire e rimanere attivo per tutto il giorno, rendendolo un eccellente fumo diurno e mattutino. Acquista funghi magici cubani online<\/p>\n<p>Lo sballo \u00e8 piuttosto diverso in quanto fa vibrare il corpo e mette di buon umore. Inoltre, noterai anche un aumento della concentrazione e della concentrazione senza sentirti strano o a disagio come fanno altre variet\u00e0 di cannabis. Viale della Guarnigione<\/p>","protected":false},"excerpt":{"rendered":"<p>Maui Wowie (non Maui Waui) \u00e8 una sativa classica i cui sapori tropicali e propriet\u00e0 antistress ti trasporteranno direttamente sulle coste delle Hawaii, dove ha avuto origine questa variet\u00e0. Fin dai suoi inizi nel suolo vulcanico dell'isola.<\/p>\n<p>&nbsp;<\/p>","protected":false},"featured_media":306,"comment_status":"open","ping_status":"closed","template":"","meta":{"om_disable_all_campaigns":false,"_monsterinsights_skip_tracking":false,"_monsterinsights_sitenote_active":false,"_monsterinsights_sitenote_note":"","_monsterinsights_sitenote_category":0},"product_brand":[],"product_cat":[126,127],"product_tag":[165,166,167,168],"class_list":{"0":"post-305","1":"product","2":"type-product","3":"status-publish","4":"has-post-thumbnail","6":"product_cat-blumen","7":"product_cat-sativa-sorte","8":"product_tag-buy-maui-wowie-online-europe","9":"product_tag-buy-maui-wowie-online-in-australia","10":"product_tag-buy-maui-wowie-online-in-uk","11":"product_tag-buy-maui-wowie-online-in-usa","13":"first","14":"instock","15":"shipping-taxable","16":"purchasable","17":"product-type-variable"},"_links":{"self":[{"href":"https:\/\/caliweedonlineshop.com\/it\/wp-json\/wp\/v2\/product\/305","targetHints":{"allow":["GET"]}}],"collection":[{"href":"https:\/\/caliweedonlineshop.com\/it\/wp-json\/wp\/v2\/product"}],"about":[{"href":"https:\/\/caliweedonlineshop.com\/it\/wp-json\/wp\/v2\/types\/product"}],"replies":[{"embeddable":true,"href":"https:\/\/caliweedonlineshop.com\/it\/wp-json\/wp\/v2\/comments?post=305"}],"wp:featuredmedia":[{"embeddable":true,"href":"https:\/\/caliweedonlineshop.com\/it\/wp-json\/wp\/v2\/media\/306"}],"wp:attachment":[{"href":"https:\/\/caliweedonlineshop.com\/it\/wp-json\/wp\/v2\/media?parent=305"}],"wp:term":[{"taxonomy":"product_brand","embeddable":true,"href":"https:\/\/caliweedonlineshop.com\/it\/wp-json\/wp\/v2\/product_brand?post=305"},{"taxonomy":"product_cat","embeddable":true,"href":"https:\/\/caliweedonlineshop.com\/it\/wp-json\/wp\/v2\/product_cat?post=305"},{"taxonomy":"product_tag","embeddable":true,"href":"https:\/\/caliweedonlineshop.com\/it\/wp-json\/wp\/v2\/product_tag?post=305"}],"curies":[{"name":"wp","href":"https:\/\/api.w.org\/{rel}","templated":true}]}}