{"id":317,"date":"2023-01-12T18:32:16","date_gmt":"2023-01-12T18:32:16","guid":{"rendered":"https:\/\/caliweedonlineshop.com\/?post_type=product&#038;p=317"},"modified":"2023-01-12T18:32:16","modified_gmt":"2023-01-12T18:32:16","slug":"sour-jack","status":"publish","type":"product","link":"https:\/\/caliweedonlineshop.com\/it\/product\/sour-jack\/","title":{"rendered":"Sour Jack"},"content":{"rendered":"<h1>Acquista Sour Jack Strain online in Svezia<\/h1>\n<p>Acquista la variet\u00e0 Sour Jack online in Svezia. Ordina Sour Jack a Elmer City. Sour Jack, met\u00e0 <a href=\"https:\/\/www.leafly.com\/strains\/sour-diesel\" target=\"_blank\" rel=\"noopener\">Sour Diesel<\/a> und zur H\u00e4lfte <a href=\"https:\/\/en.wikipedia.org\/wiki\/Jack_Herer\" target=\"_blank\" rel=\"noopener\">Jack Herer<\/a>, prende il nome dai suoi genitori. Ha sviluppato una solida reputazione ed \u00e8 caratterizzata da un aroma intenso e da un profondo effetto cerebrale. Dopo aver combinato i due <a href=\"https:\/\/caliweedonlineshop.com\/index.php\/product-category\/blumen\/sativa-sorte\/\">Sativa<\/a>-ceppi dominanti, otteniamo un'incredibile combinazione di aromi tropicali e dolci mescolati con toni pungenti di agrumi e diesel. L'effetto edificante pu\u00f2 fornire una scintilla di energia e ridurre al minimo l'affaticamento fisico. La Sour Jack \u00e8 un'ottima variet\u00e0 per combattere la depressione e per aiutarti a rimanere attivo.<\/p>","protected":false},"excerpt":{"rendered":"<p>Met\u00e0 Sour Diesel e met\u00e0 Jack Herer, Sour Jack prende il nome dai suoi genitori. Si \u00e8 costruita una solida reputazione, vantando un aroma intenso e un profondo effetto cerebrale.<\/p>","protected":false},"featured_media":318,"comment_status":"open","ping_status":"closed","template":"","meta":{"om_disable_all_campaigns":false,"_monsterinsights_skip_tracking":false,"_monsterinsights_sitenote_active":false,"_monsterinsights_sitenote_note":"","_monsterinsights_sitenote_category":0},"product_brand":[],"product_cat":[126,127],"product_tag":[153,147,173,174,175,176,177],"class_list":{"0":"post-317","1":"product","2":"type-product","3":"status-publish","4":"has-post-thumbnail","6":"product_cat-blumen","7":"product_cat-sativa-sorte","8":"product_tag-buy-cherry-pie-online-in-arklohaham","9":"product_tag-buy-grapefruit-online-in-new-york","10":"product_tag-buy-sour-jack-strain-online","11":"product_tag-buy-sour-jack-strain-online-europe","12":"product_tag-buy-sour-jack-strain-online-france","13":"product_tag-buy-sour-jack-strain-online-germany","14":"product_tag-buy-sour-jack-strain-online-sweden","16":"first","17":"instock","18":"shipping-taxable","19":"purchasable","20":"product-type-variable"},"_links":{"self":[{"href":"https:\/\/caliweedonlineshop.com\/it\/wp-json\/wp\/v2\/product\/317","targetHints":{"allow":["GET"]}}],"collection":[{"href":"https:\/\/caliweedonlineshop.com\/it\/wp-json\/wp\/v2\/product"}],"about":[{"href":"https:\/\/caliweedonlineshop.com\/it\/wp-json\/wp\/v2\/types\/product"}],"replies":[{"embeddable":true,"href":"https:\/\/caliweedonlineshop.com\/it\/wp-json\/wp\/v2\/comments?post=317"}],"wp:featuredmedia":[{"embeddable":true,"href":"https:\/\/caliweedonlineshop.com\/it\/wp-json\/wp\/v2\/media\/318"}],"wp:attachment":[{"href":"https:\/\/caliweedonlineshop.com\/it\/wp-json\/wp\/v2\/media?parent=317"}],"wp:term":[{"taxonomy":"product_brand","embeddable":true,"href":"https:\/\/caliweedonlineshop.com\/it\/wp-json\/wp\/v2\/product_brand?post=317"},{"taxonomy":"product_cat","embeddable":true,"href":"https:\/\/caliweedonlineshop.com\/it\/wp-json\/wp\/v2\/product_cat?post=317"},{"taxonomy":"product_tag","embeddable":true,"href":"https:\/\/caliweedonlineshop.com\/it\/wp-json\/wp\/v2\/product_tag?post=317"}],"curies":[{"name":"wp","href":"https:\/\/api.w.org\/{rel}","templated":true}]}}