{"id":335,"date":"2023-01-12T18:54:26","date_gmt":"2023-01-12T18:54:26","guid":{"rendered":"https:\/\/caliweedonlineshop.com\/?post_type=product&#038;p=335"},"modified":"2023-01-12T18:54:26","modified_gmt":"2023-01-12T18:54:26","slug":"super-sour-diesel","status":"publish","type":"product","link":"https:\/\/caliweedonlineshop.com\/it\/product\/super-sour-diesel\/","title":{"rendered":"Super Sour Diesel"},"content":{"rendered":"<h1>Acquista Super Sour Diesel online in Germania<\/h1>\n<p>Acquista Super Sour Diesel online in Germania. Seguendo i suoi famosi genitori, la Super Sour Diesel \u00e8 una variet\u00e0 incredibile <a href=\"https:\/\/caliweedonlineshop.com\/index.php\/product-category\/blumen\/sativa-sorte\/\">Sativa<\/a>. Un potente incrocio tra <a href=\"https:\/\/www.leafly.com\/strains\/super-silver-haze\" target=\"_blank\" rel=\"noopener\">Super Silver Haze<\/a> und <a href=\"https:\/\/en.wikipedia.org\/wiki\/Sour_Diesel\" target=\"_blank\" rel=\"noopener\">Sour Diesel<\/a>. Super Sour Diesel elimina lo stress e il dolore promuovendo la creativit\u00e0 e l'euforia. Super Sour Diesel \u00e8 energizzante, il che lo rende perfetto per l'uso diurno. Tuttavia, i nuovi consumatori dovrebbero prestare attenzione quando provano questa variet\u00e0. La Super Sour Diesel ha un forte sballo cerebrale che pu\u00f2 essere travolgente per i novizi della MMJ. I consumatori esperti saranno sorpresi dagli effetti introspettivi di questa variet\u00e0. Socievole e divertente, gli effetti di questa variet\u00e0 sono evidenti fin dal primo tentativo. L'aroma pungente e simile al carburante della Super Sour Diesel parla della pura forza di questa variet\u00e0. compra Golden Pineapple Credible Sativa. Super Sour Diesel \u00e8 un potente incrocio tra Super Silver Haze e Sour Diesel. Allontana lo stress e il dolore e allo stesso tempo promuove la creativit\u00e0 e l'euforia. In vera forma sativa, la Super Sour Diesel fornisce energia, rendendola adatta all'uso diurno. Acquista marijuana di alta qualit\u00e0 online. Tuttavia, i nuovi utenti dovrebbero prestare attenzione quando provano questa variet\u00e0. La Super Sour Diesel produce forti effetti cerebrali che possono essere travolgenti per i novizi della MMJ. I consumatori esperti saranno sorpresi dagli effetti introspettivi di questa variet\u00e0. Socievole e divertente, gli effetti di questa variet\u00e0 sono evidenti fin dal primo tentativo. L'aroma pungente e simile al carburante della Super Sour Diesel parla della pura forza di questa variet\u00e0. compra Hashish libanese biondo quando provi questa variet\u00e0. La Super Sour Diesel produce forti effetti cerebrali che possono essere travolgenti per i novizi della MMJ. I consumatori esperti saranno sorpresi dagli effetti introspettivi di questa variet\u00e0. Socievole e divertente, gli effetti di questa variet\u00e0 sono evidenti fin dal primo tentativo. L'aroma pungente e simile al carburante della Super Sour Diesel parla della pura forza di questa variet\u00e0. compra Hashish libanese biondo quando provi questa variet\u00e0. La Super Sour Diesel produce forti effetti cerebrali che possono essere travolgenti per i novizi della MMJ. I consumatori esperti saranno sorpresi dagli effetti introspettivi di questa variet\u00e0. Socievole e divertente, gli effetti di questa variet\u00e0 sono evidenti fin dal primo tentativo. L'aroma pungente e simile al carburante della Super Sour Diesel parla della pura forza di questa variet\u00e0. compra Hashish libanese biondo<\/p>\n<h2>Acquista Super Sour Diesel online in Germania<\/h2>\n<p>Sativa THC: 18% &#8211; 24%. Kubanische Magic Mushrooms online kaufen<\/p>\n<p>Super Sour Diesel, molti membri del <a href=\"https:\/\/caliweedonlineshop.com\/it\/\">Cannabis<\/a>-Community conosciuta anche come \"Super Silver Sour Diesel\" \u00e8 una variet\u00e0 sativa pura al 100% che \u00e8 un potente incrocio tra le popolarissime variet\u00e0 Super Silver Haze X Sour Diesel. Questa fantastica cima ha livelli di THC moderatamente alti, in media del 18-24%, e forti effetti sativa. Gli utenti descrivono la Super Sour Diesel come un \"high\" incredibilmente forte, quasi al punto da essere travolgente. Ci si sente intensamente felici ed esaltati, ma anche annebbiati e facilmente distratti. Acquista Grape CBD Vape Pen<\/p>\n<h3>COME TI FA SENTIRE QUESTA FORZA?<\/h3>\n<p>Anche se la Super Sour Diesel \u00e8 un po' distaccata, lascia una sensazione rilassata e creativa, con tendenze verso una leggera ansia quando se ne fuma troppa in una volta. Questi potenti effetti rendono la Super Sour Diesel una variet\u00e0 ideale per il trattamento di pazienti che soffrono di stress cronico, depressione, dolore cronico e affaticamento. La Super Sour Diesel ha un pungente aroma di diesel con una sfumatura terrosa e un gusto di diesel con un retrogusto chimico aspro all'espirazione. Le gemme Super Sour Diesel hanno cime lunghe, pepate, verde neon con macchie e foglie verde menta. Queste cime sono costellate di radi peli arancioni infuocati e ricoperte da uno spesso strato di tricomi bianchi cristallini e resina.<\/p>","protected":false},"excerpt":{"rendered":"<p>La Super Sour Diesel, conosciuta anche come \"Super Silver Sour Diesel\" da molti membri della comunit\u00e0 della cannabis, \u00e8 una variet\u00e0 sativa pura al 100% che \u00e8 un potente incrocio tra le popolarissime variet\u00e0 Super Silver Haze X Sour Diesel.<\/p>","protected":false},"featured_media":336,"comment_status":"open","ping_status":"closed","template":"","meta":{"om_disable_all_campaigns":false,"_monsterinsights_skip_tracking":false,"_monsterinsights_sitenote_active":false,"_monsterinsights_sitenote_note":"","_monsterinsights_sitenote_category":0},"product_brand":[],"product_cat":[126,127],"product_tag":[182,183,184,185,186],"class_list":{"0":"post-335","1":"product","2":"type-product","3":"status-publish","4":"has-post-thumbnail","6":"product_cat-blumen","7":"product_cat-sativa-sorte","8":"product_tag-buy-super-sour-diesel-online-in-chicago","9":"product_tag-buy-super-sour-diesel-online-in-houston","10":"product_tag-buy-super-sour-diesel-online-in-los-angeles","11":"product_tag-buy-super-sour-diesel-online-in-new-york","12":"product_tag-buy-super-sour-diesel-online-in-usa","14":"first","15":"instock","16":"shipping-taxable","17":"purchasable","18":"product-type-variable"},"_links":{"self":[{"href":"https:\/\/caliweedonlineshop.com\/it\/wp-json\/wp\/v2\/product\/335","targetHints":{"allow":["GET"]}}],"collection":[{"href":"https:\/\/caliweedonlineshop.com\/it\/wp-json\/wp\/v2\/product"}],"about":[{"href":"https:\/\/caliweedonlineshop.com\/it\/wp-json\/wp\/v2\/types\/product"}],"replies":[{"embeddable":true,"href":"https:\/\/caliweedonlineshop.com\/it\/wp-json\/wp\/v2\/comments?post=335"}],"wp:featuredmedia":[{"embeddable":true,"href":"https:\/\/caliweedonlineshop.com\/it\/wp-json\/wp\/v2\/media\/336"}],"wp:attachment":[{"href":"https:\/\/caliweedonlineshop.com\/it\/wp-json\/wp\/v2\/media?parent=335"}],"wp:term":[{"taxonomy":"product_brand","embeddable":true,"href":"https:\/\/caliweedonlineshop.com\/it\/wp-json\/wp\/v2\/product_brand?post=335"},{"taxonomy":"product_cat","embeddable":true,"href":"https:\/\/caliweedonlineshop.com\/it\/wp-json\/wp\/v2\/product_cat?post=335"},{"taxonomy":"product_tag","embeddable":true,"href":"https:\/\/caliweedonlineshop.com\/it\/wp-json\/wp\/v2\/product_tag?post=335"}],"curies":[{"name":"wp","href":"https:\/\/api.w.org\/{rel}","templated":true}]}}