{"id":341,"date":"2023-01-12T18:59:02","date_gmt":"2023-01-12T18:59:02","guid":{"rendered":"https:\/\/caliweedonlineshop.com\/?post_type=product&#038;p=341"},"modified":"2023-01-12T18:59:38","modified_gmt":"2023-01-12T18:59:38","slug":"tangie-kush","status":"publish","type":"product","link":"https:\/\/caliweedonlineshop.com\/it\/product\/tangie-kush\/","title":{"rendered":"Tangie kush"},"content":{"rendered":"<h1>Acquista Tangie Kush a Montrose<\/h1>\n<p>Acquista Tangie Kush a Montrose. Ordina Tangie Kush a Montrose. Tangie \u00e8 un'altra fantastica offerta della DNA Genetics con sede ad Amsterdam che ha rapidamente guadagnato popolarit\u00e0 nella sua terra natale e si sta diffondendo anche altrove. Questa variet\u00e0 \u00e8 una sorta di remake della popolare versione di <a href=\"https:\/\/www.zamnesia.com\/blog-tangerine-dream-cannabis-strain-review-information-n2152#:~:text=Tangerine%20Dream%20is%20a%2070,add%20to%20a%20great%20experience.\" target=\"_blank\" rel=\"noopener\">Tangerine Dream<\/a>, molto richiesto negli anni '90. La genetica di questa variet\u00e0 \u00e8 un incrocio tra una California Orange e un ibrido Skunk, e la sua eredit\u00e0 agrumata \u00e8 pi\u00f9 evidente nel suo rinfrescante aroma di mandarino. Come pianta, Tangie cresce meglio all'aperto e produce cime appiccicose che hanno un effetto euforico ma rilassante.acquista maui wowie<\/p>","protected":false},"excerpt":{"rendered":"<p>Tangie \u00e8 un'altra fantastica offerta della DNA Genetics con sede ad Amsterdam che ha rapidamente guadagnato popolarit\u00e0 nella sua terra natale e si sta diffondendo anche altrove. Questa variet\u00e0 \u00e8 una sorta di remake della popolare versione di Tangerine Dream, molto ricercata negli anni '90<\/p>","protected":false},"featured_media":342,"comment_status":"open","ping_status":"closed","template":"","meta":{"om_disable_all_campaigns":false,"_monsterinsights_skip_tracking":false,"_monsterinsights_sitenote_active":false,"_monsterinsights_sitenote_note":"","_monsterinsights_sitenote_category":0},"product_brand":[],"product_cat":[126,127],"product_tag":[187,188,189],"class_list":{"0":"post-341","1":"product","2":"type-product","3":"status-publish","4":"has-post-thumbnail","6":"product_cat-blumen","7":"product_cat-sativa-sorte","8":"product_tag-buy-frosties-cookies-online-in-lowa","9":"product_tag-buy-frosties-cookies-online-in-oregon","10":"product_tag-buy-fruity-pebbles-in-nevada","12":"first","13":"instock","14":"shipping-taxable","15":"purchasable","16":"product-type-variable"},"_links":{"self":[{"href":"https:\/\/caliweedonlineshop.com\/it\/wp-json\/wp\/v2\/product\/341","targetHints":{"allow":["GET"]}}],"collection":[{"href":"https:\/\/caliweedonlineshop.com\/it\/wp-json\/wp\/v2\/product"}],"about":[{"href":"https:\/\/caliweedonlineshop.com\/it\/wp-json\/wp\/v2\/types\/product"}],"replies":[{"embeddable":true,"href":"https:\/\/caliweedonlineshop.com\/it\/wp-json\/wp\/v2\/comments?post=341"}],"wp:featuredmedia":[{"embeddable":true,"href":"https:\/\/caliweedonlineshop.com\/it\/wp-json\/wp\/v2\/media\/342"}],"wp:attachment":[{"href":"https:\/\/caliweedonlineshop.com\/it\/wp-json\/wp\/v2\/media?parent=341"}],"wp:term":[{"taxonomy":"product_brand","embeddable":true,"href":"https:\/\/caliweedonlineshop.com\/it\/wp-json\/wp\/v2\/product_brand?post=341"},{"taxonomy":"product_cat","embeddable":true,"href":"https:\/\/caliweedonlineshop.com\/it\/wp-json\/wp\/v2\/product_cat?post=341"},{"taxonomy":"product_tag","embeddable":true,"href":"https:\/\/caliweedonlineshop.com\/it\/wp-json\/wp\/v2\/product_tag?post=341"}],"curies":[{"name":"wp","href":"https:\/\/api.w.org\/{rel}","templated":true}]}}