{"id":347,"date":"2023-01-12T19:04:03","date_gmt":"2023-01-12T19:04:03","guid":{"rendered":"https:\/\/caliweedonlineshop.com\/?post_type=product&#038;p=347"},"modified":"2023-01-12T19:04:03","modified_gmt":"2023-01-12T19:04:03","slug":"tropicana-cookies","status":"publish","type":"product","link":"https:\/\/caliweedonlineshop.com\/it\/product\/tropicana-cookies\/","title":{"rendered":"Tropicana cookies"},"content":{"rendered":"<h1>Acquista i biscotti Tropicana online in Europa<\/h1>\n<p>Acquista Tropicana Cookies online in Europa. Creato da Oni Seed Co, Tropicana incrocia Cookies <a href=\"https:\/\/www.leafly.com\/strains\/gsc?__cf_chl_tk=UiS_HhiyQN9ZeqffigDDWnmpn7ZvwxuuXplcjtmV6yc-1673550196-0-gaNycGzNEKU\" target=\"_blank\" rel=\"noopener\">GSC<\/a> und <a href=\"https:\/\/www.allbud.com\/marijuana-strains\/hybrid\/tangie\" target=\"_blank\" rel=\"noopener\">Tangie<\/a>. Il risultato \u00e8 una variet\u00e0 a predominanza sativa con forti note di mandarino e agrumi.<\/p>\n<p>supportato da un morbido gusto di biscotto. Aspettatevi boccioli viola con sentori di verde scuro con peli arancioni.<\/p>\n<p>C'\u00e8 il famigerato Tropicanna Cookies, allevato da Oni Seed Company. Tropicana Cookies \u00e8 un incrocio tra Forum Girl Scout Cookies (GSC) e Tangie. Il risultato \u00e8 un ibrido a predominanza sativa con forti note di mandarino e agrumi, sostenute da un morbido sapore di biscotto. C'\u00e8 un motivo per cui questa variet\u00e0 \u00e8 famosa. #tropicannacookies. Acquista i biscotti alla fragola online<\/p>\n<p>Tropicana Cookies F2 \u00e8 un ibrido a predominanza sativa (87% sativa\/23% indica). La variet\u00e0 \u00e8 stata creata incrociando le classiche variet\u00e0 South Indian X Skunk #1. Acquista i biscotti Tropicanna nel Regno Unito. Acquista marijuana online nei Paesi Bassi<\/p>","protected":false},"excerpt":{"rendered":"<p>Tropicana Cookies F2 \u00e8 un ibrido a predominanza sativa (87% sativa\/23% indica). La variet\u00e0 \u00e8 stata creata incrociando le classiche variet\u00e0 South Indian X Skunk #1. Acquista i biscotti Tropicanna nel Regno Unito.<\/p>","protected":false},"featured_media":348,"comment_status":"open","ping_status":"closed","template":"","meta":{"om_disable_all_campaigns":false,"_monsterinsights_skip_tracking":false,"_monsterinsights_sitenote_active":false,"_monsterinsights_sitenote_note":"","_monsterinsights_sitenote_category":0},"product_brand":[],"product_cat":[126,127],"product_tag":[190,191,192,193,194],"class_list":{"0":"post-347","1":"product","2":"type-product","3":"status-publish","4":"has-post-thumbnail","6":"product_cat-blumen","7":"product_cat-sativa-sorte","8":"product_tag-buy-tropicana-cookies-online-in-canada","9":"product_tag-buy-tropicana-cookies-online-in-sweden","10":"product_tag-buy-tropicana-cookies-online-in-uk","11":"product_tag-buy-tropicana-cookies-online-in-europe","12":"product_tag-buy-tropicana-cookies-online-in-germany","14":"first","15":"instock","16":"shipping-taxable","17":"purchasable","18":"product-type-variable"},"_links":{"self":[{"href":"https:\/\/caliweedonlineshop.com\/it\/wp-json\/wp\/v2\/product\/347","targetHints":{"allow":["GET"]}}],"collection":[{"href":"https:\/\/caliweedonlineshop.com\/it\/wp-json\/wp\/v2\/product"}],"about":[{"href":"https:\/\/caliweedonlineshop.com\/it\/wp-json\/wp\/v2\/types\/product"}],"replies":[{"embeddable":true,"href":"https:\/\/caliweedonlineshop.com\/it\/wp-json\/wp\/v2\/comments?post=347"}],"wp:featuredmedia":[{"embeddable":true,"href":"https:\/\/caliweedonlineshop.com\/it\/wp-json\/wp\/v2\/media\/348"}],"wp:attachment":[{"href":"https:\/\/caliweedonlineshop.com\/it\/wp-json\/wp\/v2\/media?parent=347"}],"wp:term":[{"taxonomy":"product_brand","embeddable":true,"href":"https:\/\/caliweedonlineshop.com\/it\/wp-json\/wp\/v2\/product_brand?post=347"},{"taxonomy":"product_cat","embeddable":true,"href":"https:\/\/caliweedonlineshop.com\/it\/wp-json\/wp\/v2\/product_cat?post=347"},{"taxonomy":"product_tag","embeddable":true,"href":"https:\/\/caliweedonlineshop.com\/it\/wp-json\/wp\/v2\/product_tag?post=347"}],"curies":[{"name":"wp","href":"https:\/\/api.w.org\/{rel}","templated":true}]}}