{"id":353,"date":"2023-01-13T05:16:20","date_gmt":"2023-01-13T05:16:20","guid":{"rendered":"https:\/\/caliweedonlineshop.com\/?post_type=product&#038;p=353"},"modified":"2023-01-13T05:16:47","modified_gmt":"2023-01-13T05:16:47","slug":"afghan-kush","status":"publish","type":"product","link":"https:\/\/caliweedonlineshop.com\/it\/product\/afghan-kush\/","title":{"rendered":"Afghan Kush"},"content":{"rendered":"<h1>Acquista Afghan Kush online<\/h1>\n<p>Acquista Afghan Kush online. Ordina afghan kush online. Le radici di Afghan Kush risalgono al <a href=\"https:\/\/en.wikipedia.org\/wiki\/Hindu_Kush\" target=\"_blank\" rel=\"noopener\">Hindukusch-Bergkette<\/a> vicino al confine afghano-pakistano. Perfezionato nel corso dei secoli, \u00e8 la fonte definitiva per l'hashish <a href=\"https:\/\/www.bushplanet.com\/Charas_Hashish_Infos_Production\" target=\"_blank\" rel=\"noopener\">Charas<\/a> und das <a href=\"https:\/\/www.afghanistan-analysts.org\/en\/reports\/context-culture\/the-myth-of-afghan-black-a-cultural-history-of-cannabis-cultivation-and-hashish-production-in-afghanistan\/\" target=\"_blank\" rel=\"noopener\">klebrige schwarze Afghani-Hasch<\/a>White Label Seed Company, un partner olandese di Sensi Seeds, mette i suoi semi a disposizione di chiunque possa coltivarli. Acquista Strawberry Kush Le gemme Afghan Kush si sviluppano in pepite massicce e smussate piene di resina e offrono grandi raccolti. Nota per il suo alto contenuto di resina e per i potenti effetti sedativi, l'Afghan Kush \u00e8 la scelta migliore per coloro che desiderano rilassarsi dopo una lunga giornata. L'Afghan Kush \u00e8 una famigerata variet\u00e0 autoctona che ha le sue radici nelle catene montuose dell'Hindu Kush, pi\u00f9 precisamente al confine tra Tagikistan e Uzbekistan.compra sherbinskis<\/p>\n<h2>Acquista Afghan Kush online<\/h2>\n<p>Acquista Afghan Kush online. Ordina Afghan Kush online. Questa centrale elettrica di a <a href=\"https:\/\/caliweedonlineshop.com\/index.php\/product-category\/blumen\/indica-sorten\/\">Indica<\/a>La variet\u00e0 che tutti abbiamo imparato a conoscere e ad amare in Canada \u00e8 il risultato di centinaia di anni di persistenza del fenotipo originale, in continua evoluzione e sviluppo di tratti come livelli di THC insolitamente alti e resistenza al freddo per sopravvivere alle dure condizioni climatiche della regione. Molti allevatori attribuiscono all'Afghan Kush uno dei padrini delle pi\u00f9 moderne variet\u00e0 indica, essendo la \"spina dorsale\" genetica responsabile di molti degli effetti rilassanti che si trovano nelle tipiche cime indica. gemme e il suo alto <a href=\"https:\/\/caliweedonlineshop.com\/it\/\">THC-Gehalt<\/a> stimato in media intorno al 18%, rendendolo uno dei ceppi preferiti dai locali nelle regioni montuose dell'Hindu Kush per hashish come charas e hashish afgano. Non dovrebbe sorprendere il fatto che il contenuto sostanziale di THC dell'Afghan Kush sia correlato allo sballo estremamente potente, rilassante e sedativo. Gli utenti riferiscono che lo sballo inizia con uno sballo molto felice ed euforico accompagnato da risate e fame, per poi passare lentamente a uno stato rilassato simile a un sogno. compra Obama kush Una delle caratteristiche pi\u00f9 singolari dell'hashish afghano \u00e8 il suo aroma e il suo profilo aromatico rari e distinti. La variet\u00e0 \u00e8 nota per le sue note di fondo terrose e sfumature di hashish pungente, gas umido\/benzina e sentori di pino fresco.compra erba online in Europa<\/p>","protected":false},"excerpt":{"rendered":"<p>Le radici dell'Afghan Kush risalgono alle montagne dell'Hindu Kush vicino al confine afghano-pakistano. Perfezionato nel corso dei secoli, \u00e8 l'ultima fonte di hashish come il charas e l'hashish afghano nero appiccicoso.\n\ns<\/p>","protected":false},"featured_media":354,"comment_status":"open","ping_status":"closed","template":"","meta":{"om_disable_all_campaigns":false,"_monsterinsights_skip_tracking":false,"_monsterinsights_sitenote_active":false,"_monsterinsights_sitenote_note":"","_monsterinsights_sitenote_category":0},"product_brand":[],"product_cat":[126,195],"product_tag":[196,197,198],"class_list":{"0":"post-353","1":"product","2":"type-product","3":"status-publish","4":"has-post-thumbnail","6":"product_cat-blumen","7":"product_cat-indica-sorten","8":"product_tag-buy-lemon-cherry-gelato-in-uk","9":"product_tag-buy-skittles-moonrocks-online-in-paris","10":"product_tag-buy-white-cherry-gelato-in-australia","12":"first","13":"instock","14":"shipping-taxable","15":"purchasable","16":"product-type-variable"},"_links":{"self":[{"href":"https:\/\/caliweedonlineshop.com\/it\/wp-json\/wp\/v2\/product\/353","targetHints":{"allow":["GET"]}}],"collection":[{"href":"https:\/\/caliweedonlineshop.com\/it\/wp-json\/wp\/v2\/product"}],"about":[{"href":"https:\/\/caliweedonlineshop.com\/it\/wp-json\/wp\/v2\/types\/product"}],"replies":[{"embeddable":true,"href":"https:\/\/caliweedonlineshop.com\/it\/wp-json\/wp\/v2\/comments?post=353"}],"wp:featuredmedia":[{"embeddable":true,"href":"https:\/\/caliweedonlineshop.com\/it\/wp-json\/wp\/v2\/media\/354"}],"wp:attachment":[{"href":"https:\/\/caliweedonlineshop.com\/it\/wp-json\/wp\/v2\/media?parent=353"}],"wp:term":[{"taxonomy":"product_brand","embeddable":true,"href":"https:\/\/caliweedonlineshop.com\/it\/wp-json\/wp\/v2\/product_brand?post=353"},{"taxonomy":"product_cat","embeddable":true,"href":"https:\/\/caliweedonlineshop.com\/it\/wp-json\/wp\/v2\/product_cat?post=353"},{"taxonomy":"product_tag","embeddable":true,"href":"https:\/\/caliweedonlineshop.com\/it\/wp-json\/wp\/v2\/product_tag?post=353"}],"curies":[{"name":"wp","href":"https:\/\/api.w.org\/{rel}","templated":true}]}}