{"id":359,"date":"2023-01-13T05:23:20","date_gmt":"2023-01-13T05:23:20","guid":{"rendered":"https:\/\/caliweedonlineshop.com\/?post_type=product&#038;p=359"},"modified":"2023-01-13T05:23:20","modified_gmt":"2023-01-13T05:23:20","slug":"black-domina","status":"publish","type":"product","link":"https:\/\/caliweedonlineshop.com\/it\/product\/black-domina\/","title":{"rendered":"Black Domina"},"content":{"rendered":"<h1>Acquista femdom nero online.<\/h1>\n<p>Acquista femdom nero online. ordina black domina online Lavorare con quattro esemplari premium di Cannabis Afghanica ha portato Sensi Seeds a creare i migliori <a href=\"https:\/\/caliweedonlineshop.com\/index.php\/product-category\/blumen\/indica-sorten\/\">Indica-Genetik<\/a> da mescolare in un ibrido dalla rapida fioritura e ricoperto di cristalli: Black Domina. Combinando le propriet\u00e0 desiderabili del <a href=\"https:\/\/www.space.com\/15139-northern-lights-auroras-earth-facts-sdcmp.html\" target=\"_blank\" rel=\"noopener\">Northern Lights<\/a>, <a href=\"https:\/\/www.leafly.com\/strains\/ortega\" target=\"_blank\" rel=\"noopener\">Ortega<\/a>, <a href=\"https:\/\/www.wikileaf.com\/strain\/hash-plant\/\" target=\"_blank\" rel=\"noopener\">Hash Plant<\/a> e Afghani SA, questa variet\u00e0 \u00e8 ugualmente adatta alle esigenze di coltivatori commerciali, intenditori e coltivatori alle prime armi. La Black Domina offre un aroma speziato di paprika insieme a un travolgente rilassamento e sonnolenza, rendendo questa variet\u00e0 ideale per l'uso notturno. Acquista Preparato per torte\/Mintz<\/p>\n<p>Questa variet\u00e0 \u00e8 incredibile! \u00c8 come fumare un antidepressivo. All'inizio la testa \u00e8 molto euforica, e il burnout ti lascia ancora molto tranquillo, non intontito e arrabbiato perch\u00e9 non sei pi\u00f9 fatto.<\/p>\n<h3>Acquista femdom nero online.<\/h3>\n<p>Acquista femdom nero online. Ordina il femdom nero online. I boccioli sono grandi, densi e super scuri. Quasi tutti i viola intenso rendono questa variet\u00e0 quella da acquistare per una pazza variet\u00e0 rara. Non avevo mai sentito parlare di lei fino a quando non ho messo le mani su di lei. Uno sguardo, un odore e un colpo hanno portato questa variet\u00e0 alla nostra lista. Acquista Strawnana<\/p>\n<p>&nbsp;<\/p>\n<p>Un'ottima variet\u00e0 notturna per chi ha bisogno di dormire un po'. Dimentica di contare le pecore, fuma e addormentati.<\/p>","protected":false},"excerpt":{"rendered":"<p>Lavorando con quattro eccellenti esemplari di Cannabis Afghanica, Sensi Seeds ha miscelato le migliori genetiche indica del mondo in un ibrido a fioritura rapida e ricoperto di cristalli.<\/p>\n<p>&nbsp;<\/p>","protected":false},"featured_media":360,"comment_status":"open","ping_status":"closed","template":"","meta":{"om_disable_all_campaigns":false,"_monsterinsights_skip_tracking":false,"_monsterinsights_sitenote_active":false,"_monsterinsights_sitenote_note":"","_monsterinsights_sitenote_category":0},"product_brand":[],"product_cat":[126,195],"product_tag":[],"class_list":{"0":"post-359","1":"product","2":"type-product","3":"status-publish","4":"has-post-thumbnail","6":"product_cat-blumen","7":"product_cat-indica-sorten","9":"first","10":"instock","11":"shipping-taxable","12":"purchasable","13":"product-type-variable"},"_links":{"self":[{"href":"https:\/\/caliweedonlineshop.com\/it\/wp-json\/wp\/v2\/product\/359","targetHints":{"allow":["GET"]}}],"collection":[{"href":"https:\/\/caliweedonlineshop.com\/it\/wp-json\/wp\/v2\/product"}],"about":[{"href":"https:\/\/caliweedonlineshop.com\/it\/wp-json\/wp\/v2\/types\/product"}],"replies":[{"embeddable":true,"href":"https:\/\/caliweedonlineshop.com\/it\/wp-json\/wp\/v2\/comments?post=359"}],"wp:featuredmedia":[{"embeddable":true,"href":"https:\/\/caliweedonlineshop.com\/it\/wp-json\/wp\/v2\/media\/360"}],"wp:attachment":[{"href":"https:\/\/caliweedonlineshop.com\/it\/wp-json\/wp\/v2\/media?parent=359"}],"wp:term":[{"taxonomy":"product_brand","embeddable":true,"href":"https:\/\/caliweedonlineshop.com\/it\/wp-json\/wp\/v2\/product_brand?post=359"},{"taxonomy":"product_cat","embeddable":true,"href":"https:\/\/caliweedonlineshop.com\/it\/wp-json\/wp\/v2\/product_cat?post=359"},{"taxonomy":"product_tag","embeddable":true,"href":"https:\/\/caliweedonlineshop.com\/it\/wp-json\/wp\/v2\/product_tag?post=359"}],"curies":[{"name":"wp","href":"https:\/\/api.w.org\/{rel}","templated":true}]}}