{"id":365,"date":"2023-01-13T05:30:34","date_gmt":"2023-01-13T05:30:34","guid":{"rendered":"https:\/\/caliweedonlineshop.com\/?post_type=product&#038;p=365"},"modified":"2023-01-13T05:33:24","modified_gmt":"2023-01-13T05:33:24","slug":"blackberry-kush","status":"publish","type":"product","link":"https:\/\/caliweedonlineshop.com\/it\/product\/blackberry-kush\/","title":{"rendered":"Blackberry Kush"},"content":{"rendered":"<h1>Acquista Blackberry Kush online<\/h1>\n<p>Acquista Blackberry Kush online. Ordina Blackberry Kush online. Questo <a href=\"https:\/\/caliweedonlineshop.com\/index.php\/product-category\/blumen\/indica-sorten\/\">Indica-Sorte<\/a> ist eine Mischung aus <a href=\"https:\/\/www.wikileaf.com\/strain\/afghani\/\" target=\"_blank\" rel=\"noopener\">Afghani<\/a> und <a href=\"https:\/\/www.allbud.com\/marijuana-strains\/hybrid\/blackberry\" target=\"_blank\" rel=\"noopener\">Blackberry und<\/a> ha bellissimi boccioli viola scuro con peli arancioni. Le piante fioriscono in 7-8 settimane e non sono particolarmente produttive, ma le pepite dense e dure hanno cristalli dappertutto. Il padrino Og Blackberry Kush tende ad avere un odore di hashish, carburante per aerei e un gusto bilanciato da frutti di bosco dolci. La Blackberry Kush \u00e8 spesso consigliata per trattare il dolore a causa dei suoi potenti effetti fisici. Acquista Purple Punch Questa variet\u00e0 prevalentemente indica \u00e8 un mix di ceppi Afghani e Blackberry e ha bellissime cime viola scuro con peli arancioni. Le piante fioriscono in 7-8 settimane e non sono particolarmente produttive, ma le pepite dense e dure hanno cristalli dappertutto. Blackberry Kush tende ad avere un odore e un sapore di hashish, carburante per jet, bilanciato con bacche dolci.acquista Sour DieselBlackberry Kush \u00e8 spesso consigliato per il trattamento del dolore grazie ai suoi potenti effetti corpo indica. per i pazienti che soffrono di una serie di condizioni come benefici per il cancro del CBD, depressione e disturbi come dolore cronico, insonnia, nausea, perdita di appetito, ansia, ADD\/ADHD, PTSD o altre condizioni mediche.<\/p>\n<h2>Acquista Blackberry Kush online<\/h2>\n<p>Acquista Blackberry Kush online. Ordina Blackberry Kush online. La variet\u00e0 Blackberry Kush potrebbe essere una variet\u00e0 ibrida con una biologia leggermente controversa. Acquista Bubblegum Kush Detto questo, la variet\u00e0 \u00e8 meglio conosciuta per i suoi effetti rilassanti e rilassanti. Acquista Blackberry Kush online<\/p>\n<p>Quando si approfondisce la genetica della Blackberry Kush, \u00e8 facile perdersi in un circolo di indizi incerti. Personalmente mi sono imbattuto in almeno quattro storie contrastanti sulla variet\u00e0 e pu\u00f2 essere difficile capire quale spiegazione rappresenti le sue vere origini.<\/p>\n<p>Secondo una spiegazione, la Blackberry Kush \u00e8 un ibrido a predominanza indica creato dall'incrocio tra la Blueberry di DJ Short e una variet\u00e0 autoctona delle Highlands afghane. Acquista Blackberry Kush online.<\/p>","protected":false},"excerpt":{"rendered":"<p>Blackberry Kush online kaufen Blackberry Kush online kaufen. Blackberry Kush online bestellen. Diese Indica-Sorte ist eine Mischung aus Afghani und Blackberry und hat sch\u00f6ne dunkelviolette Knospen mit orangefarbenen Haaren. Die Pflanzen bl\u00fchen nach 7-8 Wochen und sind nicht besonders ertragreich, aber die dichten, harten Nuggets haben durchweg Kristalle. Godfather Og Blackberry Kush neigt dazu, einen [&hellip;]<\/p>","protected":false},"featured_media":366,"comment_status":"open","ping_status":"closed","template":"","meta":{"om_disable_all_campaigns":false,"_monsterinsights_skip_tracking":false,"_monsterinsights_sitenote_active":false,"_monsterinsights_sitenote_note":"","_monsterinsights_sitenote_category":0},"product_brand":[],"product_cat":[126,195],"product_tag":[199,200,201],"class_list":{"0":"post-365","1":"product","2":"type-product","3":"status-publish","4":"has-post-thumbnail","6":"product_cat-blumen","7":"product_cat-indica-sorten","8":"product_tag-alice-brownies-online-kaufen-in-uk","9":"product_tag-biscotti-online-kaufen-in-us","10":"product_tag-zitronenkirsche-online-kaufen-in-australien","12":"first","13":"instock","14":"shipping-taxable","15":"purchasable","16":"product-type-variable"},"_links":{"self":[{"href":"https:\/\/caliweedonlineshop.com\/it\/wp-json\/wp\/v2\/product\/365","targetHints":{"allow":["GET"]}}],"collection":[{"href":"https:\/\/caliweedonlineshop.com\/it\/wp-json\/wp\/v2\/product"}],"about":[{"href":"https:\/\/caliweedonlineshop.com\/it\/wp-json\/wp\/v2\/types\/product"}],"replies":[{"embeddable":true,"href":"https:\/\/caliweedonlineshop.com\/it\/wp-json\/wp\/v2\/comments?post=365"}],"wp:featuredmedia":[{"embeddable":true,"href":"https:\/\/caliweedonlineshop.com\/it\/wp-json\/wp\/v2\/media\/366"}],"wp:attachment":[{"href":"https:\/\/caliweedonlineshop.com\/it\/wp-json\/wp\/v2\/media?parent=365"}],"wp:term":[{"taxonomy":"product_brand","embeddable":true,"href":"https:\/\/caliweedonlineshop.com\/it\/wp-json\/wp\/v2\/product_brand?post=365"},{"taxonomy":"product_cat","embeddable":true,"href":"https:\/\/caliweedonlineshop.com\/it\/wp-json\/wp\/v2\/product_cat?post=365"},{"taxonomy":"product_tag","embeddable":true,"href":"https:\/\/caliweedonlineshop.com\/it\/wp-json\/wp\/v2\/product_tag?post=365"}],"curies":[{"name":"wp","href":"https:\/\/api.w.org\/{rel}","templated":true}]}}