{"id":389,"date":"2023-01-13T05:53:21","date_gmt":"2023-01-13T05:53:21","guid":{"rendered":"https:\/\/caliweedonlineshop.com\/?post_type=product&#038;p=389"},"modified":"2023-01-13T05:53:21","modified_gmt":"2023-01-13T05:53:21","slug":"bubble-kush","status":"publish","type":"product","link":"https:\/\/caliweedonlineshop.com\/it\/product\/bubble-kush\/","title":{"rendered":"Bubble kush"},"content":{"rendered":"<h1>Acquista Bubba Kush a Carbonado<\/h1>\n<p>Acquista Bubba Kush a Carbonado. Ordina Bubba Kush a Carbonado. Bubba Kush \u00e8 uno <a href=\"https:\/\/caliweedonlineshop.com\/index.php\/product-category\/blumen\/indica-sorten\/\">Indica-Sorte<\/a>, che \u00e8 diventato noto negli Stati Uniti e oltre per i suoi potenti effetti sedativi. acquista Sapori di hashish PeachSweet con sottili note di cioccolato e caff\u00e8 emergono all'espirazione, deliziando il palato mentre si instaura un potente rilassamento. Dalla testa ai piedi, i muscoli si rilassano mentre un'euforia sognante si deposita sulla mente, alleviando lo stress e sollevando il morale. Bubba Kush vanta una struttura distintiva e voluminosa delle cime con sfumature che vanno dal verde bosco al viola pallido.<\/p>\n<h2>Bubba Kush in Carbonado kaufen<\/h2>\n<p>Acquista Bubba Kush a Carbonado. ordina Bubba Kush a Carbonado. La statura tozza di Bubba e la voluminosa struttura delle cime suggeriscono origini afghane, ma le sue origini genetiche sono incerte. L'allevatore da cui prende il nome questa variet\u00e0 spiega che la Bubba Kush \u00e8 nata poco dopo il 1996, quando una OG Kush ha impollinato una variet\u00e0 indica sconosciuta ottenuta a New Orleans. Si diceva che la pianta madre fosse l'aurora boreale, ma l'indica geneticamente ambigua era chiamata semplicemente \"Bubba\". Da allora, Bubba Kush ha prosperato grazie alle sue radici californiane. comprare punch viola<\/p>\n<p>Bubba Kush \u00e8 una variet\u00e0 indica che \u00e8 diventata popolare negli Stati Uniti e oltre per i suoi potenti effetti sedativi. Sapori dolci di hashish con sottili note di cioccolato e caff\u00e8 emergono all'espirazione, deliziando il palato mentre si instaura un forte rilassamento. Dalla testa ai piedi, i muscoli si rilassano mentre un'euforia sognante si deposita sulla mente, alleviando lo stress e costringendo a stati d'animo felici. Bubba Kush vanta una struttura distintiva e voluminosa delle cime con sfumature che vanno dal verde foresta al viola pallido. Acquista Platinum Og<\/p>\n<p>La statura tozza della pianta e la voluminosa struttura delle gemme di Bubba suggeriscono origini afgane, ma le sue origini genetiche sono incerte. L'allevatore da cui prende il nome questa variet\u00e0 afferma che la Bubba Kush ebbe origine poco dopo il 1996, quando un ibrido OG Kush impollinava una variet\u00e0 indica sconosciuta ottenuta a New Orleans. acquista Pineapple ExpressSi diceva che la pianta madre fosse l'aurora boreale, ma l'indica geneticamente ambigua era semplicemente chiamata \"Bubba\". Da allora Bubba Kush si \u00e8 evoluta dalle sue radici californiane. Acquista erba online in Europa<\/p>\n<p>&nbsp;<\/p>\n<p>&nbsp;<\/p>\n<p>&nbsp;<\/p>","protected":false},"excerpt":{"rendered":"<p>Bubba Kush \u00e8 una variet\u00e0 indica che \u00e8 diventata popolare negli Stati Uniti e oltre per i suoi potenti effetti sedativi. Sapori dolci di hashish con sottili note di cioccolato e caff\u00e8 emergono all'espirazione, deliziando il palato mentre si instaura un forte rilassamento.<\/p>","protected":false},"featured_media":390,"comment_status":"open","ping_status":"closed","template":"","meta":{"om_disable_all_campaigns":false,"_monsterinsights_skip_tracking":false,"_monsterinsights_sitenote_active":false,"_monsterinsights_sitenote_note":"","_monsterinsights_sitenote_category":0},"product_brand":[],"product_cat":[126,195],"product_tag":[202,203,211],"class_list":{"0":"post-389","1":"product","2":"type-product","3":"status-publish","4":"has-post-thumbnail","6":"product_cat-blumen","7":"product_cat-indica-sorten","8":"product_tag-alice-brownies-online-kaufen-in-new-york","9":"product_tag-cdb-brownies-online-kaufen-in-texas","10":"product_tag-kuchenmischung-minntz-online-kaufen-in-colorado","12":"first","13":"instock","14":"shipping-taxable","15":"purchasable","16":"product-type-variable"},"_links":{"self":[{"href":"https:\/\/caliweedonlineshop.com\/it\/wp-json\/wp\/v2\/product\/389","targetHints":{"allow":["GET"]}}],"collection":[{"href":"https:\/\/caliweedonlineshop.com\/it\/wp-json\/wp\/v2\/product"}],"about":[{"href":"https:\/\/caliweedonlineshop.com\/it\/wp-json\/wp\/v2\/types\/product"}],"replies":[{"embeddable":true,"href":"https:\/\/caliweedonlineshop.com\/it\/wp-json\/wp\/v2\/comments?post=389"}],"wp:featuredmedia":[{"embeddable":true,"href":"https:\/\/caliweedonlineshop.com\/it\/wp-json\/wp\/v2\/media\/390"}],"wp:attachment":[{"href":"https:\/\/caliweedonlineshop.com\/it\/wp-json\/wp\/v2\/media?parent=389"}],"wp:term":[{"taxonomy":"product_brand","embeddable":true,"href":"https:\/\/caliweedonlineshop.com\/it\/wp-json\/wp\/v2\/product_brand?post=389"},{"taxonomy":"product_cat","embeddable":true,"href":"https:\/\/caliweedonlineshop.com\/it\/wp-json\/wp\/v2\/product_cat?post=389"},{"taxonomy":"product_tag","embeddable":true,"href":"https:\/\/caliweedonlineshop.com\/it\/wp-json\/wp\/v2\/product_tag?post=389"}],"curies":[{"name":"wp","href":"https:\/\/api.w.org\/{rel}","templated":true}]}}