{"id":395,"date":"2023-01-13T05:57:17","date_gmt":"2023-01-13T05:57:17","guid":{"rendered":"https:\/\/caliweedonlineshop.com\/?post_type=product&#038;p=395"},"modified":"2023-01-13T05:58:19","modified_gmt":"2023-01-13T05:58:19","slug":"bubblegum-kush","status":"publish","type":"product","link":"https:\/\/caliweedonlineshop.com\/it\/product\/bubblegum-kush\/","title":{"rendered":"Bubblegum kush"},"content":{"rendered":"<h1>Acquista Bubblegum Kush online.<\/h1>\n<p>Acquista Bubblegum Kush online. Ordina Bubblegum Kush online, una forza dell'80%. <a href=\"https:\/\/caliweedonlineshop.com\/index.php\/product-category\/blumen\/indica-sorten\/\">Indica-Sorte<\/a> della Bulldog Seeds dai Paesi Bassi, la Bubblegum Kush \u00e8 un incrocio tra B<a href=\"https:\/\/www.seriousseeds.com\/cannabis-seeds\/bubble-gum\" target=\"_blank\" rel=\"noopener\">ubble Gum<\/a> e una Kush non specificata. \u00c8 una pianta facile da coltivare che produce enormi rese di cime gelide e resinose ed \u00e8 apprezzata sia dai coltivatori che dai produttori di hashish. La Bubblegum Kush ha un odore e un sapore aspro e, con livelli di THC intorno al 18%, questa indica lascer\u00e0 i consumatori totalmente rilassati e bloccati sul divano.<\/p>\n<h2>Acquista Bubblegum kush online<\/h2>\n<p>Acquista Bubblegum kush online. Ordina la gomma da masticare kush online. Originaria dell'Indiana negli anni '70, Bubblegum \u00e8 un mix quasi 80\/20 di predominanza indica e sativa. La variet\u00e0 ibrida a predominanza indica Bubblegum \u00e8 stata creata incrociando Indiana Bubblegum con una variet\u00e0 di cannabis indica non identificata. Questo ceppo \u00e8 stato poi portato ad Amsterdam per essere clonato e ibridato. Ci sono voluti diversi anni per sviluppare finalmente una variet\u00e0 Bubblegum stabile con il tipico profumo dolce e l'effetto euforico. La variet\u00e0 ha preso il nome dal suo odore, che ricorda la gomma da masticare rosa. Acquista Super Og Cookie Questa variet\u00e0 di marijuana terapeutica si \u00e8 rapidamente guadagnata una reputazione per la sua dolcezza. Ha un leggero sapore di gomma da masticare sia durante l'inalazione che l'espirazione. acquista Blissfully Baked BrownieQuesta variet\u00e0 \u00e8 vincitrice di numerosi premi ed \u00e8 stata spesso inserita nella High Times Cannabis Cup. La pianta \u00e8 di colore verde chiaro con alcuni peli arancione brillante. acquista Snow ManI boccioli sembrano ariosi con molti cristalli che sembrano nevosi. Questa variet\u00e0 offre i classici effetti indica della vecchia scuola che durano fino a due ore. I pazienti che soffrono di stress, ansia e tensione ottengono buoni risultati con questa variet\u00e0. Bubblegum ha anche propriet\u00e0 che migliorano l'umore.compra erba online Europa La pianta \u00e8 di colore verde chiaro con alcuni peli arancione brillante. acquista Snow ManI boccioli sembrano ariosi con molti cristalli che sembrano nevosi. Questa variet\u00e0 offre i classici effetti indica della vecchia scuola che durano fino a due ore. I pazienti che soffrono di stress, ansia e tensione ottengono buoni risultati con questa variet\u00e0. Bubblegum ha anche propriet\u00e0 che migliorano l'umore.compra erba online Europa La pianta \u00e8 di colore verde chiaro con alcuni peli arancione brillante. acquista Snow ManI boccioli sembrano ariosi con molti cristalli che sembrano nevosi. Questa variet\u00e0 offre i classici effetti indica della vecchia scuola che durano fino a due ore. I pazienti che soffrono di stress, ansia e tensione ottengono buoni risultati con questa variet\u00e0. Bubblegum ha anche propriet\u00e0 che migliorano l'umore.compra erba online Europa<br \/>\nTHC: 15-19%.<br \/>\n80% INDICA \/ 20% SATIVA<\/p>","protected":false},"excerpt":{"rendered":"<p>Una variet\u00e0 indica all'80% della Bulldog Seeds dei Paesi Bassi, Bubblegum Kush \u00e8 un incrocio tra Bubble Gum e una Kush non specificata. Una pianta facile da coltivare che produce enormi raccolti di gemme gelide e resinose, \u00e8 apprezzata sia dai coltivatori che dai produttori di hashish.<\/p>","protected":false},"featured_media":396,"comment_status":"open","ping_status":"closed","template":"","meta":{"om_disable_all_campaigns":false,"_monsterinsights_skip_tracking":false,"_monsterinsights_sitenote_active":false,"_monsterinsights_sitenote_note":"","_monsterinsights_sitenote_category":0},"product_brand":[],"product_cat":[126,195],"product_tag":[212,213,214],"class_list":{"0":"post-395","1":"product","2":"type-product","3":"status-publish","4":"has-post-thumbnail","6":"product_cat-blumen","7":"product_cat-indica-sorten","8":"product_tag-alice-brownies-online-kaufen-in-europa","9":"product_tag-all-american-brownie-online-kaufen-in-italien","10":"product_tag-banana-runtz-online-in-australien-kaufen","12":"first","13":"instock","14":"shipping-taxable","15":"purchasable","16":"product-type-variable"},"_links":{"self":[{"href":"https:\/\/caliweedonlineshop.com\/it\/wp-json\/wp\/v2\/product\/395","targetHints":{"allow":["GET"]}}],"collection":[{"href":"https:\/\/caliweedonlineshop.com\/it\/wp-json\/wp\/v2\/product"}],"about":[{"href":"https:\/\/caliweedonlineshop.com\/it\/wp-json\/wp\/v2\/types\/product"}],"replies":[{"embeddable":true,"href":"https:\/\/caliweedonlineshop.com\/it\/wp-json\/wp\/v2\/comments?post=395"}],"wp:featuredmedia":[{"embeddable":true,"href":"https:\/\/caliweedonlineshop.com\/it\/wp-json\/wp\/v2\/media\/396"}],"wp:attachment":[{"href":"https:\/\/caliweedonlineshop.com\/it\/wp-json\/wp\/v2\/media?parent=395"}],"wp:term":[{"taxonomy":"product_brand","embeddable":true,"href":"https:\/\/caliweedonlineshop.com\/it\/wp-json\/wp\/v2\/product_brand?post=395"},{"taxonomy":"product_cat","embeddable":true,"href":"https:\/\/caliweedonlineshop.com\/it\/wp-json\/wp\/v2\/product_cat?post=395"},{"taxonomy":"product_tag","embeddable":true,"href":"https:\/\/caliweedonlineshop.com\/it\/wp-json\/wp\/v2\/product_tag?post=395"}],"curies":[{"name":"wp","href":"https:\/\/api.w.org\/{rel}","templated":true}]}}