{"id":408,"date":"2023-01-13T06:09:49","date_gmt":"2023-01-13T06:09:49","guid":{"rendered":"https:\/\/caliweedonlineshop.com\/?post_type=product&#038;p=408"},"modified":"2023-01-13T06:09:49","modified_gmt":"2023-01-13T06:09:49","slug":"godfather-og","status":"publish","type":"product","link":"https:\/\/caliweedonlineshop.com\/it\/product\/godfather-og\/","title":{"rendered":"Godfather Og"},"content":{"rendered":"<h1>Padrino OG in linea kaufen<\/h1>\n<p>Acquista il Padrino OG online. Ordina il Padrino OG online. Creata dalla Green Devil Genetics, Orange Kush \u00e8 la progenie di Orange Bud e OG Kush. Rilassa il corpo ed eleva l'umore con un aroma di agrumi dolce e pungente. Questa variet\u00e0 \u00e8 resistente alla maggior parte dei parassiti e delle muffe e ha cime lunghe e dense con molti peli arancioni e cristalli di tricomi. comprare obama kush<\/p>\n<p>Godfather OG \u00e8 una variet\u00e0 a predominanza indica incrociata da OG Kush e Granddaddy Purple ed \u00e8 nota per favorire il sonno. Padrino erba OG. Questi fiori profumano di terra, pino e agrumi con sottili sfumature di uva. Questa variet\u00e0 \u00e8 nota per alleviare il dolore e la tensione lasciando al consumatore una sensazione estremamente rilassata e di buon umore.acquista Peach<br \/>\nGodfather OG wird als der Don unter den Kush-Sorten bezeichnet. purple punch kaufen<\/p>\n<p>Zusammen mit unserem Gorilla Glue, Bruce Banner und Acapulco Gold ist unsere Godfather OG-Sorte eine der st\u00e4rksten derzeit erh\u00e4ltlichen Sorten. Peanut Butter Breath kaufen<\/p>\n<h2>Padrino OG in linea kaufen<\/h2>\n<p>Acquista il Padrino OG online. Ordina il Padrino OG online. L'origine di questa variet\u00e0 unica si trova in California, dove Godfather OG \u00e8 stata sviluppata dal team California Herbal Remedies, che ha incrociato due leggende per creare questa variet\u00e0: la OG Kush e la Alpha OG. Il risultato? Padrino OG. Una bestia di un ibrido con livelli di THC che possono raggiungere il 34% in casi estremi. Acquista Raspberry Cheesecake Brownie<\/p>\n<p>Vuoi coltivare tu stesso questa bomba al THC? Acquista i nostri semi femminizzati Godfather OG o continua a leggere e scopri di pi\u00f9 su questa meravigliosa signora.<\/p>\n<p>Soprannominata \"The Don of all OGs\", questa variet\u00e0 ha un nome di cui essere all'altezza. Godfather OG \u00e8 una popolare variet\u00e0 medicinale nel sud della California e, come molte altre variet\u00e0 OG, \u00e8 spesso raccomandata per l'insonnia e il dolore grazie alle sue propriet\u00e0 sedative da indica. Il Don \u00e8 il risultato dell'incrocio tra XXX OG e Alpha OG, e c'\u00e8 una speziatura Kushy nel suo profumo unita ad alcune sottili note di uva. Il padrino OG \u00e8 forte; con livelli di THC misurati fino al 28%, questa variet\u00e0 \u00e8 un'offerta che non puoi rifiutare. Godfather OG ha vinto il 1\u00b0 posto come Migliore Indica all'High Times Cannabis Cup 2013 a Los Angeles.compra Zombie kush<\/p>\n<p>Acquista Godfather OG online da Terra Cannabis oggi e ti consegneremo la tua erba in modo rapido e discreto. Non importa dove ti trovi in \u200b\u200bCanada, Terra Cannabis \u00e8 la tua fonte di prodotti di marijuana e cime di qualit\u00e0. Se hai bisogno di aiuto per trovare la variet\u00e0 giusta per te, contattaci e saremo felici di aiutarti. <a href=\"https:\/\/caliweedonlineshop.com\/it\/\">weed online kaufen Europa<\/a><\/p>","protected":false},"excerpt":{"rendered":"<p>Creata dalla Green Devil Genetics, Orange Kush \u00e8 la progenie di Orange Bud e OG Kush. Rilassa il corpo ed eleva l'umore con un aroma di agrumi dolce e pungente.<\/p>","protected":false},"featured_media":409,"comment_status":"open","ping_status":"closed","template":"","meta":{"om_disable_all_campaigns":false,"_monsterinsights_skip_tracking":false,"_monsterinsights_sitenote_active":false,"_monsterinsights_sitenote_note":"","_monsterinsights_sitenote_category":0},"product_brand":[],"product_cat":[126,195],"product_tag":[199,220,219],"class_list":{"0":"post-408","1":"product","2":"type-product","3":"status-publish","4":"has-post-thumbnail","6":"product_cat-blumen","7":"product_cat-indica-sorten","8":"product_tag-alice-brownies-online-kaufen-in-uk","9":"product_tag-moonroock-in-den-usa-kaufen","10":"product_tag-zitronen-kirsch-gelato-in-deutschland-kaufen","12":"first","13":"instock","14":"shipping-taxable","15":"purchasable","16":"product-type-variable"},"_links":{"self":[{"href":"https:\/\/caliweedonlineshop.com\/it\/wp-json\/wp\/v2\/product\/408","targetHints":{"allow":["GET"]}}],"collection":[{"href":"https:\/\/caliweedonlineshop.com\/it\/wp-json\/wp\/v2\/product"}],"about":[{"href":"https:\/\/caliweedonlineshop.com\/it\/wp-json\/wp\/v2\/types\/product"}],"replies":[{"embeddable":true,"href":"https:\/\/caliweedonlineshop.com\/it\/wp-json\/wp\/v2\/comments?post=408"}],"wp:featuredmedia":[{"embeddable":true,"href":"https:\/\/caliweedonlineshop.com\/it\/wp-json\/wp\/v2\/media\/409"}],"wp:attachment":[{"href":"https:\/\/caliweedonlineshop.com\/it\/wp-json\/wp\/v2\/media?parent=408"}],"wp:term":[{"taxonomy":"product_brand","embeddable":true,"href":"https:\/\/caliweedonlineshop.com\/it\/wp-json\/wp\/v2\/product_brand?post=408"},{"taxonomy":"product_cat","embeddable":true,"href":"https:\/\/caliweedonlineshop.com\/it\/wp-json\/wp\/v2\/product_cat?post=408"},{"taxonomy":"product_tag","embeddable":true,"href":"https:\/\/caliweedonlineshop.com\/it\/wp-json\/wp\/v2\/product_tag?post=408"}],"curies":[{"name":"wp","href":"https:\/\/api.w.org\/{rel}","templated":true}]}}