{"id":414,"date":"2023-01-13T06:14:43","date_gmt":"2023-01-13T06:14:43","guid":{"rendered":"https:\/\/caliweedonlineshop.com\/?post_type=product&#038;p=414"},"modified":"2023-01-13T06:14:43","modified_gmt":"2023-01-13T06:14:43","slug":"granddaddy-purple","status":"publish","type":"product","link":"https:\/\/caliweedonlineshop.com\/it\/product\/granddaddy-purple\/","title":{"rendered":"Granddaddy Purple"},"content":{"rendered":"<h1>Compra Nonno viola online<\/h1>\n<p>Compra Nonno viola online. Ordina Granddaddy Purple online. Introdotto da Ken Estes nel 2003, Granddaddy Purple (o PIL) \u00e8 famoso <a href=\"https:\/\/caliweedonlineshop.com\/index.php\/product-category\/blumen\/indica-sorten\/\">Indica-Kreuzung<\/a> aus <a href=\"https:\/\/weedmaps.com\/strains\/purple-urkle\" target=\"_blank\" rel=\"noopener\">Purple Urkle<\/a> und<a href=\"https:\/\/www.leafly.com\/strains\/big-bud\" target=\"_blank\" rel=\"noopener\"> Big Bud<\/a>. Questa graffetta californiana eredita un complesso aroma di uva e frutti di bosco dal suo genitore Purple Urkle, mentre Big Bud trasmette la sua struttura di cime sovradimensionate e compatte. I fiori del PIL sbocciano in intense sfumature di viola, uno sfondo contrastante per lo strato di resina cristallina bianca come la neve.<\/p>\n<p>I suoi potenti effetti possono essere percepiti sia nella mente che nel corpo, fornendo una fusione di euforia cerebrale e rilassamento fisico. Mentre la tua mente pu\u00f2 fluttuare in uno stato sognante, il tuo corpo \u00e8 pi\u00f9 capace di rimanere in un posto per tutta la durata degli effetti del PIL. http:\/\/White Rhino( Granddaddy Purple \u00e8 stato tipicamente ritirato dallo scaffale per i consumatori che cercano di combattere il dolore, lo stress, l'insonnia, la mancanza di appetito e gli spasmi muscolari. Il PIL benedice i coltivatori con rese massicce, pronte per il raccolto dopo un periodo di fioritura di 60 giorni al chiuso compra zombie kush<\/p>\n<h2>Compra Nonno viola online<\/h2>\n<p>Compra Nonno viola online. Ordina il nonno viola online. Grand Daddy Purple \u00e8 una variet\u00e0 a predominanza indica ed \u00e8 un incrocio tra Big Bud e Purple Urkle. Questa miscela spiega perch\u00e9 ha un complesso aroma di frutti di bosco e uva mentre le sue cime sono sovradimensionate con una struttura compatta. I boccioli sono incredibilmente densi e soffici con sfumature viola intenso che attraversano i boccioli. Inoltre, le cime sono ricoperte di peli arancioni che contrastano bene con le cime ricoperte di resina. Ci\u00f2 che distingue davvero questa variet\u00e0 dalle altre \u00e8 che \u00e8 facilmente identificabile solo dal suo sapore. Il loro gusto indugia pi\u00f9 a lungo sulla lingua, contribuendo a farti sentire rilassato. acquista BlackBerry kush Questa variet\u00e0 \u00e8 davvero potente e i suoi effetti psicoattivi possono essere avvertiti sia nel corpo che nella mente. Riesce a indurre una travolgente sensazione di rilassamento fisico ed euforia cerebrale. compra Bubblegum Kush. Ti ritroverai bloccato in un punto mentre la tua mente scivola in una frenesia sognante per tutta la durata degli effetti di Grand Daddy Purple. Come qualsiasi altra variet\u00e0 a predominanza indica, viene utilizzata principalmente per scopi medicinali. Il ceppo \u00e8 molto efficace per i pazienti che soffrono di perdita di appetito, dolore, insonnia, spasmi muscolari e stress. per fornire una travolgente sensazione di rilassamento fisico ed euforia cerebrale. compra Bubblegum Kush. Ti ritroverai bloccato in un punto mentre la tua mente scivola in una frenesia sognante per tutta la durata degli effetti di Grand Daddy Purple. Come qualsiasi altra variet\u00e0 a predominanza indica, viene utilizzata principalmente per scopi medicinali. Il ceppo \u00e8 molto efficace per i pazienti che soffrono di perdita di appetito, dolore, insonnia, spasmi muscolari e stress. per fornire una travolgente sensazione di rilassamento fisico ed euforia cerebrale. compra Bubblegum Kush. Ti ritroverai bloccato in un punto mentre la tua mente scivola in una frenesia sognante per tutta la durata degli effetti di Grand Daddy Purple. Come qualsiasi altra variet\u00e0 a predominanza indica, viene utilizzata principalmente per scopi medicinali. Il ceppo \u00e8 molto efficace per i pazienti che soffrono di perdita di appetito, dolore, insonnia, spasmi muscolari e stress.<a href=\"https:\/\/caliweedonlineshop.com\/it\/\">buy weed online Europe<\/a><\/p>","protected":false},"excerpt":{"rendered":"<p>La Grand Daddy Purple \u00e8 una variet\u00e0 a predominanza indica, un incrocio tra Big Bud e Purple Urkle. Questa miscela spiega perch\u00e9 ha un complesso aroma di frutti di bosco e uva mentre le sue cime sono sovradimensionate con una struttura compatta.<\/p>\n<p>&nbsp;<\/p>","protected":false},"featured_media":415,"comment_status":"open","ping_status":"closed","template":"","meta":{"om_disable_all_campaigns":false,"_monsterinsights_skip_tracking":false,"_monsterinsights_sitenote_active":false,"_monsterinsights_sitenote_note":"","_monsterinsights_sitenote_category":0},"product_brand":[],"product_cat":[195,126],"product_tag":[],"class_list":{"0":"post-414","1":"product","2":"type-product","3":"status-publish","4":"has-post-thumbnail","6":"product_cat-indica-sorten","7":"product_cat-blumen","9":"first","10":"instock","11":"shipping-taxable","12":"purchasable","13":"product-type-variable"},"_links":{"self":[{"href":"https:\/\/caliweedonlineshop.com\/it\/wp-json\/wp\/v2\/product\/414","targetHints":{"allow":["GET"]}}],"collection":[{"href":"https:\/\/caliweedonlineshop.com\/it\/wp-json\/wp\/v2\/product"}],"about":[{"href":"https:\/\/caliweedonlineshop.com\/it\/wp-json\/wp\/v2\/types\/product"}],"replies":[{"embeddable":true,"href":"https:\/\/caliweedonlineshop.com\/it\/wp-json\/wp\/v2\/comments?post=414"}],"wp:featuredmedia":[{"embeddable":true,"href":"https:\/\/caliweedonlineshop.com\/it\/wp-json\/wp\/v2\/media\/415"}],"wp:attachment":[{"href":"https:\/\/caliweedonlineshop.com\/it\/wp-json\/wp\/v2\/media?parent=414"}],"wp:term":[{"taxonomy":"product_brand","embeddable":true,"href":"https:\/\/caliweedonlineshop.com\/it\/wp-json\/wp\/v2\/product_brand?post=414"},{"taxonomy":"product_cat","embeddable":true,"href":"https:\/\/caliweedonlineshop.com\/it\/wp-json\/wp\/v2\/product_cat?post=414"},{"taxonomy":"product_tag","embeddable":true,"href":"https:\/\/caliweedonlineshop.com\/it\/wp-json\/wp\/v2\/product_tag?post=414"}],"curies":[{"name":"wp","href":"https:\/\/api.w.org\/{rel}","templated":true}]}}