{"id":420,"date":"2023-01-13T06:20:37","date_gmt":"2023-01-13T06:20:37","guid":{"rendered":"https:\/\/caliweedonlineshop.com\/?post_type=product&#038;p=420"},"modified":"2023-01-13T06:20:37","modified_gmt":"2023-01-13T06:20:37","slug":"grape-ape","status":"publish","type":"product","link":"https:\/\/caliweedonlineshop.com\/it\/product\/grape-ape\/","title":{"rendered":"Grape Ape"},"content":{"rendered":"<h1>Acquista Grape Ape online<\/h1>\n<p>Acquista Grape Ape online. Ordina Grape Ape online. Grape Ape allevato da <a href=\"https:\/\/www.apothecarygenetics.com\/\" target=\"_blank\" rel=\"noopener\">Apothecary Genetics<\/a> e Barney's Farm, \u00e8 una variet\u00e0 prevalentemente indica che <a href=\"https:\/\/www.newsweed.fr\/varietes\/mendocino-purps\/\" target=\"_blank\" rel=\"noopener\">Mendocino Purps<\/a>, Skunk e incroci Afghani. Chiamato per il suo distinto odore simile all'uva, questo lo \u00e8 <a href=\"https:\/\/caliweedonlineshop.com\/index.php\/product-category\/blumen\/indica-sorten\/\">Indica<\/a> Noto per fornire un rilassamento spensierato che pu\u00f2 alleviare il dolore, lo stress e l'ansia. Le sue cime dense e compatte sono circondate da foglie viola intenso che si scuriscono quando questa indica raggiunge la piena maturit\u00e0 dopo il suo periodo di fioritura di 7-8 settimane.<\/p>","protected":false},"excerpt":{"rendered":"<p>Grape Ape \u00e8 caratterizzata da colori accattivanti e profumi multistrato: questa \u00e8 una variet\u00e0 con pi\u00f9 \"appeal da borsa\" della maggior parte. Le cime sono grandi e hanno una struttura densa con foglie strettamente arricciate<\/p>","protected":false},"featured_media":421,"comment_status":"open","ping_status":"closed","template":"","meta":{"om_disable_all_campaigns":false,"_monsterinsights_skip_tracking":false,"_monsterinsights_sitenote_active":false,"_monsterinsights_sitenote_note":"","_monsterinsights_sitenote_category":0},"product_brand":[],"product_cat":[126,195],"product_tag":[221,222,223],"class_list":{"0":"post-420","1":"product","2":"type-product","3":"status-publish","4":"has-post-thumbnail","6":"product_cat-blumen","7":"product_cat-indica-sorten","8":"product_tag-gelato-online-kaufen-in-deutschland","9":"product_tag-pfadfinderinnen-kekse-online-kaufen-in-uk","10":"product_tag-zitronenkuchen-online-kaufen-in-australien","12":"first","13":"instock","14":"shipping-taxable","15":"purchasable","16":"product-type-variable"},"_links":{"self":[{"href":"https:\/\/caliweedonlineshop.com\/it\/wp-json\/wp\/v2\/product\/420","targetHints":{"allow":["GET"]}}],"collection":[{"href":"https:\/\/caliweedonlineshop.com\/it\/wp-json\/wp\/v2\/product"}],"about":[{"href":"https:\/\/caliweedonlineshop.com\/it\/wp-json\/wp\/v2\/types\/product"}],"replies":[{"embeddable":true,"href":"https:\/\/caliweedonlineshop.com\/it\/wp-json\/wp\/v2\/comments?post=420"}],"wp:featuredmedia":[{"embeddable":true,"href":"https:\/\/caliweedonlineshop.com\/it\/wp-json\/wp\/v2\/media\/421"}],"wp:attachment":[{"href":"https:\/\/caliweedonlineshop.com\/it\/wp-json\/wp\/v2\/media?parent=420"}],"wp:term":[{"taxonomy":"product_brand","embeddable":true,"href":"https:\/\/caliweedonlineshop.com\/it\/wp-json\/wp\/v2\/product_brand?post=420"},{"taxonomy":"product_cat","embeddable":true,"href":"https:\/\/caliweedonlineshop.com\/it\/wp-json\/wp\/v2\/product_cat?post=420"},{"taxonomy":"product_tag","embeddable":true,"href":"https:\/\/caliweedonlineshop.com\/it\/wp-json\/wp\/v2\/product_tag?post=420"}],"curies":[{"name":"wp","href":"https:\/\/api.w.org\/{rel}","templated":true}]}}