{"id":426,"date":"2023-01-13T06:26:10","date_gmt":"2023-01-13T06:26:10","guid":{"rendered":"https:\/\/caliweedonlineshop.com\/?post_type=product&#038;p=426"},"modified":"2023-01-13T06:26:10","modified_gmt":"2023-01-13T06:26:10","slug":"hindu-kush","status":"publish","type":"product","link":"https:\/\/caliweedonlineshop.com\/it\/product\/hindu-kush\/","title":{"rendered":"Hindu kush"},"content":{"rendered":"<h1>Acquista Hindu Kush a San Jose<\/h1>\n<p>Acquista Hindu Kush a San Jose. Ordina Hindu Kush a San Jose. Questa variet\u00e0 prevalentemente indica \u00e8 un mix di ceppi Afghani e Blackberry e ha bellissime cime viola scuro con peli arancioni. Le piante fioriscono in 7-8 settimane e non sono particolarmente produttive, ma le pepite dense e dure hanno cristalli dappertutto. La Blackberry Kush tende ad avere un odore e un sapore di hashish bilanciati da frutti di bosco dolci. La Blackberry Kush \u00e8 spesso consigliata per trattare il dolore a causa dei suoi potenti effetti fisici. Compra la torta di ciliegie<\/p>\n<h2>Hindu Kush in San Jose kaufen<\/h2>\n<p>L'Hindu Kush \u00e8 una delle preferite dai consumatori di marijuana di tutto il mondo, cos\u00ec popolare che questa variet\u00e0 compare persino nel gioco Hempire. L'Hindu Kush. Questa straordinaria pianta di hashish \u00e8 ricoperta di tricomi. L'Hindu Kush \u00e8 un'indica pura che produce un classico effetto corpo pesante, alleviando il dolore e la tensione muscolare. Acquista Preparato per torte\/Mintz<\/p>\n<p>Risultati testati in laboratorio:<br \/>\nTHC: 22%<\/p>\n<p>CBD: 0,1%<\/p>\n<p>L'Hindu Kush \u00e8 una variet\u00e0 indica pura originaria della catena montuosa dell'Hindu Kush, che si estende per 500 miglia tra il Pakistan e l'Afghanistan. Il contenuto di THC di questa potente indica oscilla tra il 14% e il 20%. L'Hindu Kush si \u00e8 evoluta in una pianta resistente e resinosa per sopravvivere nelle aspre montagne ind\u00f9. Questo la rende facile da coltivare e un'ottima variet\u00e0 per la produzione di hashish. L'Hindu Kush ha un aroma dolce e terroso ed \u00e8 eccellente per alleviare il dolore e l'insonnia. Hindu Kush in vendita online.compra BROWNIE ALLA MENTA PIPERITA ALLA CANNABIS<\/p>\n<p>Il clima rigido della sua terra natale ha spinto questa variet\u00e0 a sviluppare uno spesso strato protettivo di tricomi cristallini apprezzati dai produttori di hashish di tutto il mondo. Con un sottile aroma di legno di sandalo dolce e terroso, l'Hindu Kush induce un profondo senso di calma che aiuta a portare sollievo a coloro che soffrono di dolore, nausea e disturbi legati allo stress.<\/p>\n<p>Acquista Hindu Kush Online, un vero favorito tra i consumatori di marijuana di tutto il mondo, cos\u00ec popolare che questa variet\u00e0 appare persino nel gioco Hempire. Acquista XXX OgQuesta straordinaria pianta di hashish \u00e8 ricoperta di tricomi. L'Hindu Kush \u00e8 un'indica pura che offre un classico effetto corpo pesante, eliminando il dolore e alleviando la tensione muscolare.<\/p>","protected":false},"excerpt":{"rendered":"<p>Questa variet\u00e0 prevalentemente indica \u00e8 un mix di ceppi Afghani e Blackberry e ha bellissime cime viola scuro con peli arancioni. Le piante fioriscono in 7-8 settimane e non sono particolarmente produttive, ma le cime dense e dure sono piene di cristalli.<\/p>","protected":false},"featured_media":428,"comment_status":"open","ping_status":"closed","template":"","meta":{"om_disable_all_campaigns":false,"_monsterinsights_skip_tracking":false,"_monsterinsights_sitenote_active":false,"_monsterinsights_sitenote_note":"","_monsterinsights_sitenote_category":0},"product_brand":[],"product_cat":[126,195],"product_tag":[225,226,224],"class_list":{"0":"post-426","1":"product","2":"type-product","3":"status-publish","4":"has-post-thumbnail","6":"product_cat-blumen","7":"product_cat-indica-sorten","8":"product_tag-kaufen-sie-kekse-vor-rollen-in-rhode-island","9":"product_tag-kaufen-sie-mitglied-berry-in-michigan","10":"product_tag-kekse-und-broetchen-in-north-dakota-kaufen","12":"first","13":"instock","14":"shipping-taxable","15":"purchasable","16":"product-type-variable"},"_links":{"self":[{"href":"https:\/\/caliweedonlineshop.com\/it\/wp-json\/wp\/v2\/product\/426","targetHints":{"allow":["GET"]}}],"collection":[{"href":"https:\/\/caliweedonlineshop.com\/it\/wp-json\/wp\/v2\/product"}],"about":[{"href":"https:\/\/caliweedonlineshop.com\/it\/wp-json\/wp\/v2\/types\/product"}],"replies":[{"embeddable":true,"href":"https:\/\/caliweedonlineshop.com\/it\/wp-json\/wp\/v2\/comments?post=426"}],"wp:featuredmedia":[{"embeddable":true,"href":"https:\/\/caliweedonlineshop.com\/it\/wp-json\/wp\/v2\/media\/428"}],"wp:attachment":[{"href":"https:\/\/caliweedonlineshop.com\/it\/wp-json\/wp\/v2\/media?parent=426"}],"wp:term":[{"taxonomy":"product_brand","embeddable":true,"href":"https:\/\/caliweedonlineshop.com\/it\/wp-json\/wp\/v2\/product_brand?post=426"},{"taxonomy":"product_cat","embeddable":true,"href":"https:\/\/caliweedonlineshop.com\/it\/wp-json\/wp\/v2\/product_cat?post=426"},{"taxonomy":"product_tag","embeddable":true,"href":"https:\/\/caliweedonlineshop.com\/it\/wp-json\/wp\/v2\/product_tag?post=426"}],"curies":[{"name":"wp","href":"https:\/\/api.w.org\/{rel}","templated":true}]}}