{"id":433,"date":"2023-01-13T06:32:08","date_gmt":"2023-01-13T06:32:08","guid":{"rendered":"https:\/\/caliweedonlineshop.com\/?post_type=product&#038;p=433"},"modified":"2023-01-13T06:32:08","modified_gmt":"2023-01-13T06:32:08","slug":"kosher-kush","status":"publish","type":"product","link":"https:\/\/caliweedonlineshop.com\/it\/product\/kosher-kush\/","title":{"rendered":"Kosher kush"},"content":{"rendered":"<h1>Acquista Kosher Kush online<\/h1>\n<p>Acquista Kusher Kush online. Ordina Kosher Kush online. Introdotta nel 2003 da Ken Estes, la Granddaddy Purple (o GDP) \u00e8 un famoso ibrido indica di Purple Urkle e Big Bud. Questa graffetta californiana eredita un complesso aroma di uva e frutti di bosco dal suo genitore Purple Urkle, mentre Big Bud trasmette la sua struttura di cime sovradimensionate e compatte. I boccioli di GDP sbocciano in intense sfumature di viola, uno sfondo contrastante per lo strato di resina cristallina bianca come la neve. comprare il gelato alla ciliegia bianca<\/p>\n<p>I suoi potenti effetti possono essere percepiti sia nella mente che nel corpo, fornendo una fusione di euforia cerebrale e rilassamento fisico. Mentre la tua mente potrebbe fluttuare in una frenesia sognante, \u00e8 pi\u00f9 probabile che il tuo corpo sia fisso in un posto per la durata degli effetti del PIL. La Granddaddy Purple viene generalmente tirata fuori dallo scaffale per gli utenti che cercano di combattere il dolore, lo stress, l'insonnia, la mancanza di appetito e gli spasmi muscolari. Il PIL benedice i coltivatori con rese massicce, pronte per il raccolto dopo un periodo di fioritura indoor di 60 giorni, direttamente dal cielo nei vostri polmoni.compra la vedova bianca<\/p>\n<h2>Acquista Kosher Kush online<\/h2>\n<p>Acquista Kosher Kush online. ordina kosher kush online La maggior parte delle variet\u00e0 passa dal seme alla pianta e poi nei negozi, ma quante sono benedette da un rabbino? Solo una, ed \u00e8 Kosher Kush, l'indica dinamica dei tuoi sogni.<\/p>\n<p>Vincitrice delle Hightime Cannabis Cup nel 2010, 2011 e 2012, KK si \u00e8 guadagnata la sua giusta dose di fama.<\/p>\n<p>Sebbene sia nota per le sue benedizioni, non \u00e8 tutto ci\u00f2 per cui \u00e8 conosciuta. Kosher Kush, precedentemente chiamata Jew Gold da molti sballoni della vecchia scuola, \u00e8 un camion carico di una variet\u00e0 indica che \u00e8 stata ibridata per la prima volta nel sud della California. Creata da un leggendario team chassidico di allevatori artigianali, questa indica ha acquisito notoriet\u00e0 per i suoi genitori sconosciuti, i potenti effetti e il gustoso profilo terpenico. La Kosher Kush ha attirato l'attenzione di tutto il mondo e si \u00e8 guadagnata la sua reputazione, vincendo due volte consecutive l'High Times Cannabis Cup come Migliore Indica sia nel 2010 che nel 2011. acquistare White Rhino I livelli di THC in queste pepite d'oro hanno riferito di aver raggiunto il 29%, con una media di Kosher Kush pi\u00f9 vicina al 19-23%, rendendola un'indica davvero impressionante e un'ottima scelta per coloro che cercano uno sballo pi\u00f9 duraturo. Il profilo terpenico unico di Kosher Kush \u00e8 guidato da concentrazioni di limonene, beta-mircene e beta-cariofillene, che conferiscono a Kosher Kush le sue note di fondo legnose, vegetali e pepate con sfumature aggiuntive di agrumi e dolcezza. <a href=\"https:\/\/caliweedonlineshop.com\/it\/\">weed online kaufen Europa<\/a><\/p>","protected":false},"excerpt":{"rendered":"<p>Introdotta nel 2003 da Ken Estes, la Granddaddy Purple (o GDP) \u00e8 un famoso ibrido indica di Purple Urkle e Big Bud. Questa graffetta californiana eredita un complesso aroma di uva e frutti di bosco dal suo genitore Purple Urkle, mentre Big Bud trasmette la sua struttura di cime sovradimensionate e compatte<\/p>","protected":false},"featured_media":434,"comment_status":"open","ping_status":"closed","template":"","meta":{"om_disable_all_campaigns":false,"_monsterinsights_skip_tracking":false,"_monsterinsights_sitenote_active":false,"_monsterinsights_sitenote_note":"","_monsterinsights_sitenote_category":0},"product_brand":[],"product_cat":[126,195],"product_tag":[227,228,229],"class_list":{"0":"post-433","1":"product","2":"type-product","3":"status-publish","4":"has-post-thumbnail","6":"product_cat-blumen","7":"product_cat-indica-sorten","8":"product_tag-biscotti-online-kaufen-in-deutschland","9":"product_tag-blaue-traeume-online-kaufen-usa","10":"product_tag-hawaiian-haze-online-kaufen-in-australien","12":"first","13":"instock","14":"shipping-taxable","15":"purchasable","16":"product-type-variable"},"_links":{"self":[{"href":"https:\/\/caliweedonlineshop.com\/it\/wp-json\/wp\/v2\/product\/433","targetHints":{"allow":["GET"]}}],"collection":[{"href":"https:\/\/caliweedonlineshop.com\/it\/wp-json\/wp\/v2\/product"}],"about":[{"href":"https:\/\/caliweedonlineshop.com\/it\/wp-json\/wp\/v2\/types\/product"}],"replies":[{"embeddable":true,"href":"https:\/\/caliweedonlineshop.com\/it\/wp-json\/wp\/v2\/comments?post=433"}],"wp:featuredmedia":[{"embeddable":true,"href":"https:\/\/caliweedonlineshop.com\/it\/wp-json\/wp\/v2\/media\/434"}],"wp:attachment":[{"href":"https:\/\/caliweedonlineshop.com\/it\/wp-json\/wp\/v2\/media?parent=433"}],"wp:term":[{"taxonomy":"product_brand","embeddable":true,"href":"https:\/\/caliweedonlineshop.com\/it\/wp-json\/wp\/v2\/product_brand?post=433"},{"taxonomy":"product_cat","embeddable":true,"href":"https:\/\/caliweedonlineshop.com\/it\/wp-json\/wp\/v2\/product_cat?post=433"},{"taxonomy":"product_tag","embeddable":true,"href":"https:\/\/caliweedonlineshop.com\/it\/wp-json\/wp\/v2\/product_tag?post=433"}],"curies":[{"name":"wp","href":"https:\/\/api.w.org\/{rel}","templated":true}]}}