{"id":439,"date":"2023-01-13T06:35:56","date_gmt":"2023-01-13T06:35:56","guid":{"rendered":"https:\/\/caliweedonlineshop.com\/?post_type=product&#038;p=439"},"modified":"2023-01-16T06:49:48","modified_gmt":"2023-01-16T06:49:48","slug":"kush-sorbet","status":"publish","type":"product","link":"https:\/\/caliweedonlineshop.com\/it\/product\/kush-sorbet\/","title":{"rendered":"Kush sorbet"},"content":{"rendered":"<h1>Acquista Kush Sherbet a Los Angeles<\/h1>\n<p>Acquista Kush Sherbet a Los Angeles. Ordina Kush Sherbet a Los Angeles. Kush Sorbet \u00e8 una variet\u00e0 prevalentemente indica di Seed Junky e pu\u00f2 essere coltivata indoor (dove le piante avranno bisogno di un tempo di fioritura di \u00b160 giorni) e all'aperto. Seed Junkys Kush Sorbet \u00e8 una variet\u00e0 a predominanza di THC e non \u00e8 mai stata disponibile come semi femminizzati.<\/p>\n<p>Parentela: Sunset Sherb x Triangle Kush Bx3<\/p>\n<h2>Acquista Kush Sherbet a Los Angeles<\/h2>","protected":false},"excerpt":{"rendered":"<p>Kush Sorbet \u00e8 una variet\u00e0 a predominanza indica offertaci da Seed Junky Genetics. Essendo un incrocio tra Sunset Sherbert e Triangle Kush BX3, i coltivatori dovrebbero aspettarsi un tempo di crescita di circa 60 giorni.<\/p>\n<p>&nbsp;<\/p>","protected":false},"featured_media":440,"comment_status":"open","ping_status":"closed","template":"","meta":{"om_disable_all_campaigns":false,"_monsterinsights_skip_tracking":false,"_monsterinsights_sitenote_active":false,"_monsterinsights_sitenote_note":"","_monsterinsights_sitenote_category":0},"product_brand":[],"product_cat":[126,195,351],"product_tag":[203,231,230],"class_list":{"0":"post-439","1":"product","2":"type-product","3":"status-publish","4":"has-post-thumbnail","6":"product_cat-blumen","7":"product_cat-indica-sorten","8":"product_cat-marken-cannabis","9":"product_tag-cdb-brownies-online-kaufen-in-texas","10":"product_tag-frosties-kekse-online-kaufen-in-new-jersy","11":"product_tag-kekse-und-broetchen-in-rhode-island-kaufen","13":"first","14":"instock","15":"shipping-taxable","16":"purchasable","17":"product-type-variable"},"_links":{"self":[{"href":"https:\/\/caliweedonlineshop.com\/it\/wp-json\/wp\/v2\/product\/439","targetHints":{"allow":["GET"]}}],"collection":[{"href":"https:\/\/caliweedonlineshop.com\/it\/wp-json\/wp\/v2\/product"}],"about":[{"href":"https:\/\/caliweedonlineshop.com\/it\/wp-json\/wp\/v2\/types\/product"}],"replies":[{"embeddable":true,"href":"https:\/\/caliweedonlineshop.com\/it\/wp-json\/wp\/v2\/comments?post=439"}],"wp:featuredmedia":[{"embeddable":true,"href":"https:\/\/caliweedonlineshop.com\/it\/wp-json\/wp\/v2\/media\/440"}],"wp:attachment":[{"href":"https:\/\/caliweedonlineshop.com\/it\/wp-json\/wp\/v2\/media?parent=439"}],"wp:term":[{"taxonomy":"product_brand","embeddable":true,"href":"https:\/\/caliweedonlineshop.com\/it\/wp-json\/wp\/v2\/product_brand?post=439"},{"taxonomy":"product_cat","embeddable":true,"href":"https:\/\/caliweedonlineshop.com\/it\/wp-json\/wp\/v2\/product_cat?post=439"},{"taxonomy":"product_tag","embeddable":true,"href":"https:\/\/caliweedonlineshop.com\/it\/wp-json\/wp\/v2\/product_tag?post=439"}],"curies":[{"name":"wp","href":"https:\/\/api.w.org\/{rel}","templated":true}]}}