{"id":445,"date":"2023-01-13T06:40:29","date_gmt":"2023-01-13T06:40:29","guid":{"rendered":"https:\/\/caliweedonlineshop.com\/?post_type=product&#038;p=445"},"modified":"2023-01-13T06:42:28","modified_gmt":"2023-01-13T06:42:28","slug":"northern-light","status":"publish","type":"product","link":"https:\/\/caliweedonlineshop.com\/it\/product\/northern-light\/","title":{"rendered":"Northern light"},"content":{"rendered":"<h1>Aurora boreale a Creston kaufen<\/h1>\n<p>Acquista l'aurora boreale a Creston. Ordina l'aurora boreale a Creston. La Northern Lights \u00e8 tra le variet\u00e0 pi\u00f9 famose di tutti i tempi, una<a href=\"https:\/\/caliweedonlineshop.com\/index.php\/product-category\/blumen\/indica-sorten\/\"> reine Indica<\/a>, apprezzata per le sue cime resinose, la rapida fioritura e la resistenza durante la crescita. L'aurora boreale \u00e8 un discendente dei nativi <a href=\"https:\/\/caliweedonlineshop.com\/index.php\/product\/afghan-kush\/\">afghanischer<\/a> und <a href=\"https:\/\/www.leafly.com\/strains\/thai\" target=\"_blank\" rel=\"noopener\">thail\u00e4ndischer Landrassen<\/a> e ha prodotto famosi ibridi come Shiva Skunk e Super Silver Haze. Si dice che la Northern Lights sia germogliata per la prima volta vicino a Seattle, Washington, ma che sia stata propagata dall'Olanda dopo il 1985 da quella che oggi \u00e8 la Sensi Seeds.<\/p>\n<p>Aromi pungenti, dolci e speziati emanano dai boccioli ricoperti di cristalli, che a volte rivelano sfumature violacee. Gli effetti psicoattivi dell'aurora boreale si depositano in tutto il corpo, rilassando i muscoli e calmando la mente in un'euforia sognante. La piacevole inerzia consente ai pazienti di alleviare il dolore e l'insonnia, mentre il suo dolce appagamento bandisce la depressione e lo stress. Acquista GRN CBD Vanilla Custard CBD Vape Cartridge Sul mercato circolano diversi fenotipi di Northern Lights, ma Sensi Seeds consiglia un tempo di fioritura indoor complessivo di 45-50 giorni. Acquista Moonrocks online Acquista Frosties Cookies<\/p>\n<h2>Aurora boreale a Creston kaufen<\/h2>\n<p>Acquista l'aurora boreale a Creston. Ordina l'aurora boreale a Creston. La Northern Lights, precedentemente nota come CI #5 F1, \u00e8 una pluripremiata variet\u00e0 a predominanza indica. Ben accolta da coltivatori, pazienti terapeutici e consumatori ricreativi, questa variet\u00e0 \u00e8 forse una delle variet\u00e0 indica pi\u00f9 popolari di tutti i tempi. Il ceppo \u00e8 disponibile nelle farmacie in tutta la costa occidentale e in Colorado. Acquista Girl Scout Cookies<\/p>\n<p>La Northern Lights \u00e8 conosciuta da molti come una variet\u00e0 per smettere di fumare in due passaggi che mette il corpo in una modalit\u00e0 pigra meravigliosamente paralizzante. La voglia di sedersi sul divano e rispondere alla chiamata a sgranocchiare pu\u00f2 essere travolgente per gli utenti inesperti, anche a dosi pi\u00f9 basse.<\/p>\n<p>Questo sballo fisico \u00e8 accompagnato da una piacevole sensazione di benessere e felicit\u00e0. Alcuni utenti esperti segnalano anche una maggiore creativit\u00e0 e attenzione. Acquista Garrison-Lane<\/p>\n<p>Gli effetti negativi medi rimangono: secchezza della bocca e degli occhi, vertigini, paranoia e ansia a dosi pi\u00f9 elevate.<\/p>\n<p>Come la maggior parte dei suoi antenati e discendenti a base indica, la Northern Lights \u00e8 altamente raccomandata per l'uso serale e l'insonnia. Acquista Grape Jelly \u00c8 una delle variet\u00e0 indica pi\u00f9 pure in circolazione (95% indica, 5% sativa) che \u00e8 molto calmante potere del tronco. Viene spesso scelto anche per ridurre gli effetti dello stress e dell'ansia. Molti la scelgono anche per il potente sballo fisico che indebolisce le catene del dolore cronico. E il forte effetto stimolante dell'appetito viene utilizzato per aiutare le persone che soffrono di disturbi alimentari come l'anoressia.<\/p>\n<p>L'esatto lignaggio e la storia della Northern Light sono avvolti nel mistero, ma \u00e8 opinione diffusa che sia un ibrido di due ceppi autoctoni fondamentali: tailandese e afgana. Sappiamo che la variet\u00e0 \u00e8 stata perfezionata in Olanda ed \u00e8 arrivata in America solo negli ultimi anni.<\/p>","protected":false},"excerpt":{"rendered":"<p>La Northern Lights \u00e8 una delle variet\u00e0 pi\u00f9 famose di tutti i tempi, una pura indica apprezzata per le sue cime resinose, il tempo di fioritura veloce e la resistenza durante la crescita.<\/p>","protected":false},"featured_media":446,"comment_status":"open","ping_status":"closed","template":"","meta":{"om_disable_all_campaigns":false,"_monsterinsights_skip_tracking":false,"_monsterinsights_sitenote_active":false,"_monsterinsights_sitenote_note":"","_monsterinsights_sitenote_category":0},"product_brand":[],"product_cat":[16],"product_tag":[232,233,234],"class_list":{"0":"post-445","1":"product","2":"type-product","3":"status-publish","4":"has-post-thumbnail","6":"product_cat-uncategorized","7":"product_tag-ak-47-weed-online-kaufen-in-los-angeles","8":"product_tag-chapo-kekse-in-alaska-kaufen","9":"product_tag-og-kekse-in-portland-kaufen","11":"first","12":"instock","13":"shipping-taxable","14":"purchasable","15":"product-type-variable"},"_links":{"self":[{"href":"https:\/\/caliweedonlineshop.com\/it\/wp-json\/wp\/v2\/product\/445","targetHints":{"allow":["GET"]}}],"collection":[{"href":"https:\/\/caliweedonlineshop.com\/it\/wp-json\/wp\/v2\/product"}],"about":[{"href":"https:\/\/caliweedonlineshop.com\/it\/wp-json\/wp\/v2\/types\/product"}],"replies":[{"embeddable":true,"href":"https:\/\/caliweedonlineshop.com\/it\/wp-json\/wp\/v2\/comments?post=445"}],"wp:featuredmedia":[{"embeddable":true,"href":"https:\/\/caliweedonlineshop.com\/it\/wp-json\/wp\/v2\/media\/446"}],"wp:attachment":[{"href":"https:\/\/caliweedonlineshop.com\/it\/wp-json\/wp\/v2\/media?parent=445"}],"wp:term":[{"taxonomy":"product_brand","embeddable":true,"href":"https:\/\/caliweedonlineshop.com\/it\/wp-json\/wp\/v2\/product_brand?post=445"},{"taxonomy":"product_cat","embeddable":true,"href":"https:\/\/caliweedonlineshop.com\/it\/wp-json\/wp\/v2\/product_cat?post=445"},{"taxonomy":"product_tag","embeddable":true,"href":"https:\/\/caliweedonlineshop.com\/it\/wp-json\/wp\/v2\/product_tag?post=445"}],"curies":[{"name":"wp","href":"https:\/\/api.w.org\/{rel}","templated":true}]}}