{"id":452,"date":"2023-01-13T06:48:15","date_gmt":"2023-01-13T06:48:15","guid":{"rendered":"https:\/\/caliweedonlineshop.com\/?post_type=product&#038;p=452"},"modified":"2023-04-13T06:49:26","modified_gmt":"2023-04-13T06:49:26","slug":"obama-kush","status":"publish","type":"product","link":"https:\/\/caliweedonlineshop.com\/it\/product\/obama-kush\/","title":{"rendered":"Obama kush"},"content":{"rendered":"<h1>Acquista Obama Kush online<\/h1>\n<p>Acquista Obama Kush online. Ordina Obama Kush online. Questo unico <a href=\"https:\/\/caliweedonlineshop.com\/index.php\/product-category\/blumen\/indica-sorten\/\">indicadominierte Sorte<\/a> racchiude il famoso messaggio del Presidente di \"Cambiamento\" ravvivando e ispirando. <a href=\"https:\/\/thrivenevada.com\/blog\/mimosa-strain-guide\/\" target=\"_blank\" rel=\"noopener\">Mimosa<\/a> comprare un bivio da <a href=\"https:\/\/caliweedonlineshop.com\/index.php\/product\/afghan-kush\/\">Afghani<\/a> und<a href=\"https:\/\/www.leafly.com\/strains\/og-kush\/reviews\" target=\"_blank\" rel=\"noopener\"> OG Kush<\/a>, Obama Kush offre stimoli cerebrali e uno sballo euforico. Questa variet\u00e0 \u00e8 consigliata ai consumatori che cercano sia un forte effetto fisico che un intenso sollevamento cerebrale. I fiori sono gelidi con una tonalit\u00e0 viola e peli rossastri ed emanano un leggero aroma. Compra limonata\/torta bruciata<\/p>\n<h2>Acquista Obama Kush online<\/h2>","protected":false},"excerpt":{"rendered":"<p>Obama Kush \u00e8 una variet\u00e0 che prende il nome dal Comandante Supremo degli Stati Uniti. Questo ibrido a predominanza indica \u00e8 un incrocio tra OG Kush e Afghani<\/p>\n<p>&nbsp;<\/p>","protected":false},"featured_media":453,"comment_status":"open","ping_status":"closed","template":"","meta":{"om_disable_all_campaigns":false,"_monsterinsights_skip_tracking":false,"_monsterinsights_sitenote_active":false,"_monsterinsights_sitenote_note":"","_monsterinsights_sitenote_category":0},"product_brand":[],"product_cat":[126,195],"product_tag":[236,235,237,238],"class_list":{"0":"post-452","1":"product","2":"type-product","3":"status-publish","4":"has-post-thumbnail","6":"product_cat-blumen","7":"product_cat-indica-sorten","8":"product_tag-haschisch-online-kaufen-uk","9":"product_tag-kirschtorte-online-kaufen-in-arklohaham","10":"product_tag-moonrock-in-australien-kaufen","11":"product_tag-obama-kush-online-kaufen","13":"first","14":"instock","15":"shipping-taxable","16":"purchasable","17":"product-type-variable"},"_links":{"self":[{"href":"https:\/\/caliweedonlineshop.com\/it\/wp-json\/wp\/v2\/product\/452","targetHints":{"allow":["GET"]}}],"collection":[{"href":"https:\/\/caliweedonlineshop.com\/it\/wp-json\/wp\/v2\/product"}],"about":[{"href":"https:\/\/caliweedonlineshop.com\/it\/wp-json\/wp\/v2\/types\/product"}],"replies":[{"embeddable":true,"href":"https:\/\/caliweedonlineshop.com\/it\/wp-json\/wp\/v2\/comments?post=452"}],"wp:featuredmedia":[{"embeddable":true,"href":"https:\/\/caliweedonlineshop.com\/it\/wp-json\/wp\/v2\/media\/453"}],"wp:attachment":[{"href":"https:\/\/caliweedonlineshop.com\/it\/wp-json\/wp\/v2\/media?parent=452"}],"wp:term":[{"taxonomy":"product_brand","embeddable":true,"href":"https:\/\/caliweedonlineshop.com\/it\/wp-json\/wp\/v2\/product_brand?post=452"},{"taxonomy":"product_cat","embeddable":true,"href":"https:\/\/caliweedonlineshop.com\/it\/wp-json\/wp\/v2\/product_cat?post=452"},{"taxonomy":"product_tag","embeddable":true,"href":"https:\/\/caliweedonlineshop.com\/it\/wp-json\/wp\/v2\/product_tag?post=452"}],"curies":[{"name":"wp","href":"https:\/\/api.w.org\/{rel}","templated":true}]}}