{"id":458,"date":"2023-01-13T06:53:40","date_gmt":"2023-01-13T06:53:40","guid":{"rendered":"https:\/\/caliweedonlineshop.com\/?post_type=product&#038;p=458"},"modified":"2023-01-13T06:53:40","modified_gmt":"2023-01-13T06:53:40","slug":"og-kush","status":"publish","type":"product","link":"https:\/\/caliweedonlineshop.com\/it\/product\/og-kush\/","title":{"rendered":"OG kush"},"content":{"rendered":"<h1>Acquista OG Kush a Coulee Dam<\/h1>\n<p>Acquista OG Kush a Coulee Dam. Ordina OG Kush a Coulee Dam. OG Kush \u00e8 stato allevato per la prima volta in Florida nei primi anni '90 come variet\u00e0 della California settentrionale con a <a href=\"https:\/\/caliweedonlineshop.com\/index.php\/product\/hindu-kush\/\">Hindu Kush<\/a> La pianta di Amsterdam \u00e8 stata incrociata. Il risultato \u00e8 stato un ibrido con un profilo terpenico unico che esibisce un aroma complesso con note di carburante, puzzola e spezie.compra Banana Runtz<\/p>\n<p>OG Kush, la spina dorsale genetica delle variet\u00e0 di cannabis della West Coast, \u00e8 arrivata a Los Angeles nel 1996<\/p>\n<p>quando Matt \"Bubba\" Berger la port\u00f2 (insieme a \"The Bubba\", che in seguito divenne la famosa Bubba Kush) dalla Florida al leggendario allevatore Josh D. Da allora, la OG Kush \u00e8 diventata un punto fermo in tutto il mondo, generando numerose variet\u00e0 famose come GSC e Headband. Ci sono molti diversi fenotipi di OG Kush tra cui Tahoe OG, SFV OG e Ghost OG. acquista Blissfully Baked Brownie<\/p>\n<p>OG Kush \u00e8 una variet\u00e0 leggendaria con profonde radici nella cultura della cannabis. \u00c8 stata ibridata in Florida nei primi anni '90 come incrocio tra una variet\u00e0 sconosciuta della California settentrionale e l'Hindu Kush. La OG Kush che conosciamo oggi \u00e8 stata creata dallo stimato allevatore Matt \"Bubba\" Berger quando ha incrociato la Forum Cut di OG Kush con la sua The Bubba. La concentrazione di THC di OG Kush varia tra il 20% e il 25%, rendendola abbastanza potente per essere una variet\u00e0 ibrida. Il distinto profilo terpenico di OG Kush \u00e8 caratterizzato dai suoi toni terrosi di gas o carburante, skunk e spezie.compra Berry Pie<\/p>\n<h2>Acquista OG Kush a Coulee Dam<\/h2>\n<p>Acquista OG Kush a Coulee Dam. ordina OG Kush alla diga di Coulee. OG Kush \u00e8 una delle variet\u00e0 di cannabis pi\u00f9 popolari in circolazione. OGKush. Questa sensazione degli anni '90 \u00e8 anche la base per molti ibridi moderni. Con un contenuto di THC fino al 24%, non c'\u00e8 da meravigliarsi che questa variet\u00e0 sia diventata cos\u00ec famosa.compra Banana Pound Cake<br \/>\nQuesta variet\u00e0 ti far\u00e0 sentire euforico ed energico. \u00c8 eccellente per il trattamento della depressione, dello stress e delle condizioni di dolore cronico. Acquista Ball Family Farms<\/p>\n<h4>Risultati testati in laboratorio:<\/h4>\n<p>THC: 24%<\/p>\n<p>CBD: 0,1%<\/p>\n<h3>OG Kush Erfahrung<\/h3>\n<p>La OG Kush \u00e8 una delle variet\u00e0 pi\u00f9 popolari in circolazione. Tuttavia, la loro genetica \u00e8 piuttosto un mistero. Si pensa che provenga da un sacco di semi in Florida e successivamente coltivato in California dalla gente dietro la Imperial Genetics. Si pensa che sia un mix di Chemdawg e Hindu Kush. Compra Banana Lato<\/p>\n<p>Questa variet\u00e0 \u00e8 un ibrido a predominanza indica con un aroma e una struttura delle cime simili a Kush. Sebbene ci sia qualche discussione, si ritiene che \"OG\" stia per Ocean Grown, un omaggio all'eredit\u00e0 californiana di questa variet\u00e0. Nonostante le sue origini misteriose e il sudario della tradizione della cannabis, la OG Kush \u00e8 cresciuta in popolarit\u00e0. Sia i coltivatori che i consumatori non riescono a tenere le mani lontane da questa variet\u00e0. Acquista Blueberry<\/p>\n<p>OG Kush \u00e8 noto per i suoi effetti piacevoli ed euforici. Molte persone che soffrono di sbalzi d'umore o di stress cronico adorano questa variet\u00e0 per la beatitudine che induce. Questo esilarante effetto stonato \u00e8 accompagnato da un distinto high indica. Mentre il tuo umore pu\u00f2 essere leggero e disinvolto, il tuo corpo sar\u00e0 probabilmente incollato al divano. Acquista Blue skittlez<\/p>\n<p>Anche i fumatori ricreativi hanno motivo di amare la OG Kush. I suoi effetti calmanti sono proprio ci\u00f2 di cui hai bisogno quando torni a casa e vuoi dominare il tuo videogioco preferito o goderti una cena rilassante con amici e familiari. Tuttavia, i nuovi utenti potrebbero trovare questi ibridi un po' troppo sedativi. I suoi livelli di THC possono raggiungere il 24%, rendendo questo fiore piuttosto potente.<\/p>\n<p>Se adeguatamente curata, questa variet\u00e0 emana un odore di muffa che risulter\u00e0 familiare ai fan delle altre variet\u00e0 Kush. Questo profumo diventa ancora pi\u00f9 intenso man mano che i boccioli vengono aperti, con note di agrumi e pino che si uniscono. Il fumo speziato ha la tendenza a far tossire i consumatori di marijuana, mentre \u00e8 probabile che l'aroma rimanga nell'aria molto tempo dopo che l'erba \u00e8 sparita.<\/p>\n<p>I tricomi sulle cime sono cos\u00ec spessi che questa variet\u00e0 pu\u00f2 quasi sembrare neve. Tieni vicino un grinder se vuoi macinare questa variet\u00e0: \u00e8 un'erba appiccicosa. Acquista Bubblegum Kush<\/p>\n<h3>Benefici medicinali di OG Kush<\/h3>\n<p>Questa variet\u00e0 offre gli effetti rilassanti di un'indica con alti livelli di THC. Questa combinazione vincente rende la OG Kush una popolare variet\u00e0 terapeutica.<\/p>\n<p>I malati di marijuana medica che soffrono di dolore, nausea ed emicrania troveranno sollievo con questa variet\u00e0.<\/p>\n<p>Inoltre, le persone con ADD\/ADHD tendono ad apprezzare questa variet\u00e0.<\/p>\n<p>Alcuni sostengono addirittura che questa variet\u00e0 possa aiutare con il morbo di Alzheimer. <a href=\"https:\/\/caliweedonlineshop.com\/it\/\">weed online kaufen Europa<\/a><\/p>","protected":false},"excerpt":{"rendered":"<p>Kaufen Sie OG Kush in Coulee Dam Kaufen Sie OG Kush in Coulee Dam. Bestellen Sie OG Kush in Coulee Dam. OG Kush wurde erstmals in den fr\u00fchen 90er Jahren in Florida gez\u00fcchtet, als eine Sorte aus Nordkalifornien mit einer Hindu Kush Pflanze aus Amsterdam gekreuzt wurde. Das Ergebnis war eine Hybride mit einem einzigartigen [&hellip;]<\/p>","protected":false},"featured_media":459,"comment_status":"open","ping_status":"closed","template":"","meta":{"om_disable_all_campaigns":false,"_monsterinsights_skip_tracking":false,"_monsterinsights_sitenote_active":false,"_monsterinsights_sitenote_note":"","_monsterinsights_sitenote_category":0},"product_brand":[],"product_cat":[195,126],"product_tag":[],"class_list":{"0":"post-458","1":"product","2":"type-product","3":"status-publish","4":"has-post-thumbnail","6":"product_cat-indica-sorten","7":"product_cat-blumen","9":"first","10":"instock","11":"shipping-taxable","12":"purchasable","13":"product-type-variable"},"_links":{"self":[{"href":"https:\/\/caliweedonlineshop.com\/it\/wp-json\/wp\/v2\/product\/458","targetHints":{"allow":["GET"]}}],"collection":[{"href":"https:\/\/caliweedonlineshop.com\/it\/wp-json\/wp\/v2\/product"}],"about":[{"href":"https:\/\/caliweedonlineshop.com\/it\/wp-json\/wp\/v2\/types\/product"}],"replies":[{"embeddable":true,"href":"https:\/\/caliweedonlineshop.com\/it\/wp-json\/wp\/v2\/comments?post=458"}],"wp:featuredmedia":[{"embeddable":true,"href":"https:\/\/caliweedonlineshop.com\/it\/wp-json\/wp\/v2\/media\/459"}],"wp:attachment":[{"href":"https:\/\/caliweedonlineshop.com\/it\/wp-json\/wp\/v2\/media?parent=458"}],"wp:term":[{"taxonomy":"product_brand","embeddable":true,"href":"https:\/\/caliweedonlineshop.com\/it\/wp-json\/wp\/v2\/product_brand?post=458"},{"taxonomy":"product_cat","embeddable":true,"href":"https:\/\/caliweedonlineshop.com\/it\/wp-json\/wp\/v2\/product_cat?post=458"},{"taxonomy":"product_tag","embeddable":true,"href":"https:\/\/caliweedonlineshop.com\/it\/wp-json\/wp\/v2\/product_tag?post=458"}],"curies":[{"name":"wp","href":"https:\/\/api.w.org\/{rel}","templated":true}]}}