{"id":464,"date":"2023-01-13T06:56:46","date_gmt":"2023-01-13T06:56:46","guid":{"rendered":"https:\/\/caliweedonlineshop.com\/?post_type=product&#038;p=464"},"modified":"2023-01-13T06:56:46","modified_gmt":"2023-01-13T06:56:46","slug":"orange-kush","status":"publish","type":"product","link":"https:\/\/caliweedonlineshop.com\/it\/product\/orange-kush\/","title":{"rendered":"orange kush"},"content":{"rendered":"<h1>Acquista Orange Kush<\/h1>\n<p>Acquista Orange Kush online. Ordina Orange Kush online. Creata dalla Green Devil Genetics, Orange Kush \u00e8 la progenie di Orange Bud e OG Kush. Rilassa il corpo ed eleva l'umore con un gusto di agrumi dolce e pungente. Questa variet\u00e0 \u00e8 resistente alla maggior parte dei parassiti e delle muffe e ha cime lunghe e dense con molti peli arancioni e cristalli di tricomi. comprare punch viola<\/p>\n<p>I geni sativa di OG Kush e i geni indica di Orange Bud sono stati mescolati per creare Orange Kush. Il gusto \u00e8 piccante e agrumato, mentre l'odore \u00e8 caratterizzato da forti note dolci di arancia. acquista Respiro al burro di arachidi I boccioli hanno foglie verde lime e peli arancioni brillanti, che si addicono al nome. \u00c8 noto che i livelli di THC superano il 22%, rendendo questa variet\u00e0 una delle pi\u00f9 potenti sul mercato, legale o meno. Il contenuto di CBD, d'altra parte, \u00e8 molto basso, meno dello mezzo percento, decisamente troppo basso per raccomandare Orange Kush come un buon trattamento per i disturbi convulsivi e altri problemi che possono essere alleviati con il CBD. L'effetto di questa variet\u00e0 indica certamente la sua tendenza indica: forte euforia, profondo rilassamento fisico, sensazioni di felicit\u00e0, Sonnolenza e un forte caso di voglie. Questo da solo la rende un ottimo strumento nel trattamento di qualsiasi disturbo alimentare o del desiderio, ma Orange Kush \u00e8 anche un'ottima scelta per i pazienti che soffrono di ansia, depressione, ADHD, infiammazione, emicrania, spasmi muscolari e dolore. Le qualit\u00e0 negative includono secchezza degli occhi e secchezza delle fauci. Questa variet\u00e0 \u00e8 pi\u00f9 popolare in Arizona e nel nord-ovest del Pacifico. Compra Ananas espresso Questa variet\u00e0 \u00e8 pi\u00f9 popolare in Arizona e nel nord-ovest del Pacifico. Compra Ananas espresso Questa variet\u00e0 \u00e8 pi\u00f9 popolare in Arizona e nel nord-ovest del Pacifico. Compra Ananas espresso<\/p>\n<h2>Orange Kush online kaufen<\/h2>\n<p>Acquista Orange Kush online. Ordina Orange Kush online. Gli effetti di questa variet\u00e0 sono indicativi della sua affiliazione indica: forte euforia, profondo rilassamento fisico, sensazioni di felicit\u00e0, sonnolenza e un forte bisogno di mangiare. Questo da solo rende questa variet\u00e0 un ottimo strumento nel trattamento di qualsiasi disturbo alimentare o del desiderio, ma Orange Kush \u00e8 anche un'ottima scelta per i pazienti che soffrono di ansia, depressione, ADHD, infiammazione, emicrania, spasmi muscolari e dolore. Le qualit\u00e0 negative includono secchezza degli occhi e secchezza delle fauci. Compra Banana Lato<br \/>\nCreata dalla Green Devil Genetics, Orange Kush \u00e8 la progenie di Orange Bud e OG Kush. Rilassa il corpo ed eleva l'umore con un aroma di agrumi dolce e pungente. Questa variet\u00e0 \u00e8 resistente alla maggior parte dei parassiti e delle muffe e ha cime lunghe e dense con molti peli arancioni e cristalli di tricomi. Questa variet\u00e0 ibrida di marijuana a predominanza sativa \u00e8 stata progettata per essere un coltivatore resistente e resistente. Le piante Kush organiche derivano dai genitori OG Kush e SAGE e, come molte sativa, hanno un tempo di fioritura leggermente pi\u00f9 lungo di 10-11 settimane. Acquista Lpsc X Km 24 Queste piante hanno molti rami con foglie verde scuro ma le loro cime sono verde chiaro e profumano pino appena tagliato.<\/p>","protected":false},"excerpt":{"rendered":"<p>Creata dalla Green Devil Genetics, Orange Kush \u00e8 la progenie di Orange Bud e OG Kush. Rilassa il corpo ed eleva l'umore con un aroma di agrumi dolce e pungente.<\/p>\n<p>&nbsp;<\/p>","protected":false},"featured_media":465,"comment_status":"open","ping_status":"closed","template":"","meta":{"om_disable_all_campaigns":false,"_monsterinsights_skip_tracking":false,"_monsterinsights_sitenote_active":false,"_monsterinsights_sitenote_note":"","_monsterinsights_sitenote_category":0},"product_brand":[],"product_cat":[126,195],"product_tag":[199,214,239],"class_list":{"0":"post-464","1":"product","2":"type-product","3":"status-publish","4":"has-post-thumbnail","6":"product_cat-blumen","7":"product_cat-indica-sorten","8":"product_tag-alice-brownies-online-kaufen-in-uk","9":"product_tag-banana-runtz-online-in-australien-kaufen","10":"product_tag-zitronen-kirsch-gelato-in-grossbritannien-kaufen","12":"first","13":"instock","14":"shipping-taxable","15":"purchasable","16":"product-type-variable"},"_links":{"self":[{"href":"https:\/\/caliweedonlineshop.com\/it\/wp-json\/wp\/v2\/product\/464","targetHints":{"allow":["GET"]}}],"collection":[{"href":"https:\/\/caliweedonlineshop.com\/it\/wp-json\/wp\/v2\/product"}],"about":[{"href":"https:\/\/caliweedonlineshop.com\/it\/wp-json\/wp\/v2\/types\/product"}],"replies":[{"embeddable":true,"href":"https:\/\/caliweedonlineshop.com\/it\/wp-json\/wp\/v2\/comments?post=464"}],"wp:featuredmedia":[{"embeddable":true,"href":"https:\/\/caliweedonlineshop.com\/it\/wp-json\/wp\/v2\/media\/465"}],"wp:attachment":[{"href":"https:\/\/caliweedonlineshop.com\/it\/wp-json\/wp\/v2\/media?parent=464"}],"wp:term":[{"taxonomy":"product_brand","embeddable":true,"href":"https:\/\/caliweedonlineshop.com\/it\/wp-json\/wp\/v2\/product_brand?post=464"},{"taxonomy":"product_cat","embeddable":true,"href":"https:\/\/caliweedonlineshop.com\/it\/wp-json\/wp\/v2\/product_cat?post=464"},{"taxonomy":"product_tag","embeddable":true,"href":"https:\/\/caliweedonlineshop.com\/it\/wp-json\/wp\/v2\/product_tag?post=464"}],"curies":[{"name":"wp","href":"https:\/\/api.w.org\/{rel}","templated":true}]}}