{"id":482,"date":"2023-01-14T12:09:05","date_gmt":"2023-01-14T12:09:05","guid":{"rendered":"https:\/\/caliweedonlineshop.com\/?post_type=product&#038;p=482"},"modified":"2023-01-14T12:09:05","modified_gmt":"2023-01-14T12:09:05","slug":"pineapple-kush","status":"publish","type":"product","link":"https:\/\/caliweedonlineshop.com\/it\/product\/pineapple-kush\/","title":{"rendered":"Pineapple kush"},"content":{"rendered":"<h1>Acquista Pineapple Kush ad Aberdeen.<\/h1>\n<p>Acquista Pineapple Kush ad Aberdeen. Ordina Pineapple Kush online. La Pineapple Kush \u00e8 una variet\u00e0 di cannabis che ha un aroma di ananas con sentori di caramello e burro. Il gusto \u00e8 descritto come un sottile sapore dolce di ananas con una sfumatura di menta. L'allevatore di questa variet\u00e0 \u00e8 sconosciuto, ma le variet\u00e0 parentali sono Pineapple e Master Kush. I boccioli sono di colore marrone\/verde e ricoperti di cristalli color ambra. acquista Paris ogIl ronzio \u00e8 generalmente descritto come cerebrale con una sensazione di corpo leggero. acquista Pluto Cookies<\/p>\n<p>Purple Punch \u00e8 la fusione dolce e rilassante di due classici a predominanza indica. Dall'incrocio tra Larry OG e Granddaddy Purple \u00e8 nata la Purple Punch incredibilmente carica di tricomi, che profuma di caramella all'uva, muffin ai mirtilli e aspro Kool-Aid. La potenza di questa variet\u00e0 d\u00e0 a chi la usa un doppio colpo alla testa e al corpo, prima atterrando tra gli occhi e poi sistemandosi negli arti. La Purple Punch \u00e8 una deliziosa variet\u00e0 da dessert, ottima per cena. I suoi effetti possono aiutare a gestire nausea, stress, dolori muscolari lievi e insonnia. Compra Punch viola<\/p>\n<h2>Pineapple Kush in Aberdeen kaufen<\/h2>\n<p>Acquista Pineapple Kush ad Aberdeen. ordina Pineapple Kush ad Aberdeen. Ibrido a predominanza Indica - 80% indica \/ 20% sativa<br \/>\nTHC: 18% &#8211; 20%, CBD: 1%<br \/>\nLa Purple Punch \u00e8 un raro ibrido a predominanza indica (80% indica\/20% sativa) creato incrociando la classica Larry OG con la deliziosamente potente Grand Daddy Purps. Con un doppio colpo di effetti euforici e un livello medio di THC super alto del 18-20%, sentirai quasi immediatamente lo sballo da urlo della Purple Punch. compra Purple Og kush. Sentirai un'ondata di euforia seguita da un inebriante sollevamento che ti trasporter\u00e0 in uno stato di pura beatitudine. Man mano che la tua mente sale sempre pi\u00f9 in alto, il tuo corpo inizia a scivolare in uno stato rilassante che \u00e8 molto calmante e inebriante, che spesso porta a un sonno lungo e tranquillo. Combinati con gli alti livelli di THC, questi effetti rendono Purple Punch perfetto per contrastare gli effetti dell'insonnia, combattere lo stress cronico, la nausea, il dolore cronico e la depressione. acquista Grape ApeQuesto bocciolo ha pepite soffici e sovradimensionate di un verde neon brillante con radi peli rosso arancio e un rivestimento di minuscoli tricomi cristallini color ambra gelida. acquista Granddaddy Purple Rompendo ogni piccola pepita rilascia aromi di mirtilli terrosi e uva, accentuati da una dolce sfumatura erbacea. Il gusto \u00e8 molto dolce con un sapore di mirtillo vanigliato che ha sentori di caramella d'uva leggermente acida. acquista erba online in Europa acquista Grape ApeQuesto bocciolo ha pepite soffici e sovradimensionate di un verde neon brillante con radi peli rosso arancio e un rivestimento di minuscoli tricomi cristallini color ambra gelida. acquista Granddaddy Purple Rompendo ogni piccola pepita rilascia aromi di mirtilli terrosi e uva, accentuati da una dolce sfumatura erbacea. Il gusto \u00e8 molto dolce con un sapore di mirtillo vanigliato che ha sentori di caramella d'uva leggermente acida. acquista erba online in europa acquista Grape ApeQuesto bocciolo ha pepite soffici e sovradimensionate di un verde neon brillante con radi peli rosso arancio e un rivestimento di minuscoli tricomi cristallini color ambra gelida. acquista Granddaddy Purple Rompendo ogni piccola pepita rilascia aromi di mirtilli terrosi e uva, accentuati da una dolce sfumatura erbacea. Il gusto \u00e8 molto dolce con un sapore di mirtillo vanigliato che ha sentori di caramella d'uva leggermente acida. acquista erba online in europa<\/p>\n<p>&nbsp;<\/p>","protected":false},"excerpt":{"rendered":"<p>La Pineapple Kush \u00e8 una variet\u00e0 di cannabis che ha un aroma di ananas con sentori di caramello e burro. Il gusto \u00e8 descritto come un sottile sapore dolce di ananas con una sfumatura di menta. Mentre l'allevatore di questa variet\u00e0 \u00e8 sconosciuto, i suoi genitori sono Pineapple e Master Kush.<\/p>","protected":false},"featured_media":483,"comment_status":"open","ping_status":"closed","template":"","meta":{"om_disable_all_campaigns":false,"_monsterinsights_skip_tracking":false,"_monsterinsights_sitenote_active":false,"_monsterinsights_sitenote_note":"","_monsterinsights_sitenote_category":0},"product_brand":[],"product_cat":[126,195],"product_tag":[],"class_list":{"0":"post-482","1":"product","2":"type-product","3":"status-publish","4":"has-post-thumbnail","6":"product_cat-blumen","7":"product_cat-indica-sorten","9":"first","10":"instock","11":"shipping-taxable","12":"purchasable","13":"product-type-variable"},"_links":{"self":[{"href":"https:\/\/caliweedonlineshop.com\/it\/wp-json\/wp\/v2\/product\/482","targetHints":{"allow":["GET"]}}],"collection":[{"href":"https:\/\/caliweedonlineshop.com\/it\/wp-json\/wp\/v2\/product"}],"about":[{"href":"https:\/\/caliweedonlineshop.com\/it\/wp-json\/wp\/v2\/types\/product"}],"replies":[{"embeddable":true,"href":"https:\/\/caliweedonlineshop.com\/it\/wp-json\/wp\/v2\/comments?post=482"}],"wp:featuredmedia":[{"embeddable":true,"href":"https:\/\/caliweedonlineshop.com\/it\/wp-json\/wp\/v2\/media\/483"}],"wp:attachment":[{"href":"https:\/\/caliweedonlineshop.com\/it\/wp-json\/wp\/v2\/media?parent=482"}],"wp:term":[{"taxonomy":"product_brand","embeddable":true,"href":"https:\/\/caliweedonlineshop.com\/it\/wp-json\/wp\/v2\/product_brand?post=482"},{"taxonomy":"product_cat","embeddable":true,"href":"https:\/\/caliweedonlineshop.com\/it\/wp-json\/wp\/v2\/product_cat?post=482"},{"taxonomy":"product_tag","embeddable":true,"href":"https:\/\/caliweedonlineshop.com\/it\/wp-json\/wp\/v2\/product_tag?post=482"}],"curies":[{"name":"wp","href":"https:\/\/api.w.org\/{rel}","templated":true}]}}