{"id":488,"date":"2023-01-14T12:13:39","date_gmt":"2023-01-14T12:13:39","guid":{"rendered":"https:\/\/caliweedonlineshop.com\/?post_type=product&#038;p=488"},"modified":"2023-03-18T00:39:03","modified_gmt":"2023-03-18T00:39:03","slug":"platinum-og","status":"publish","type":"product","link":"https:\/\/caliweedonlineshop.com\/it\/product\/platinum-og\/","title":{"rendered":"Platinum Og"},"content":{"rendered":"<h1>Acquista Platinum OG in Amira<\/h1>\n<p>Acquista Platinum OG in Amira. Ordina Platin OG ad Amira. Platinum OG \u00e8 prezioso quanto il metallo da cui prende il nome. Questo <a href=\"https:\/\/caliweedonlineshop.com\/index.php\/product-category\/blumen\/indica-sorten\/\">Indica-dominante<\/a> Hybrid afferma di essere una delle variet\u00e0 \"pi\u00f9 pesanti\" in circolazione. <a href=\"https:\/\/www.leafly.com\/strains\/platinum-og?__cf_chl_tk=4slfV0DQZTCDtbK270ptJZ47UjFQqa_Gxn0j7bcT0ro-1673698407-0-gaNycGzND70\" target=\"_blank\" rel=\"noopener\">Platinum OG<\/a> si dice che discenda da tre variet\u00e0: Master Kush, OG Kush e un terzo genitore sconosciuto. acquistare <a href=\"https:\/\/caliweedonlineshop.com\/index.php\/product\/obama-kush\/\">Obama kush<\/a>. I fiori sono verde lime e carnosi, con vistosi. comprare Kush arancione<\/p>\n<p>Peli arancioni e un rivestimento di platino grazie ai numerosi cristalli di THC. Un inizio breve e inebriante si trasforma in una forte sedazione fisica adatta per l'uso notturno e per alleviare il dolore, lo stress o l'ansia, rendendo questa pregiata variet\u00e0 un robusto guaritore.acquista Godfather Og<\/p>\n<p>Gli effetti di Platinum OG sono inizialmente piuttosto elevati, edificanti e calmanti per la mente, ma si stabilizzano rapidamente e spesso hanno un effetto sedativo sugli utenti e dovrebbero essere usati con cautela. Per questo motivo \u00e8 un ottimo trattamento notturno per la depressione, lo stress e l'ansia. L'effetto corporeo narcotico pu\u00f2 anche trattare il dolore cronico, gli spasmi muscolari e l'insonnia. Pu\u00f2 anche aiutare ad alleviare l'emicrania e gli effetti di altri disturbi dell'umore. Acquista Pineapple Express<\/p>\n<p>Esperienza Platinum OG<br \/>\nTuttavia, data la sua potenza, si consiglia cautela, altrimenti un comodo blocco del divano potrebbe trasformarsi in una sensazione di vertigini e sopraffazione.<\/p>\n<h3>Platinum OG in Amira kaufen<\/h3>\n<p>Acquista Platinum OG in Amira. Ordina platino OG in Amira. Se gli intenditori decidono di provare questa variet\u00e0, non dovrebbero avere molto altro in programma per il resto della giornata. \u00c8 sicuramente un'erba notturna che travolge l'utente abbastanza rapidamente. Dopo un breve preliminare mentale, diventa intensamente calmante. Compra l'ananas kush<\/p>\n<p>Gli utenti descrivono una sensazione di calore liquido e pura tranquillit\u00e0, con una totale scomparsa di stress e dolore. Una mentalit\u00e0 sativa persiste sotto, ma non \u00e8 l'effetto principale.<\/p>\n<p>Gli amanti del consumo alternativo saranno lieti di sapere che questa cannabis \u00e8 ampiamente disponibile in forma di penna shatter e vape.<\/p>","protected":false},"excerpt":{"rendered":"<p>Platinum OG \u00e8 prezioso quanto il metallo da cui prende il nome. Questo ibrido a predominanza indica \u00e8 considerato uno dei ceppi pi\u00f9 \"pesanti\" in circolazione. Si dice che la Platinum OG discenda da tre variet\u00e0: Master Kush, OG Kush e un terzo genitore sconosciuto. I fiori sono verde lime e carnosi, con caratteristico<\/p>","protected":false},"featured_media":489,"comment_status":"open","ping_status":"closed","template":"","meta":{"om_disable_all_campaigns":false,"_monsterinsights_skip_tracking":false,"_monsterinsights_sitenote_active":false,"_monsterinsights_sitenote_note":"","_monsterinsights_sitenote_category":0},"product_brand":[],"product_cat":[126,195],"product_tag":[],"class_list":{"0":"post-488","1":"product","2":"type-product","3":"status-publish","4":"has-post-thumbnail","6":"product_cat-blumen","7":"product_cat-indica-sorten","9":"first","10":"instock","11":"shipping-taxable","12":"purchasable","13":"product-type-variable"},"_links":{"self":[{"href":"https:\/\/caliweedonlineshop.com\/it\/wp-json\/wp\/v2\/product\/488","targetHints":{"allow":["GET"]}}],"collection":[{"href":"https:\/\/caliweedonlineshop.com\/it\/wp-json\/wp\/v2\/product"}],"about":[{"href":"https:\/\/caliweedonlineshop.com\/it\/wp-json\/wp\/v2\/types\/product"}],"replies":[{"embeddable":true,"href":"https:\/\/caliweedonlineshop.com\/it\/wp-json\/wp\/v2\/comments?post=488"}],"wp:featuredmedia":[{"embeddable":true,"href":"https:\/\/caliweedonlineshop.com\/it\/wp-json\/wp\/v2\/media\/489"}],"wp:attachment":[{"href":"https:\/\/caliweedonlineshop.com\/it\/wp-json\/wp\/v2\/media?parent=488"}],"wp:term":[{"taxonomy":"product_brand","embeddable":true,"href":"https:\/\/caliweedonlineshop.com\/it\/wp-json\/wp\/v2\/product_brand?post=488"},{"taxonomy":"product_cat","embeddable":true,"href":"https:\/\/caliweedonlineshop.com\/it\/wp-json\/wp\/v2\/product_cat?post=488"},{"taxonomy":"product_tag","embeddable":true,"href":"https:\/\/caliweedonlineshop.com\/it\/wp-json\/wp\/v2\/product_tag?post=488"}],"curies":[{"name":"wp","href":"https:\/\/api.w.org\/{rel}","templated":true}]}}