{"id":494,"date":"2023-01-14T12:15:57","date_gmt":"2023-01-14T12:15:57","guid":{"rendered":"https:\/\/caliweedonlineshop.com\/?post_type=product&#038;p=494"},"modified":"2023-01-14T12:16:25","modified_gmt":"2023-01-14T12:16:25","slug":"purple-og-kush","status":"publish","type":"product","link":"https:\/\/caliweedonlineshop.com\/it\/product\/purple-og-kush\/","title":{"rendered":"Purple Og kush"},"content":{"rendered":"<h2>Acquista Purple Kush online<\/h2>\n<p>Acquista Purple Kush online. Ordina Purple Kush online. Purple Kush \u00e8 una variet\u00e0 indica pura originata dall'incrocio di Hindu Kush e Purple Afghani nella zona di Oakland in California. Il suo aroma \u00e8 sottile e terroso con sfumature dolci tipiche delle variet\u00e0 Kush. L'euforia beata e duratura avvolge la mente mentre il rilassamento fisico libera il corpo da dolori e dolori, insonnia e stress. Crescendo in larghezza piuttosto che in altezza, la Purple Kush \u00e8 pronta per essere raccolta dopo un periodo di fioritura di 8 settimane.Acquista Pluto Cookies<\/p>","protected":false},"excerpt":{"rendered":"<p>Purple Kush \u00e8 una variet\u00e0 indica pura che ha avuto origine nella zona di Oakland in California incrociando Hindu Kush e Purple Afghani.<\/p>","protected":false},"featured_media":495,"comment_status":"open","ping_status":"closed","template":"","meta":{"om_disable_all_campaigns":false,"_monsterinsights_skip_tracking":false,"_monsterinsights_sitenote_active":false,"_monsterinsights_sitenote_note":"","_monsterinsights_sitenote_category":0},"product_brand":[],"product_cat":[126,195],"product_tag":[],"class_list":{"0":"post-494","1":"product","2":"type-product","3":"status-publish","4":"has-post-thumbnail","6":"product_cat-blumen","7":"product_cat-indica-sorten","9":"first","10":"instock","11":"shipping-taxable","12":"purchasable","13":"product-type-variable"},"_links":{"self":[{"href":"https:\/\/caliweedonlineshop.com\/it\/wp-json\/wp\/v2\/product\/494","targetHints":{"allow":["GET"]}}],"collection":[{"href":"https:\/\/caliweedonlineshop.com\/it\/wp-json\/wp\/v2\/product"}],"about":[{"href":"https:\/\/caliweedonlineshop.com\/it\/wp-json\/wp\/v2\/types\/product"}],"replies":[{"embeddable":true,"href":"https:\/\/caliweedonlineshop.com\/it\/wp-json\/wp\/v2\/comments?post=494"}],"wp:featuredmedia":[{"embeddable":true,"href":"https:\/\/caliweedonlineshop.com\/it\/wp-json\/wp\/v2\/media\/495"}],"wp:attachment":[{"href":"https:\/\/caliweedonlineshop.com\/it\/wp-json\/wp\/v2\/media?parent=494"}],"wp:term":[{"taxonomy":"product_brand","embeddable":true,"href":"https:\/\/caliweedonlineshop.com\/it\/wp-json\/wp\/v2\/product_brand?post=494"},{"taxonomy":"product_cat","embeddable":true,"href":"https:\/\/caliweedonlineshop.com\/it\/wp-json\/wp\/v2\/product_cat?post=494"},{"taxonomy":"product_tag","embeddable":true,"href":"https:\/\/caliweedonlineshop.com\/it\/wp-json\/wp\/v2\/product_tag?post=494"}],"curies":[{"name":"wp","href":"https:\/\/api.w.org\/{rel}","templated":true}]}}