{"id":506,"date":"2023-01-14T12:25:25","date_gmt":"2023-01-14T12:25:25","guid":{"rendered":"https:\/\/caliweedonlineshop.com\/?post_type=product&#038;p=506"},"modified":"2023-01-16T06:48:50","modified_gmt":"2023-01-16T06:48:50","slug":"sherbinskis","status":"publish","type":"product","link":"https:\/\/caliweedonlineshop.com\/it\/product\/sherbinskis\/","title":{"rendered":"sherbinskis"},"content":{"rendered":"<h1>Sherbinskis in Colorado kaufen<\/h1>\n<p>Acquista Sherbinski in Colorado. Un ibrido di Sunset Sherbert (Girl Scout Cookies e Pink Panties) e Thin Mint Cookies (e OG Kush), questa variet\u00e0 a predominanza indica offre un fumo denso, ricco e pesante. \u00c8 come immergersi in una grande ciotola di gelato. Con un accenno di dolcezza in primo piano e toni inebrianti della terra sul finale, Bacio ha una sensazione in bocca grassa e corposa con un latente effetto formicolio. Con livelli di THC pi\u00f9 elevati rispetto ad altre variet\u00e0 gelato, questa variet\u00e0 \u00e8 adatta per i fumatori con una tolleranza pi\u00f9 elevata ed \u00e8 ottima per un sorso a tarda notte o per scacciare la malinconia durante il giorno. Big Mex Magic Mushroom Online USA.<\/p>\n<p>Sherbinskis \u00e8 stata fondata a San Francisco da Mario Guzman, che si \u00e8 fatto un nome come esperto allevatore di cannabis. Ha contribuito a sviluppare ceppi con genetiche di fama mondiale. Guzman \u00e8 accreditato di aver inventato Sunset Sherbert e la linea di gusti Gelato: Bacio, Acai Berry, Mochi e Gello. Acquista Sherbinski in Colorado. Acquista Preparato per torte\/Mintz<\/p>\n<p>Oltre alla cannabis, Sherbinskis ha anche avviato collaborazioni nella moda e nell'hip-hop. Oggi, Sherbinskis offre un negozio fisico, merchandising, perroll di canapa e prodotti a base di cannabis premium, in particolare cartucce di fiori e vaporizzatori.<\/p>\n<p>L'iconica confezione arancione. L'erba ancora pi\u00f9 iconica racchiusa in questa confezione. Sherbinskis \u00e8 uno di quei rari marchi OG che da decenni vive con cime di prima qualit\u00e0. Fondato da Mario Guzman nel suo garage di San Francisco, Sherbinskis \u00e8 il marchio leggendario dietro variet\u00e0 come Sunset Sherbert, Pink Panties e la famiglia Gelato: Bacio, Acai berry, Mochi e Gello buy. Kurupt Moon Rock<\/p>\n<h2>Sherbinskis in Colorado kaufen<\/h2>\n<p>Acquista Sherbinski in Colorado. TL; DR: Sherbinskis \u00e8 apparso in pi\u00f9 di 200 canzoni hip hop. Cos'altro hai bisogno di sapere?<\/p>\n<p>SHERBINSKIS \u00e8 un cult preferito fondato nel Sunset District di San Francisco da Mr. Sherbinski, un assaggiatore di cannabis e curatore di genetiche di fama mondiale: Pink Panties, Sunset Sherbert e la linea Gelato - Bacio, Mochi, Acai Berry e Gello. Acquista le compresse di Diazepam 10mg online<\/p>\n<p>SHERBINSKIS ha radici a San Francisco, in California, ed \u00e8 noto per il suo rispetto senza compromessi per l'alchimia vegetale e la cultura che la circonda. I nostri vari ceppi e cultivar hanno un devoto seguito di addetti ai lavori e appassionati in tutto il mondo, dove il valore della qualit\u00e0 assoluta e dell'esperienza \u00e8 fondamentale. Acquista Sherbinski in Colorado. Compra Strawnana<\/p>\n<p>Sfruttando questa rinascita globale, SHERBINSKIS si \u00e8 espansa in tutta la California e ha selezionato dispensari in tutto il paese per offrire una linea di prodotti a base di cannabis originali tra cui fiori, pre-roll, cartucce di vaporizzazione, estratti e accessori. Brownie deliziosamente cotto<\/p>\n<p>Celebrato dalle nostre mamme, pap\u00e0, amici e famiglie, nonch\u00e9 dai nostri artisti e intrattenitori preferiti da John Mayer a Migos, SHERBINSKIS \u00e8 orgogliosamente rumoroso e cresciuto per condividere. Acquista marijuana online.<\/p>","protected":false},"excerpt":{"rendered":"<p>Questa variet\u00e0 a predominanza indica \u00e8 un incrocio tra Sunset Sherbert (Girl Scout Cookies e Pink Panties) e Thin Mint Cookies (F1 e OG Kush) e offre un fumo denso, ricco e pesante<\/p>","protected":false},"featured_media":507,"comment_status":"open","ping_status":"closed","template":"","meta":{"om_disable_all_campaigns":false,"_monsterinsights_skip_tracking":false,"_monsterinsights_sitenote_active":false,"_monsterinsights_sitenote_note":"","_monsterinsights_sitenote_category":0},"product_brand":[],"product_cat":[195,126,351],"product_tag":[],"class_list":{"0":"post-506","1":"product","2":"type-product","3":"status-publish","4":"has-post-thumbnail","6":"product_cat-indica-sorten","7":"product_cat-blumen","8":"product_cat-marken-cannabis","10":"first","11":"instock","12":"shipping-taxable","13":"purchasable","14":"product-type-variable"},"_links":{"self":[{"href":"https:\/\/caliweedonlineshop.com\/it\/wp-json\/wp\/v2\/product\/506","targetHints":{"allow":["GET"]}}],"collection":[{"href":"https:\/\/caliweedonlineshop.com\/it\/wp-json\/wp\/v2\/product"}],"about":[{"href":"https:\/\/caliweedonlineshop.com\/it\/wp-json\/wp\/v2\/types\/product"}],"replies":[{"embeddable":true,"href":"https:\/\/caliweedonlineshop.com\/it\/wp-json\/wp\/v2\/comments?post=506"}],"wp:featuredmedia":[{"embeddable":true,"href":"https:\/\/caliweedonlineshop.com\/it\/wp-json\/wp\/v2\/media\/507"}],"wp:attachment":[{"href":"https:\/\/caliweedonlineshop.com\/it\/wp-json\/wp\/v2\/media?parent=506"}],"wp:term":[{"taxonomy":"product_brand","embeddable":true,"href":"https:\/\/caliweedonlineshop.com\/it\/wp-json\/wp\/v2\/product_brand?post=506"},{"taxonomy":"product_cat","embeddable":true,"href":"https:\/\/caliweedonlineshop.com\/it\/wp-json\/wp\/v2\/product_cat?post=506"},{"taxonomy":"product_tag","embeddable":true,"href":"https:\/\/caliweedonlineshop.com\/it\/wp-json\/wp\/v2\/product_tag?post=506"}],"curies":[{"name":"wp","href":"https:\/\/api.w.org\/{rel}","templated":true}]}}