{"id":518,"date":"2023-01-14T12:37:55","date_gmt":"2023-01-14T12:37:55","guid":{"rendered":"https:\/\/caliweedonlineshop.com\/?post_type=product&#038;p=518"},"modified":"2023-01-14T12:37:55","modified_gmt":"2023-01-14T12:37:55","slug":"white-rhino","status":"publish","type":"product","link":"https:\/\/caliweedonlineshop.com\/it\/product\/white-rhino\/","title":{"rendered":"White Rhino"},"content":{"rendered":"<h1>Acquista il rinoceronte bianco online.<\/h1>\n<p>Acquista online White Rhino. bestellen online rinoceronte bianco <a href=\"https:\/\/caliweedonlineshop.com\/index.php\/product\/granddaddy-purple\/\">Granddaddy Purple<\/a> (o PIL) \u00e8 stata introdotta da Ken Estes nel 2003 ed \u00e8 un famoso ibrido indica di Purple Urkle e Big Bud. Questa graffetta californiana eredita un complesso aroma di uva e frutti di bosco dal suo genitore Purple Urkle, mentre Big Bud trasmette la sua struttura di cime sovradimensionate e compatte. Sbocciando in profonde sfumature di viola, i fiori del PIL forniscono uno sfondo contrastante allo strato di resina cristallina bianca come la neve.acquista Raspberry Cheesecake Brownie<\/p>\n<p>I suoi potenti effetti possono essere percepiti sia nella mente che nel corpo, fornendo una fusione di euforia cerebrale e rilassamento fisico. Mentre la tua mente potrebbe fluttuare in una frenesia sognante, \u00e8 pi\u00f9 probabile che il tuo corpo sia fisso in un posto per la durata degli effetti del PIL. La Granddaddy Purple viene generalmente tirata fuori dallo scaffale per gli utenti che cercano di combattere il dolore, lo stress, l'insonnia, la mancanza di appetito e gli spasmi muscolari. Il PIL benedice i coltivatori con rese massicce, pronte per il raccolto dopo un periodo di fioritura di 60 giorni indoor.acquista Paris OG<\/p>\n<p>La White Rhino \u00e8 un incrocio tra la White Widow e una sconosciuta variet\u00e0 indica nordamericana, che ha dato vita a una pianta cespugliosa e vigorosa. Le cime producono uno sballo forte e inebriante. L'ascendenza della pianta proviene dall'Afghanistan, dal Brasile e dall'India. White Rhino \u00e8 una delle migliori variet\u00e0 di marijuana per uso medicinale grazie al suo alto contenuto di THC. Acquista Purple Og kush<\/p>\n<p>La White Rhino \u00e8 una potente variet\u00e0 indica ed \u00e8 facilmente riconoscibile per le sue foglie da corte a cespugliose, di colore da verde chiaro a scuro. Le pepite hanno una tonalit\u00e0 che pu\u00f2 essere meglio descritta come bianco-argentea ed \u00e8 nota per la sua potenza, che si accompagna a un effetto duro e veloce dovuto principalmente agli alti livelli di THC, che oscillano tra il 14 e il 20%. Con uno sfondo di White Widow e una pianta sativa nordamericana, \u00e8 anche conosciuta per il suo forte aroma, che \u00e8 un mix di un odore terroso, amaro e speziato.<\/p>\n<h2>Acquista online White Rhino.<\/h2>\n<p>Acquista il rinoceronte bianco online. Ordina il rinoceronte bianco online. \u00c8 abbastanza comune provare sentimenti di pigrizia, felicit\u00e0 ed euforia dopo aver fumato questa variet\u00e0, motivo per cui viene utilizzata principalmente nel mondo medico per trattare lo stress, il dolore e l'insonnia. Il principale effetto negativo di questa variet\u00e0 \u00e8 la secchezza delle fauci, sebbene sia possibile anche la secchezza degli occhi. Questa variet\u00e0 \u00e8 anche nota per essere particolarmente resistente e capace di essere coltivata in climi estremi.<a href=\"https:\/\/caliweedonlineshop.com\/it\/\">buy weed online Europe<\/a><\/p>","protected":false},"excerpt":{"rendered":"<p>Introdotta nel 2003 da Ken Estes, la Granddaddy Purple (o GDP) \u00e8 un famoso ibrido indica di Purple Urkle e Big Bud. Questa graffetta californiana eredita un complesso aroma di uva e frutti di bosco dal suo genitore Purple Urkle, mentre Big Bud trasmette la sua struttura di cime sovradimensionate e compatte.<\/p>","protected":false},"featured_media":519,"comment_status":"open","ping_status":"closed","template":"","meta":{"om_disable_all_campaigns":false,"_monsterinsights_skip_tracking":false,"_monsterinsights_sitenote_active":false,"_monsterinsights_sitenote_note":"","_monsterinsights_sitenote_category":0},"product_brand":[],"product_cat":[126,195],"product_tag":[],"class_list":{"0":"post-518","1":"product","2":"type-product","3":"status-publish","4":"has-post-thumbnail","6":"product_cat-blumen","7":"product_cat-indica-sorten","9":"first","10":"instock","11":"shipping-taxable","12":"purchasable","13":"product-type-variable"},"_links":{"self":[{"href":"https:\/\/caliweedonlineshop.com\/it\/wp-json\/wp\/v2\/product\/518","targetHints":{"allow":["GET"]}}],"collection":[{"href":"https:\/\/caliweedonlineshop.com\/it\/wp-json\/wp\/v2\/product"}],"about":[{"href":"https:\/\/caliweedonlineshop.com\/it\/wp-json\/wp\/v2\/types\/product"}],"replies":[{"embeddable":true,"href":"https:\/\/caliweedonlineshop.com\/it\/wp-json\/wp\/v2\/comments?post=518"}],"wp:featuredmedia":[{"embeddable":true,"href":"https:\/\/caliweedonlineshop.com\/it\/wp-json\/wp\/v2\/media\/519"}],"wp:attachment":[{"href":"https:\/\/caliweedonlineshop.com\/it\/wp-json\/wp\/v2\/media?parent=518"}],"wp:term":[{"taxonomy":"product_brand","embeddable":true,"href":"https:\/\/caliweedonlineshop.com\/it\/wp-json\/wp\/v2\/product_brand?post=518"},{"taxonomy":"product_cat","embeddable":true,"href":"https:\/\/caliweedonlineshop.com\/it\/wp-json\/wp\/v2\/product_cat?post=518"},{"taxonomy":"product_tag","embeddable":true,"href":"https:\/\/caliweedonlineshop.com\/it\/wp-json\/wp\/v2\/product_tag?post=518"}],"curies":[{"name":"wp","href":"https:\/\/api.w.org\/{rel}","templated":true}]}}