{"id":537,"date":"2023-01-14T13:11:23","date_gmt":"2023-01-14T13:11:23","guid":{"rendered":"https:\/\/caliweedonlineshop.com\/?post_type=product&#038;p=537"},"modified":"2023-01-14T13:13:50","modified_gmt":"2023-01-14T13:13:50","slug":"ak-47","status":"publish","type":"product","link":"https:\/\/caliweedonlineshop.com\/it\/product\/ak-47\/","title":{"rendered":"Ak 47"},"content":{"rendered":"<h1>Acquista l'erba AK 47 online<\/h1>\n<p>Acquista l'erba AK47 online. Non lasciarti ingannare dal nome intenso: AK-47 ti lascer\u00e0 rilassato e tranquillo. Questa variet\u00e0 a predominanza sativa \u00e8 una miscela di ceppi colombiani, messicani, tailandesi e afghani che produce una complessa miscela di sapori ed effetti. L'AK-47 pu\u00f2 produrre uno sballo cerebrale costante e duraturo che ti manterr\u00e0 mentalmente vigile<\/p>\n<p>e impegnati in attivit\u00e0 creative o sociali. Mentre il suo profumo \u00e8 aspro e terroso, le sue note dolci e floreali risaltano davvero al palato.<\/p>\n<p>&nbsp;<\/p>","protected":false},"excerpt":{"rendered":"<p>L'AK-47 racchiude un tempo di fioritura breve per una sativa e produce cime compatte, non troppo frondose, che brillano con uno strato di cristalli di resina. I semi femminizzati AK-47 (BC) sono un must assoluto! Fin\u00ec rapidamente come Lowryder con una resa molto maggiore.<\/p>\n<p>&nbsp;<\/p>","protected":false},"featured_media":538,"comment_status":"open","ping_status":"closed","template":"","meta":{"om_disable_all_campaigns":false,"_monsterinsights_skip_tracking":false,"_monsterinsights_sitenote_active":false,"_monsterinsights_sitenote_note":"","_monsterinsights_sitenote_category":0},"product_brand":[],"product_cat":[126,245],"product_tag":[246,215,205,232,247],"class_list":{"0":"post-537","1":"product","2":"type-product","3":"status-publish","4":"has-post-thumbnail","6":"product_cat-blumen","7":"product_cat-hybrid-sorten","8":"product_tag-ak-47-unkraut-online-kaufen-in-europa","9":"product_tag-ak-47-weed-online-kaufen-in-australien","10":"product_tag-ak-47-weed-online-kaufen-in-deutschland","11":"product_tag-ak-47-weed-online-kaufen-in-los-angeles","12":"product_tag-ak-47-weed-online-kaufen-in-mexiko","14":"first","15":"instock","16":"shipping-taxable","17":"purchasable","18":"product-type-variable"},"_links":{"self":[{"href":"https:\/\/caliweedonlineshop.com\/it\/wp-json\/wp\/v2\/product\/537","targetHints":{"allow":["GET"]}}],"collection":[{"href":"https:\/\/caliweedonlineshop.com\/it\/wp-json\/wp\/v2\/product"}],"about":[{"href":"https:\/\/caliweedonlineshop.com\/it\/wp-json\/wp\/v2\/types\/product"}],"replies":[{"embeddable":true,"href":"https:\/\/caliweedonlineshop.com\/it\/wp-json\/wp\/v2\/comments?post=537"}],"wp:featuredmedia":[{"embeddable":true,"href":"https:\/\/caliweedonlineshop.com\/it\/wp-json\/wp\/v2\/media\/538"}],"wp:attachment":[{"href":"https:\/\/caliweedonlineshop.com\/it\/wp-json\/wp\/v2\/media?parent=537"}],"wp:term":[{"taxonomy":"product_brand","embeddable":true,"href":"https:\/\/caliweedonlineshop.com\/it\/wp-json\/wp\/v2\/product_brand?post=537"},{"taxonomy":"product_cat","embeddable":true,"href":"https:\/\/caliweedonlineshop.com\/it\/wp-json\/wp\/v2\/product_cat?post=537"},{"taxonomy":"product_tag","embeddable":true,"href":"https:\/\/caliweedonlineshop.com\/it\/wp-json\/wp\/v2\/product_tag?post=537"}],"curies":[{"name":"wp","href":"https:\/\/api.w.org\/{rel}","templated":true}]}}