{"id":543,"date":"2023-01-14T13:24:50","date_gmt":"2023-01-14T13:24:50","guid":{"rendered":"https:\/\/caliweedonlineshop.com\/?post_type=product&#038;p=543"},"modified":"2023-01-14T13:26:12","modified_gmt":"2023-01-14T13:26:12","slug":"banana-kush","status":"publish","type":"product","link":"https:\/\/caliweedonlineshop.com\/it\/product\/banana-kush\/","title":{"rendered":"Banana kush"},"content":{"rendered":"<h1>Acquista Banana Kush online<\/h1>\n<p>Acquista Banana Kush online. Questo leggendario ceppo della West Coast si incrocia <a href=\"https:\/\/www.leafly.com\/strains\/ghost-og\" target=\"_blank\" rel=\"noopener\">Ghost OG<\/a> und <a href=\"https:\/\/www.wikileaf.com\/strain\/skunk-haze\/\" target=\"_blank\" rel=\"noopener\">Skunk Haze<\/a>per creare un ibrido a predominanza indica che profuma e sa di moggio di banane fresche. La Banana Kush tende a produrre uno sballo morbido insieme a una rilassata sensazione di euforia.<\/p>\n<p>La Banana Kush \u00e8 un'ottima scelta quando si lotta contro lo stress o la depressione. Stimola anche la creativit\u00e0 e pu\u00f2 aiutarti a mantenerti loquace nelle impostazioni sociali.<\/p>\n<p>Banana Kush \u00e8 una variet\u00e0 con una solida reputazione. Kush alla banana. Questa variet\u00e0 della costa occidentale \u00e8 nota per il suo sapore di banana e un ottimo mix di euforia e sonnolenza. Moderatamente difficile da coltivare, a basso rendimento, \u00e8 figlia di Ghost OG e Skunk Haze.<\/p>\n<h5>Risultati dei test di laboratorio:<\/h5>\n<p>THC: 25%.<\/p>\n<p>CBD: 0,7%<\/p>\n<h2>Acquista Banana Kush online<\/h2>\n<h4>Esperienza Banana Kush<\/h4>\n<p>Pur essendo essenzialmente indica, Banana Kush ha anche alcuni degli effetti di una sativa. Produce uno sballo fisico molto forte ed \u00e8 ideale per gli insonni poich\u00e9 \u00e8 molto assonnata. I suoi effetti che inducono il sonno sono cos\u00ec forti che la maggior parte dei consumatori di marijuana conserva questa variet\u00e0 prima di coricarsi - anche gli appassionati di cannabis pi\u00f9 esperti faranno fatica a tenere gli occhi aperti per questa variet\u00e0. Acquista erba online in Europa<\/p>\n<p>Prima di addormentarsi, i consumatori di marijuana sperimentano un piacevole sballo euforico e un vero miglioramento dell'umore che scioglie lo stress della giornata. Alcuni utenti notano secchezza oculare, secchezza delle fauci e un po' di paranoia quando ne consumano quantit\u00e0 maggiori. Questo \u00e8 particolarmente importante da tenere a mente se sei nuovo alla marijuana <a href=\"https:\/\/caliweedonlineshop.com\/index.php\/product\/paris-og\/\">Paris OG<\/a><\/p>\n<p>Banana Kush ha un profilo aromatico in qualche modo leggendario. \u00c8 un incrocio tra Skunk Haze e Ghost OG e ha un caratteristico sapore di banana. Accompagnato da aromi fruttati e tropicali, alcuni appassionati di marijuana noteranno anche un sapore legnoso. Il caratteristico aroma di banana \u00e8 inconfondibile una volta che questa variet\u00e0 viene bruciata, riempiendo la stanza di fumo dolce e fruttato. Obama Kush<\/p>\n<p>In linea con gli odori e i sapori seducenti, questa variet\u00e0 ha un bell'appeal sullo scaffale. Con foglie dai colori vivaci e pistilli color pesca ricoperti da una salutare dose di tricomi bianchi, la Lemon Zkittle \u00e8 un'erba dall'aspetto gradevole che far\u00e0 sicuramente tornare gli appassionati di cannabis. Biscotto SuperOg<\/p>\n<h3>Benefici medicinali di Banana Kush<\/h3>\n<p>Di tutta la famiglia OG Kush, questa variet\u00e0 \u00e8 una delle pi\u00f9 morbide, rendendola popolare tra i pazienti di marijuana medica che sono nuovi all'uso di cannabis o forse non fumano cos\u00ec spesso. Torta alla banana<\/p>\n<p>Come gi\u00e0 accennato, questa variet\u00e0 \u00e8 eccellente per le persone che soffrono di insonnia grazie ai suoi forti effetti sedativi.<\/p>\n<p>Chi soffre di marijuana alle prese con i sintomi della depressione apprezzer\u00e0 la sensazione edificante ed euforica che questa variet\u00e0 offre<\/p>\n<p>Il forte effetto indica la rende una variet\u00e0 eccezionale per il trattamento del dolore cronico.<\/p>","protected":false},"excerpt":{"rendered":"<p>Banana Kush online kaufen Banana Kush online kaufen. Diese legend\u00e4re Sorte von der Westk\u00fcste kreuzt Ghost OG und Skunk Haze, um einen indicadominierten Hybriden zu schaffen, der wie ein Scheffel frischer Bananen riecht und schmeckt. Banana Kush neigt dazu, neben einem entspannten Gef\u00fchl der Euphorie einen sanften Rausch zu erzeugen. Banana Kush ist eine gute [&hellip;]<\/p>","protected":false},"featured_media":544,"comment_status":"open","ping_status":"closed","template":"","meta":{"om_disable_all_campaigns":false,"_monsterinsights_skip_tracking":false,"_monsterinsights_sitenote_active":false,"_monsterinsights_sitenote_note":"","_monsterinsights_sitenote_category":0},"product_brand":[],"product_cat":[126,245],"product_tag":[],"class_list":{"0":"post-543","1":"product","2":"type-product","3":"status-publish","4":"has-post-thumbnail","6":"product_cat-blumen","7":"product_cat-hybrid-sorten","9":"first","10":"instock","11":"shipping-taxable","12":"purchasable","13":"product-type-variable"},"_links":{"self":[{"href":"https:\/\/caliweedonlineshop.com\/it\/wp-json\/wp\/v2\/product\/543","targetHints":{"allow":["GET"]}}],"collection":[{"href":"https:\/\/caliweedonlineshop.com\/it\/wp-json\/wp\/v2\/product"}],"about":[{"href":"https:\/\/caliweedonlineshop.com\/it\/wp-json\/wp\/v2\/types\/product"}],"replies":[{"embeddable":true,"href":"https:\/\/caliweedonlineshop.com\/it\/wp-json\/wp\/v2\/comments?post=543"}],"wp:featuredmedia":[{"embeddable":true,"href":"https:\/\/caliweedonlineshop.com\/it\/wp-json\/wp\/v2\/media\/544"}],"wp:attachment":[{"href":"https:\/\/caliweedonlineshop.com\/it\/wp-json\/wp\/v2\/media?parent=543"}],"wp:term":[{"taxonomy":"product_brand","embeddable":true,"href":"https:\/\/caliweedonlineshop.com\/it\/wp-json\/wp\/v2\/product_brand?post=543"},{"taxonomy":"product_cat","embeddable":true,"href":"https:\/\/caliweedonlineshop.com\/it\/wp-json\/wp\/v2\/product_cat?post=543"},{"taxonomy":"product_tag","embeddable":true,"href":"https:\/\/caliweedonlineshop.com\/it\/wp-json\/wp\/v2\/product_tag?post=543"}],"curies":[{"name":"wp","href":"https:\/\/api.w.org\/{rel}","templated":true}]}}