{"id":549,"date":"2023-01-14T13:33:35","date_gmt":"2023-01-14T13:33:35","guid":{"rendered":"https:\/\/caliweedonlineshop.com\/?post_type=product&#038;p=549"},"modified":"2023-01-16T06:47:58","modified_gmt":"2023-01-16T06:47:58","slug":"banana-runtz","status":"publish","type":"product","link":"https:\/\/caliweedonlineshop.com\/it\/product\/banana-runtz\/","title":{"rendered":"Banana runtz"},"content":{"rendered":"<h1>Acquista la variet\u00e0 Banana Runtz online in Svezia<\/h1>\n<p>Acquista la variet\u00e0 Banana Runtz online in Svezia. La variet\u00e0 White Runtz \u00e8 fondamentalmente una runtz ricoperta di THC con lo stesso sapore dolce. Le cime sono dense e completamente ricoperte di tricomi. La White Runtz \u00e8 un'erba viola ricoperta di tricomi bianchi. Il nome di questa variet\u00e0 la descrive molto bene. Acquista Banana Runtz online. Acquista Sharklato Runtz a Buenos Aires<\/p>\n<p>Runtz \u00e8 un marchio emergente di marijuana con sede a LOS ANGELES, CALIFORNIA, scoperto dal rapper hip hop \"Yunglb_litt\" che sta portando l'industria della marijuana del 21\u00b0 secolo a un livello completamente diverso. Il marchio esiste dal 2017 in ascesa ma ha avuto un boom all'inizio del 2019, quando il marchio ha escogitato la strategia di rilasciare i diversi sapori del marchio, lo hanno fatto dal co-fondatore lanciando diverse collaborazioni con diversi rapper come Moneybagg Yo, Playboi Carti, Young thugs YSL Gang, Nav, ecc. , dove la fama del rapper funge da importante arma commerciale per aumentare non solo la popolarit\u00e0 del marchio ma anche le vendite. Acquista Banana Runtz Online \u00e8 una variet\u00e0 di cannabis ibrida della California che molti descriverebbero come caramelle, con un profilo terpenico e una gamma estremamente diversificata di genotipi che possono avere un effetto drammatico su di te. Pertanto, \u00e8 molto difficile stabilire se la Banana Runtz sia un ibrido indica o una sativa poich\u00e9 diversi genotipi tendono in direzioni diverse. Ci\u00f2 si riferisce anche ai livelli di THC e CBD misurati in base alla crescita. Acquista funghi magici cubani online.<\/p>\n<h2>Acquista la variet\u00e0 Banana Runtz online in Svezia<\/h2>\n<p>Runtz \u00e8 una variet\u00e0 molto diffusa nella cultura e nella pubblicit\u00e0 dietro il confezionamento di prodotti a base di cannabis tra i fumatori di cannabis.Oltre all'aspetto del bocciolo, i produttori di questa variet\u00e0 hanno chiamato la variet\u00e0 Banana Runtz in base alla sua dolcezza zuccherina, profilo aromatico e gustativo . Una volta completamente essiccato e trattato, i consumatori dovrebbero essere in grado di vedere i colori oltre il verde. Le cime forti e compatte della Runtz mostrano anche una vibrante gamma di colori, dal blu e viola al verde scuro e all'arancio brillante. Mentre la variet\u00e0 Banana Runtz \u00e8 estremamente difficile da trovare, noi semplifichiamo il processo per te. Vendiamo la migliore variet\u00e0 di Banana Runtz disponibile sul mercato.dove comprare erba online <a href=\"https:\/\/caliweedonlineshop.com\/it\/\">wo man Gras online kaufen kann<\/a><\/p>\n<p>Runtz \u00e8 una variet\u00e0 molto diffusa nella cultura e nella pubblicit\u00e0 dietro il confezionamento di prodotti a base di cannabis tra i fumatori di cannabis.Oltre all'aspetto del bocciolo, i produttori di questa variet\u00e0 hanno chiamato la variet\u00e0 Banana Runtz in base alla sua dolcezza zuccherina, profilo aromatico e gustativo . Una volta completamente essiccato e trattato, i consumatori dovrebbero essere in grado di vedere i colori oltre il verde. Le cime forti e compatte della Runtz mostrano anche una vibrante gamma di colori, dal blu e viola al verde scuro e all'arancio brillante. Mentre la variet\u00e0 Banana Runtz \u00e8 estremamente difficile da trovare, noi semplifichiamo il processo per te. Vendiamo la migliore variet\u00e0 di Banana Runtz disponibile sul mercato.dove comprare erba online<\/p>","protected":false},"excerpt":{"rendered":"<p>Il forte effetto indica la rende una variet\u00e0 eccezionale per il trattamento del dolore cronico.<\/p>\n<p>&nbsp;<\/p>","protected":false},"featured_media":550,"comment_status":"open","ping_status":"closed","template":"","meta":{"om_disable_all_campaigns":false,"_monsterinsights_skip_tracking":false,"_monsterinsights_sitenote_active":false,"_monsterinsights_sitenote_note":"","_monsterinsights_sitenote_category":0},"product_brand":[],"product_cat":[245,126,351],"product_tag":[202,253,254,248,249,250,255,257,256,251,252,235],"class_list":{"0":"post-549","1":"product","2":"type-product","3":"status-publish","4":"has-post-thumbnail","6":"product_cat-hybrid-sorten","7":"product_cat-blumen","8":"product_cat-marken-cannabis","9":"product_tag-alice-brownies-online-kaufen-in-new-york","10":"product_tag-banana-runtz-in-new-hampshire-kaufen","11":"product_tag-banana-runtz-in-vermont-kaufen","12":"product_tag-banana-runtz-kaufen","13":"product_tag-banana-runtz-kaufen-in","14":"product_tag-banana-runtz-kaufen-in-alaska","15":"product_tag-banana-runtz-online-kaufen","16":"product_tag-cdb-brownies-online-in-texas-kaufen","17":"product_tag-kaufen-banana-runtz-online-in-texas","18":"product_tag-kaufen-sie-banana-runtz-in-arkansas","19":"product_tag-kaufen-sie-banana-runtz-in-massachusetts","20":"product_tag-kirschtorte-online-kaufen-in-arklohaham","22":"first","23":"instock","24":"shipping-taxable","25":"purchasable","26":"product-type-variable"},"_links":{"self":[{"href":"https:\/\/caliweedonlineshop.com\/it\/wp-json\/wp\/v2\/product\/549","targetHints":{"allow":["GET"]}}],"collection":[{"href":"https:\/\/caliweedonlineshop.com\/it\/wp-json\/wp\/v2\/product"}],"about":[{"href":"https:\/\/caliweedonlineshop.com\/it\/wp-json\/wp\/v2\/types\/product"}],"replies":[{"embeddable":true,"href":"https:\/\/caliweedonlineshop.com\/it\/wp-json\/wp\/v2\/comments?post=549"}],"wp:featuredmedia":[{"embeddable":true,"href":"https:\/\/caliweedonlineshop.com\/it\/wp-json\/wp\/v2\/media\/550"}],"wp:attachment":[{"href":"https:\/\/caliweedonlineshop.com\/it\/wp-json\/wp\/v2\/media?parent=549"}],"wp:term":[{"taxonomy":"product_brand","embeddable":true,"href":"https:\/\/caliweedonlineshop.com\/it\/wp-json\/wp\/v2\/product_brand?post=549"},{"taxonomy":"product_cat","embeddable":true,"href":"https:\/\/caliweedonlineshop.com\/it\/wp-json\/wp\/v2\/product_cat?post=549"},{"taxonomy":"product_tag","embeddable":true,"href":"https:\/\/caliweedonlineshop.com\/it\/wp-json\/wp\/v2\/product_tag?post=549"}],"curies":[{"name":"wp","href":"https:\/\/api.w.org\/{rel}","templated":true}]}}