{"id":555,"date":"2023-01-14T13:42:28","date_gmt":"2023-01-14T13:42:28","guid":{"rendered":"https:\/\/caliweedonlineshop.com\/?post_type=product&#038;p=555"},"modified":"2023-01-16T06:47:32","modified_gmt":"2023-01-16T06:47:32","slug":"biscotti","status":"publish","type":"product","link":"https:\/\/caliweedonlineshop.com\/it\/product\/biscotti\/","title":{"rendered":"biscotti"},"content":{"rendered":"<h1>Acquista biscotti online in Europa<\/h1>\n<p>Acquista biscotti online in Europa. Biscotti \u00e8 una rara variet\u00e0 ibrida a predominanza indica (80% indica\/20% sativa) creata da un delizioso incrocio tra variet\u00e0 classiche Gelato #25 X Girl Scout Cookies X South Florida OG. Se stai cercando un'indica classica con un sapore follemente delizioso, non cercare oltre. Biscotti offre tutto ci\u00f2 che desideri e anche di pi\u00f9 in termini di effetti e sapore in ogni delizioso tiro, il tutto con un livello medio di THC altissimo del 25%. Lo sballo di Biscotti entra in azione con un'ondata di effetti cerebrali che trasportano la tua mente in uno stato puro e distaccato di beatitudine sfocata. Mentre la tua mente si calma, uno sballo fisico calmante si riverser\u00e0 sul tuo corpo, permettendoti di farlo Siediti e rilassati senza preoccuparti del mondo. Questo high diventa rapidamente ridicolo e pietroso. Big Mex Magic Mushroom Online USA.<\/p>\n<p>Acquista biscotti online in Europa. Biscotti Strain Genetics Ordina online. Questa variet\u00e0 \u00e8 stata sviluppata da Cookies Fam. Sostengono di essere i pionieri di molte di queste variet\u00e0 straordinariamente potenti, ed \u00e8 difficile non essere d'accordo. Biscotti \u00e8 un incrocio tra; comprare pietre lunari<\/p>\n<p>Gelato #25<br \/>\nPfadfinderinnen-Kekse<br \/>\nGorilla Glue #4<br \/>\nAnche se \u00e8 difficile dire se questo sia del tutto esatto poich\u00e9 alcune persone dicono che \u00e8 Gelato x South Florida OG, \u00e8 sicuramente una di quelle combo. Gelato \u00e8 una variet\u00e0 Frankenstein a s\u00e9 stante, e Gorilla Glue #4 e Girl Scout Cookies sono due delle variet\u00e0 arrapanti pi\u00f9 famose al mondo. Biscotti \u00e8 una variet\u00e0 eccezionale con forse uno dei migliori profili aromatici del settore. Dove acquistare marijuana online nei Paesi Bassi.<\/p>\n<h2>Acquista biscotti online in Europa<\/h2>\n<p>Questo \u00e8 il vero kicker. Sfortunatamente, poich\u00e9 i semi non sono disponibili online e la variet\u00e0 \u00e8 generalmente molto rara, il prezzo \u00e8 molto alto. Ad Amsterdam, probabilmente dovrai pagare almeno $ 40 al grammo. Sar\u00e0 un po 'pi\u00f9 economico in Nord America, ma ancora non economico, di gran lunga. Un grammo costa almeno $ 25 in una farmacia in California. Ma per la sua forza, probabilmente ne vale la pena. Acquista marijuana online in Polonia<\/p>\n<p>BISCOTTI GUSTO VARIET\u00c0 ERBA<\/p>\n<p>Fruchtig<br \/>\nNussig<br \/>\nW\u00fcrzig<br \/>\nZuckrig<br \/>\nS\u00fc\u00df<br \/>\nBiscotti \u00e8 sicuramente una variet\u00e0 che vorrai provare in un vaporizzatore Flower. Sebbene sia anche una di quelle variet\u00e0 che ha un ottimo sapore, non importa come la fumi, vale sicuramente la pena tirare fuori il tuo fidato vaporizzatore di fiori per questa variet\u00e0. \u00c8 senza dubbio una delle variet\u00e0 con il miglior sapore sul mercato in questo momento e la sua combustione influisce minimamente sul sapore. Quando usi un vaporizzatore, non avviene alcuna combustione e l'elegante profilo aromatico di Biscotti rimane intatto. Se macini prima l'erba, avr\u00e0 un sapore ancora migliore nel tuo vaporizzatore.<\/p>","protected":false},"excerpt":{"rendered":"<p>La genetica Cookies ha radici in molte delle migliori variet\u00e0 sugli scaffali. Molte variet\u00e0 hanno la loro genetica e potresti anche non conoscerle. Quindi, nota che la variet\u00e0 di erba Biscotti \u00e8 un incrocio classico di Cookies di una variet\u00e0 OG meridionale: Gelato # 25 incrociata con South Florida OG.<\/p>\n<p>&nbsp;<\/p>","protected":false},"featured_media":556,"comment_status":"open","ping_status":"closed","template":"","meta":{"om_disable_all_campaigns":false,"_monsterinsights_skip_tracking":false,"_monsterinsights_sitenote_active":false,"_monsterinsights_sitenote_note":"","_monsterinsights_sitenote_category":0},"product_brand":[],"product_cat":[126,245,351],"product_tag":[],"class_list":{"0":"post-555","1":"product","2":"type-product","3":"status-publish","4":"has-post-thumbnail","6":"product_cat-blumen","7":"product_cat-hybrid-sorten","8":"product_cat-marken-cannabis","10":"first","11":"instock","12":"shipping-taxable","13":"purchasable","14":"product-type-variable"},"_links":{"self":[{"href":"https:\/\/caliweedonlineshop.com\/it\/wp-json\/wp\/v2\/product\/555","targetHints":{"allow":["GET"]}}],"collection":[{"href":"https:\/\/caliweedonlineshop.com\/it\/wp-json\/wp\/v2\/product"}],"about":[{"href":"https:\/\/caliweedonlineshop.com\/it\/wp-json\/wp\/v2\/types\/product"}],"replies":[{"embeddable":true,"href":"https:\/\/caliweedonlineshop.com\/it\/wp-json\/wp\/v2\/comments?post=555"}],"wp:featuredmedia":[{"embeddable":true,"href":"https:\/\/caliweedonlineshop.com\/it\/wp-json\/wp\/v2\/media\/556"}],"wp:attachment":[{"href":"https:\/\/caliweedonlineshop.com\/it\/wp-json\/wp\/v2\/media?parent=555"}],"wp:term":[{"taxonomy":"product_brand","embeddable":true,"href":"https:\/\/caliweedonlineshop.com\/it\/wp-json\/wp\/v2\/product_brand?post=555"},{"taxonomy":"product_cat","embeddable":true,"href":"https:\/\/caliweedonlineshop.com\/it\/wp-json\/wp\/v2\/product_cat?post=555"},{"taxonomy":"product_tag","embeddable":true,"href":"https:\/\/caliweedonlineshop.com\/it\/wp-json\/wp\/v2\/product_tag?post=555"}],"curies":[{"name":"wp","href":"https:\/\/api.w.org\/{rel}","templated":true}]}}