{"id":561,"date":"2023-01-14T16:31:58","date_gmt":"2023-01-14T16:31:58","guid":{"rendered":"https:\/\/caliweedonlineshop.com\/?post_type=product&#038;p=561"},"modified":"2023-01-14T16:31:59","modified_gmt":"2023-01-14T16:31:59","slug":"blue-dream","status":"publish","type":"product","link":"https:\/\/caliweedonlineshop.com\/it\/product\/blue-dream\/","title":{"rendered":"Blue Dream"},"content":{"rendered":"<h1>Acquista on line Sogni Blu<\/h1>\n<p>Acquista on line Sogni Blu. Un ibrido a predominanza sativa proveniente dalla California, Blue Dream ha raggiunto uno status leggendario tra le variet\u00e0 della West Coast. Blue Dream \u00e8 un incrocio tra Blueberry e Haze che raggiunge un equilibrio tra rilassamento fisico e un leggero sollevamento cerebrale. Sia i principianti che i consumatori esperti apprezzeranno i dolci effetti della Blue Dream, che indurr\u00e0 dolcemente una calma euforia.<\/p>\n<p>Con un dolce aroma di frutti di bosco che ricorda la sua pianta madre, la Blueberry, la Blue Dream allevia rapidamente i sintomi senza essere eccessivamente sedativa. Questo rende la Blue Dream un popolare farmaco quotidiano per i pazienti che curano dolore, depressione, nausea e altre condizioni che richiedono una variet\u00e0 ricca di THC.<\/p>\n<p>il tipo<\/p>\n<p>Blue Dream \u00e8 una variet\u00e0 ibrida a predominanza sativa originaria della California, patria di meravigliosi fenotipi e dello stesso Golden State. Questa impeccabile variet\u00e0 ibrida ha consolidato la sua reputazione come una delle migliori variet\u00e0 della West Coast di sempre e si trova in cima alla gerarchia della cannabis nonostante sia una variet\u00e0 \"baby\", o fenotipo, nata solo nel moderno 21\u00b0 secolo Blue Dream ha sbalordito molti high profila celebrit\u00e0 ed \u00e8 stata notata da rapper come Juicy J, che ha persino chiamato una canzone dopo la variet\u00e0, Snoop Dogg e il famoso artista e sostenitore della cannabis Willie Nelson, che l'ha elogiata per le sue lodi rumorose inebrianti ma produttive ed energiche.<\/p>\n<h2>Acquista on line Sogni Blu<\/h2>\n<p>Effetti<\/p>\n<p>Blue Dream \u00e8 un incrocio tra Blueberry e Haze. Mentre le sue variet\u00e0 genitrici hanno fenotipi contrastanti, Blue Dream fonde perfettamente lo sballo corporeo calmante e rilassante o il blocco da divano delle variet\u00e0 indica con la natura cerebrale, euforica ed edificante della sua antenata sativa, rendendola una grande variet\u00e0 a tutto tondo. Anche come variet\u00e0 ibrida a predominanza sativa, ha un pugno, vantando una notevole concentrazione media di THC del 20%. Questo alto livello di THC dovrebbe essere preso come precauzione poich\u00e9 l'effetto di questa variet\u00e0 \u00e8 molto forte e colpisce velocemente. Dopo aver fumato, i consumatori noteranno immediatamente che gli effetti della Blue Dream sono diversi da quelli delle altre variet\u00e0. Con una bizzarra armonia tra la sensazione di uno sballo sedativo per tutto il corpo e un motivato, stato mentale euforico e cerebrale, non sorprende che la Blue Dream sia una delle variet\u00e0 pi\u00f9 popolari oggi disponibili. comprare erba online Europa A parte i suoi usi ricreativi, questo ibrido ha anche molti benefici terapeutici. Blue Dream \u00e8 efficace nel trattamento di mal di testa, ansia, depressione, stress e dolori minori.<br \/>\nAspetto e aroma<\/p>\n<p>Blue Dream \u00e8 una bellissima variet\u00e0 ibrida con un fascino straordinario. Anche per essere una variet\u00e0 ibrida a predominanza sativa, ha cime di medie dimensioni con foglie verde brillante e una quantit\u00e0 minima di tricomi o peli arancioni. Questa \u00e8 una pianta facile da coltivare che produce quasi sempre cime dense e dense ricoperte da un bel strato di tricomi di THC. Blue Dream porta molto pi\u00f9 di un bell'aspetto fisico e un fascino da borsa, poich\u00e9 queste cime da sogno mescolano deliziosi sapori di mirtilli dolci e un morbido zucchero terroso o un'essenza simile alla vaniglia.<\/p>","protected":false},"excerpt":{"rendered":"<p>Un ibrido a predominanza sativa originario della California, Blue Dream ha raggiunto uno status leggendario tra le variet\u00e0 della West Coast. Blue Dream \u00e8 un incrocio tra Blueberry e Haze che raggiunge un equilibrio tra rilassamento fisico e un leggero sollevamento cerebrale.<\/p>\n<p>&nbsp;<\/p>","protected":false},"featured_media":562,"comment_status":"open","ping_status":"closed","template":"","meta":{"om_disable_all_campaigns":false,"_monsterinsights_skip_tracking":false,"_monsterinsights_sitenote_active":false,"_monsterinsights_sitenote_note":"","_monsterinsights_sitenote_category":0},"product_brand":[],"product_cat":[245,126],"product_tag":[],"class_list":{"0":"post-561","1":"product","2":"type-product","3":"status-publish","4":"has-post-thumbnail","6":"product_cat-hybrid-sorten","7":"product_cat-blumen","9":"first","10":"instock","11":"shipping-taxable","12":"purchasable","13":"product-type-variable"},"_links":{"self":[{"href":"https:\/\/caliweedonlineshop.com\/it\/wp-json\/wp\/v2\/product\/561","targetHints":{"allow":["GET"]}}],"collection":[{"href":"https:\/\/caliweedonlineshop.com\/it\/wp-json\/wp\/v2\/product"}],"about":[{"href":"https:\/\/caliweedonlineshop.com\/it\/wp-json\/wp\/v2\/types\/product"}],"replies":[{"embeddable":true,"href":"https:\/\/caliweedonlineshop.com\/it\/wp-json\/wp\/v2\/comments?post=561"}],"wp:featuredmedia":[{"embeddable":true,"href":"https:\/\/caliweedonlineshop.com\/it\/wp-json\/wp\/v2\/media\/562"}],"wp:attachment":[{"href":"https:\/\/caliweedonlineshop.com\/it\/wp-json\/wp\/v2\/media?parent=561"}],"wp:term":[{"taxonomy":"product_brand","embeddable":true,"href":"https:\/\/caliweedonlineshop.com\/it\/wp-json\/wp\/v2\/product_brand?post=561"},{"taxonomy":"product_cat","embeddable":true,"href":"https:\/\/caliweedonlineshop.com\/it\/wp-json\/wp\/v2\/product_cat?post=561"},{"taxonomy":"product_tag","embeddable":true,"href":"https:\/\/caliweedonlineshop.com\/it\/wp-json\/wp\/v2\/product_tag?post=561"}],"curies":[{"name":"wp","href":"https:\/\/api.w.org\/{rel}","templated":true}]}}