{"id":567,"date":"2023-01-14T16:37:17","date_gmt":"2023-01-14T16:37:17","guid":{"rendered":"https:\/\/caliweedonlineshop.com\/?post_type=product&#038;p=567"},"modified":"2023-01-16T06:47:21","modified_gmt":"2023-01-16T06:47:21","slug":"blueberry","status":"publish","type":"product","link":"https:\/\/caliweedonlineshop.com\/it\/product\/blueberry\/","title":{"rendered":"Blueberry"},"content":{"rendered":"<h1>Acquista la variet\u00e0 di marijuana Blueberry online in Germania<\/h1>\n<p>Acquista la variet\u00e0 di marijuana Blueberry online in Germania. La mirtillo \u00e8 un'indica popolare e saporita<a href=\"https:\/\/caliweedonlineshop.com\/index.php\/product-category\/blumen\/hybrid-sorten\/\">Hybrid<\/a> con una forte spina dorsale genetica. \u00c8 un incrocio a tre vie tra un genitore Indica Afghani e genitori di varianti Sativa Thai e Purple Thai. Blueberry \u00e8 stato originariamente sviluppato negli anni '70 o '80 da DJ Short, un allevatore riservato ma prolifico soprannominato il \"Willy Wonka of the Pot\". La Blueberry presenta un caratteristico odore e sapore di mirtilli freschi che l'hanno resa una delle preferite di tutti i tempi. Il mirtillo \u00e8 popolare a livello nazionale. Ha ricevuto il massimo dei voti come Migliore Indica e Migliore Variet\u00e0 Complessiva alla High Times Cannabis Cup del 2000. Il mirtillo ha un contenuto di THC compreso tra il 15% e il 24%. La Blueberry \u00e8 una variet\u00e0 degli anni '70 ancora molto popolare. Questa deliziosa indica ha un carattere calmo, effetto rilassante ed euforico. \u00c8 una variet\u00e0 pluripremiata creata per la prima volta dal leggendario DJ Short. Mirtillo.<br \/>\nBlueberry \u00e8 una classica variet\u00e0 di marijuana indica creata dal leggendario <a href=\"https:\/\/twitter.com\/djshort?ref_src=twsrc%5Egoogle%7Ctwcamp%5Eserp%7Ctwgr%5Eauthor\" target=\"_blank\" rel=\"noopener\">DJ Short<\/a> \u00e8 stato allevato. Acquista la variet\u00e0 di marijuana Blueberry online in Germania.<\/p>","protected":false},"excerpt":{"rendered":"<p>I mirtilli possono essere coltivati \u200b\u200bsia all'interno che all'esterno, ma la coltivazione all'aperto richiede condizioni restrittive come umidit\u00e0 moderata e temperature diurne costanti tra 72 e 80 gradi Fahrenheit.<\/p>\n<p>&nbsp;<\/p>","protected":false},"featured_media":568,"comment_status":"open","ping_status":"closed","template":"","meta":{"om_disable_all_campaigns":false,"_monsterinsights_skip_tracking":false,"_monsterinsights_sitenote_active":false,"_monsterinsights_sitenote_note":"","_monsterinsights_sitenote_category":0},"product_brand":[],"product_cat":[126,245,351],"product_tag":[],"class_list":{"0":"post-567","1":"product","2":"type-product","3":"status-publish","4":"has-post-thumbnail","6":"product_cat-blumen","7":"product_cat-hybrid-sorten","8":"product_cat-marken-cannabis","10":"first","11":"instock","12":"shipping-taxable","13":"purchasable","14":"product-type-variable"},"_links":{"self":[{"href":"https:\/\/caliweedonlineshop.com\/it\/wp-json\/wp\/v2\/product\/567","targetHints":{"allow":["GET"]}}],"collection":[{"href":"https:\/\/caliweedonlineshop.com\/it\/wp-json\/wp\/v2\/product"}],"about":[{"href":"https:\/\/caliweedonlineshop.com\/it\/wp-json\/wp\/v2\/types\/product"}],"replies":[{"embeddable":true,"href":"https:\/\/caliweedonlineshop.com\/it\/wp-json\/wp\/v2\/comments?post=567"}],"wp:featuredmedia":[{"embeddable":true,"href":"https:\/\/caliweedonlineshop.com\/it\/wp-json\/wp\/v2\/media\/568"}],"wp:attachment":[{"href":"https:\/\/caliweedonlineshop.com\/it\/wp-json\/wp\/v2\/media?parent=567"}],"wp:term":[{"taxonomy":"product_brand","embeddable":true,"href":"https:\/\/caliweedonlineshop.com\/it\/wp-json\/wp\/v2\/product_brand?post=567"},{"taxonomy":"product_cat","embeddable":true,"href":"https:\/\/caliweedonlineshop.com\/it\/wp-json\/wp\/v2\/product_cat?post=567"},{"taxonomy":"product_tag","embeddable":true,"href":"https:\/\/caliweedonlineshop.com\/it\/wp-json\/wp\/v2\/product_tag?post=567"}],"curies":[{"name":"wp","href":"https:\/\/api.w.org\/{rel}","templated":true}]}}